{"id":3909,"date":"2025-09-09T06:51:58","date_gmt":"2025-09-09T06:51:58","guid":{"rendered":"https:\/\/englanderscr.al\/?post_type=product&#038;p=3909"},"modified":"2025-09-09T07:02:51","modified_gmt":"2025-09-09T07:02:51","slug":"aplikim-per-e-visa-uk","status":"publish","type":"product","link":"https:\/\/englanderscr.al\/al\/product\/aplikim-per-e-visa-uk\/","title":{"rendered":"Aplikim p\u00ebr E-VISA UK"},"content":{"rendered":"","protected":false},"excerpt":{"rendered":"<p><strong>E- Visa n\u00eb Mbret\u00ebrin\u00eb e Bashkuar<\/strong>\u00ebsht\u00eb e detyrueshme pas konfirmimit t\u00eb viz\u00ebs por p\u00ebrpara udh\u00ebtimit p\u00ebr kategori t\u00eb caktuara vizash si <strong>student, leje pune, dhe t\u00eb tjera.<\/strong><\/p>\n<ul>\n<li>sh\u00ebrbim i specializuar p\u00ebr aplikimin e vizave elektronike (eVisa) sipas k\u00ebrkesave t\u00eb emigracionit n\u00eb Mbret\u00ebrin\u00eb e Bashkuar.<\/li>\n<li>p\u00ebrfshin logim online dhe aplikim,<\/li>\n<li>udh\u00ebzime p\u00ebr p\u00ebrshkrimin e hapave,<\/li>\n<li>p\u00ebrftimin e share code p\u00ebr verifikim,<\/li>\n<li>si dhe procesin e identifikimit biometrik.<\/li>\n<\/ul>\n<h4><strong>Pritja e Vendimit<\/strong><\/h4>\n<ul>\n<li>Koha p\u00ebr p\u00ebrpunimin e viz\u00ebs \u00ebsht\u00eb zakonisht <strong>24-48 or\u00eb.<\/strong><\/li>\n<li>Mund t\u00eb aplikohet nga UK ose nga Shqip\u00ebria<\/li>\n<\/ul>\n<p>&nbsp;<\/p>\n<p>&nbsp;<\/p>\n<h3>Kosto e sherbimit: 100 GBP (pound)<\/h3>\n<p>&nbsp;<\/p>\n<p><strong>Banka Kombetare Tregtare<\/strong><\/p>\n<p><strong>GBP account:\u00a0<\/strong>501884708 CLTJCF2<\/p>\n<p><strong>Swift\u00a0<\/strong>NCBAALTX,<\/p>\n<p>IBAN: AL25 2051 1519 8847 08CL TJCF GBPY<\/p>","protected":false},"featured_media":3910,"comment_status":"closed","ping_status":"closed","template":"","meta":[],"product_cat":[29],"product_tag":[],"class_list":{"0":"post-3909","1":"product","2":"type-product","3":"status-publish","4":"has-post-thumbnail","6":"product_cat-uncategorized","8":"first","9":"instock","10":"shipping-taxable","11":"product-type-simple"},"yoast_head":"<!-- This site is optimized with the Yoast SEO plugin v24.0 - https:\/\/yoast.com\/wordpress\/plugins\/seo\/ -->\n<title>Aplikim p\u00ebr E-VISA UK - Englanderscr<\/title>\n<meta name=\"description\" content=\"Graduate Visa n\u00eb Mbret\u00ebrin\u00eb e Bashkuar \u00ebsht\u00eb nj\u00eb kategori vizash q\u00eb u lejon student\u00ebve nd\u00ebrkomb\u00ebtar\u00eb, t\u00eb cil\u00ebt kan\u00eb p\u00ebrfunduar nj\u00eb diplom\u00eb universitare n\u00eb Mbret\u00ebrin\u00eb e Bashkuar, t\u00eb q\u00ebndrojn\u00eb dhe t\u00eb punojn\u00eb n\u00eb vend p\u00ebr nj\u00eb periudh\u00eb t\u00eb kufizuar kohore.\" \/>\n<meta name=\"robots\" content=\"index, follow, max-snippet:-1, max-image-preview:large, max-video-preview:-1\" \/>\n<link rel=\"canonical\" href=\"https:\/\/englanderscr.al\/al\/produkt\/aplikim-per-e-visa-uk\/\" \/>\n<meta property=\"og:locale\" content=\"sq_AL\" \/>\n<meta property=\"og:type\" content=\"article\" \/>\n<meta property=\"og:title\" content=\"Aplikim p\u00ebr E-VISA UK - Englanderscr\" \/>\n<meta property=\"og:description\" content=\"Graduate Visa n\u00eb Mbret\u00ebrin\u00eb e Bashkuar \u00ebsht\u00eb nj\u00eb kategori vizash q\u00eb u lejon student\u00ebve nd\u00ebrkomb\u00ebtar\u00eb, t\u00eb cil\u00ebt kan\u00eb p\u00ebrfunduar nj\u00eb diplom\u00eb universitare n\u00eb Mbret\u00ebrin\u00eb e Bashkuar, t\u00eb q\u00ebndrojn\u00eb dhe t\u00eb punojn\u00eb n\u00eb vend p\u00ebr nj\u00eb periudh\u00eb t\u00eb kufizuar kohore.\" \/>\n<meta property=\"og:url\" content=\"https:\/\/englanderscr.al\/al\/produkt\/aplikim-per-e-visa-uk\/\" \/>\n<meta property=\"og:site_name\" content=\"Englanderscr\" \/>\n<meta property=\"article:modified_time\" content=\"2025-09-09T07:02:51+00:00\" \/>\n<meta property=\"og:image\" content=\"https:\/\/englanderscr.al\/wp-content\/uploads\/2025\/09\/viza-turistike.png\" \/>\n\t<meta property=\"og:image:width\" content=\"1080\" \/>\n\t<meta property=\"og:image:height\" content=\"1080\" \/>\n\t<meta property=\"og:image:type\" content=\"image\/png\" \/>\n<meta name=\"twitter:card\" content=\"summary_large_image\" \/>\n<meta name=\"twitter:label1\" content=\"Est. reading time\" \/>\n\t<meta name=\"twitter:data1\" content=\"1 minut\u00eb\" \/>\n<script type=\"application\/ld+json\" class=\"yoast-schema-graph\">{\"@context\":\"https:\/\/schema.org\",\"@graph\":[{\"@type\":\"WebPage\",\"@id\":\"https:\/\/englanderscr.al\/product\/aplikim-per-e-visa-uk\/\",\"url\":\"https:\/\/englanderscr.al\/product\/aplikim-per-e-visa-uk\/\",\"name\":\"Aplikim p\u00ebr E-VISA UK - Englanderscr\",\"isPartOf\":{\"@id\":\"https:\/\/englanderscr.al\/#website\"},\"primaryImageOfPage\":{\"@id\":\"https:\/\/englanderscr.al\/product\/aplikim-per-e-visa-uk\/#primaryimage\"},\"image\":{\"@id\":\"https:\/\/englanderscr.al\/product\/aplikim-per-e-visa-uk\/#primaryimage\"},\"thumbnailUrl\":\"https:\/\/englanderscr.al\/wp-content\/uploads\/2025\/09\/viza-turistike.png\",\"datePublished\":\"2025-09-09T06:51:58+00:00\",\"dateModified\":\"2025-09-09T07:02:51+00:00\",\"description\":\"Graduate Visa n\u00eb Mbret\u00ebrin\u00eb e Bashkuar \u00ebsht\u00eb nj\u00eb kategori vizash q\u00eb u lejon student\u00ebve nd\u00ebrkomb\u00ebtar\u00eb, t\u00eb cil\u00ebt kan\u00eb p\u00ebrfunduar nj\u00eb diplom\u00eb universitare n\u00eb Mbret\u00ebrin\u00eb e Bashkuar, t\u00eb q\u00ebndrojn\u00eb dhe t\u00eb punojn\u00eb n\u00eb vend p\u00ebr nj\u00eb periudh\u00eb t\u00eb kufizuar kohore.\",\"breadcrumb\":{\"@id\":\"https:\/\/englanderscr.al\/product\/aplikim-per-e-visa-uk\/#breadcrumb\"},\"inLanguage\":\"sq\",\"potentialAction\":[{\"@type\":\"ReadAction\",\"target\":[\"https:\/\/englanderscr.al\/product\/aplikim-per-e-visa-uk\/\"]}]},{\"@type\":\"ImageObject\",\"inLanguage\":\"sq\",\"@id\":\"https:\/\/englanderscr.al\/product\/aplikim-per-e-visa-uk\/#primaryimage\",\"url\":\"https:\/\/englanderscr.al\/wp-content\/uploads\/2025\/09\/viza-turistike.png\",\"contentUrl\":\"https:\/\/englanderscr.al\/wp-content\/uploads\/2025\/09\/viza-turistike.png\",\"width\":1080,\"height\":1080,\"caption\":\"E Visa Uk\"},{\"@type\":\"BreadcrumbList\",\"@id\":\"https:\/\/englanderscr.al\/product\/aplikim-per-e-visa-uk\/#breadcrumb\",\"itemListElement\":[{\"@type\":\"ListItem\",\"position\":1,\"name\":\"Home\",\"item\":\"https:\/\/englanderscr.al\/\"},{\"@type\":\"ListItem\",\"position\":2,\"name\":\"Shop\",\"item\":\"https:\/\/englanderscr.al\/shop\/\"},{\"@type\":\"ListItem\",\"position\":3,\"name\":\"Aplikim p\u00ebr E-VISA UK\"}]},{\"@type\":\"WebSite\",\"@id\":\"https:\/\/englanderscr.al\/#website\",\"url\":\"https:\/\/englanderscr.al\/\",\"name\":\"Englanderscr\",\"description\":\"EnglandersCR offer the best of the British and international experience for Albanian youth and professionals\",\"publisher\":{\"@id\":\"https:\/\/englanderscr.al\/#organization\"},\"potentialAction\":[{\"@type\":\"SearchAction\",\"target\":{\"@type\":\"EntryPoint\",\"urlTemplate\":\"https:\/\/englanderscr.al\/?s={search_term_string}\"},\"query-input\":{\"@type\":\"PropertyValueSpecification\",\"valueRequired\":true,\"valueName\":\"search_term_string\"}}],\"inLanguage\":\"sq\"},{\"@type\":\"Organization\",\"@id\":\"https:\/\/englanderscr.al\/#organization\",\"name\":\"Englanderscr\",\"url\":\"https:\/\/englanderscr.al\/\",\"logo\":{\"@type\":\"ImageObject\",\"inLanguage\":\"sq\",\"@id\":\"https:\/\/englanderscr.al\/#\/schema\/logo\/image\/\",\"url\":\"https:\/\/englanderscr.al\/wp-content\/uploads\/2023\/03\/cropped-New-Project-1-1.png\",\"contentUrl\":\"https:\/\/englanderscr.al\/wp-content\/uploads\/2023\/03\/cropped-New-Project-1-1.png\",\"width\":228,\"height\":150,\"caption\":\"Englanderscr\"},\"image\":{\"@id\":\"https:\/\/englanderscr.al\/#\/schema\/logo\/image\/\"}}]}<\/script>\n<!-- \/ Yoast SEO plugin. -->","yoast_head_json":{"title":"Aplikim p\u00ebr E-VISA UK - Englanderscr","description":"Graduate Visa n\u00eb Mbret\u00ebrin\u00eb e Bashkuar \u00ebsht\u00eb nj\u00eb kategori vizash q\u00eb u lejon student\u00ebve nd\u00ebrkomb\u00ebtar\u00eb, t\u00eb cil\u00ebt kan\u00eb p\u00ebrfunduar nj\u00eb diplom\u00eb universitare n\u00eb Mbret\u00ebrin\u00eb e Bashkuar, t\u00eb q\u00ebndrojn\u00eb dhe t\u00eb punojn\u00eb n\u00eb vend p\u00ebr nj\u00eb periudh\u00eb t\u00eb kufizuar kohore.","robots":{"index":"index","follow":"follow","max-snippet":"max-snippet:-1","max-image-preview":"max-image-preview:large","max-video-preview":"max-video-preview:-1"},"canonical":"https:\/\/englanderscr.al\/al\/produkt\/aplikim-per-e-visa-uk\/","og_locale":"sq_AL","og_type":"article","og_title":"Aplikim p\u00ebr E-VISA UK - Englanderscr","og_description":"Graduate Visa n\u00eb Mbret\u00ebrin\u00eb e Bashkuar \u00ebsht\u00eb nj\u00eb kategori vizash q\u00eb u lejon student\u00ebve nd\u00ebrkomb\u00ebtar\u00eb, t\u00eb cil\u00ebt kan\u00eb p\u00ebrfunduar nj\u00eb diplom\u00eb universitare n\u00eb Mbret\u00ebrin\u00eb e Bashkuar, t\u00eb q\u00ebndrojn\u00eb dhe t\u00eb punojn\u00eb n\u00eb vend p\u00ebr nj\u00eb periudh\u00eb t\u00eb kufizuar kohore.","og_url":"https:\/\/englanderscr.al\/al\/produkt\/aplikim-per-e-visa-uk\/","og_site_name":"Englanderscr","article_modified_time":"2025-09-09T07:02:51+00:00","og_image":[{"width":1080,"height":1080,"url":"https:\/\/englanderscr.al\/wp-content\/uploads\/2025\/09\/viza-turistike.png","type":"image\/png"}],"twitter_card":"summary_large_image","twitter_misc":{"Est. reading time":"1 minut\u00eb"},"schema":{"@context":"https:\/\/schema.org","@graph":[{"@type":"WebPage","@id":"https:\/\/englanderscr.al\/product\/aplikim-per-e-visa-uk\/","url":"https:\/\/englanderscr.al\/product\/aplikim-per-e-visa-uk\/","name":"Aplikim p\u00ebr E-VISA UK - Englanderscr","isPartOf":{"@id":"https:\/\/englanderscr.al\/#website"},"primaryImageOfPage":{"@id":"https:\/\/englanderscr.al\/product\/aplikim-per-e-visa-uk\/#primaryimage"},"image":{"@id":"https:\/\/englanderscr.al\/product\/aplikim-per-e-visa-uk\/#primaryimage"},"thumbnailUrl":"https:\/\/englanderscr.al\/wp-content\/uploads\/2025\/09\/viza-turistike.png","datePublished":"2025-09-09T06:51:58+00:00","dateModified":"2025-09-09T07:02:51+00:00","description":"Graduate Visa n\u00eb Mbret\u00ebrin\u00eb e Bashkuar \u00ebsht\u00eb nj\u00eb kategori vizash q\u00eb u lejon student\u00ebve nd\u00ebrkomb\u00ebtar\u00eb, t\u00eb cil\u00ebt kan\u00eb p\u00ebrfunduar nj\u00eb diplom\u00eb universitare n\u00eb Mbret\u00ebrin\u00eb e Bashkuar, t\u00eb q\u00ebndrojn\u00eb dhe t\u00eb punojn\u00eb n\u00eb vend p\u00ebr nj\u00eb periudh\u00eb t\u00eb kufizuar kohore.","breadcrumb":{"@id":"https:\/\/englanderscr.al\/product\/aplikim-per-e-visa-uk\/#breadcrumb"},"inLanguage":"sq","potentialAction":[{"@type":"ReadAction","target":["https:\/\/englanderscr.al\/product\/aplikim-per-e-visa-uk\/"]}]},{"@type":"ImageObject","inLanguage":"sq","@id":"https:\/\/englanderscr.al\/product\/aplikim-per-e-visa-uk\/#primaryimage","url":"https:\/\/englanderscr.al\/wp-content\/uploads\/2025\/09\/viza-turistike.png","contentUrl":"https:\/\/englanderscr.al\/wp-content\/uploads\/2025\/09\/viza-turistike.png","width":1080,"height":1080,"caption":"E Visa Uk"},{"@type":"BreadcrumbList","@id":"https:\/\/englanderscr.al\/product\/aplikim-per-e-visa-uk\/#breadcrumb","itemListElement":[{"@type":"ListItem","position":1,"name":"Home","item":"https:\/\/englanderscr.al\/"},{"@type":"ListItem","position":2,"name":"Shop","item":"https:\/\/englanderscr.al\/shop\/"},{"@type":"ListItem","position":3,"name":"Aplikim p\u00ebr E-VISA UK"}]},{"@type":"WebSite","@id":"https:\/\/englanderscr.al\/#website","url":"https:\/\/englanderscr.al\/","name":"Englanderscr","description":"EnglandersCR offer the best of the British and international experience for Albanian youth and professionals","publisher":{"@id":"https:\/\/englanderscr.al\/#organization"},"potentialAction":[{"@type":"SearchAction","target":{"@type":"EntryPoint","urlTemplate":"https:\/\/englanderscr.al\/?s={search_term_string}"},"query-input":{"@type":"PropertyValueSpecification","valueRequired":true,"valueName":"search_term_string"}}],"inLanguage":"sq"},{"@type":"Organization","@id":"https:\/\/englanderscr.al\/#organization","name":"Englanderscr","url":"https:\/\/englanderscr.al\/","logo":{"@type":"ImageObject","inLanguage":"sq","@id":"https:\/\/englanderscr.al\/#\/schema\/logo\/image\/","url":"https:\/\/englanderscr.al\/wp-content\/uploads\/2023\/03\/cropped-New-Project-1-1.png","contentUrl":"https:\/\/englanderscr.al\/wp-content\/uploads\/2023\/03\/cropped-New-Project-1-1.png","width":228,"height":150,"caption":"Englanderscr"},"image":{"@id":"https:\/\/englanderscr.al\/#\/schema\/logo\/image\/"}}]}},"_links":{"self":[{"href":"https:\/\/englanderscr.al\/al\/wp-json\/wp\/v2\/product\/3909","targetHints":{"allow":["GET"]}}],"collection":[{"href":"https:\/\/englanderscr.al\/al\/wp-json\/wp\/v2\/product"}],"about":[{"href":"https:\/\/englanderscr.al\/al\/wp-json\/wp\/v2\/types\/product"}],"replies":[{"embeddable":true,"href":"https:\/\/englanderscr.al\/al\/wp-json\/wp\/v2\/comments?post=3909"}],"wp:featuredmedia":[{"embeddable":true,"href":"https:\/\/englanderscr.al\/al\/wp-json\/wp\/v2\/media\/3910"}],"wp:attachment":[{"href":"https:\/\/englanderscr.al\/al\/wp-json\/wp\/v2\/media?parent=3909"}],"wp:term":[{"taxonomy":"product_cat","embeddable":true,"href":"https:\/\/englanderscr.al\/al\/wp-json\/wp\/v2\/product_cat?post=3909"},{"taxonomy":"product_tag","embeddable":true,"href":"https:\/\/englanderscr.al\/al\/wp-json\/wp\/v2\/product_tag?post=3909"}],"curies":[{"name":"wp","href":"https:\/\/api.w.org\/{rel}","templated":true}]}}