{"id":3486,"date":"2024-05-21T08:00:34","date_gmt":"2024-05-21T08:00:34","guid":{"rendered":"https:\/\/englanderscr.al\/?post_type=product&#038;p=3486"},"modified":"2025-01-06T12:09:04","modified_gmt":"2025-01-06T12:09:04","slug":"vize-kandeze-turistike-dhe-studenti","status":"publish","type":"product","link":"https:\/\/englanderscr.al\/al\/product\/vize-kandeze-turistike-dhe-studenti\/","title":{"rendered":"Viz\u00eb Kandeze Turistike ose Studenti"},"content":{"rendered":"<ol>\n<li><strong>vize turistike \/30000 L<\/strong><\/li>\n<li><strong>vize studenti \/ 26000 L<\/strong><\/li>\n<li><strong>vize pune \/ 96000 L<\/strong><\/li>\n<li><strong>vize bashkim familjar<\/strong><\/li>\n<\/ol>","protected":false},"excerpt":{"rendered":"<p>Procesi i aplikimit p\u00ebr viz\u00eb turistike p\u00ebrfshin disa hapa t\u00eb r\u00ebnd\u00ebsish\u00ebm dhe k\u00ebrkesa specifike q\u00eb variojn\u00eb n\u00eb var\u00ebsi t\u00eb vendit t\u00eb destinacionit.<\/p>\n<ul>\n<li><strong>Identifikimi i k\u00ebrkesave specifike t\u00eb viz\u00ebs<\/strong><\/li>\n<li><strong>Plot\u00ebsimi i formularit t\u00eb aplikimit<\/strong><\/li>\n<li><strong>Grumbullimi i dokumenteve t\u00eb nevojshme<\/strong><\/li>\n<li><strong>Caktimi i dates se paraqitjes p\u00ebr aplikim ne Ambasade <\/strong><\/li>\n<\/ul>\n<p>Ne te gjitha \u00e7mimet qe kane lidhje me procedurat e konsullates Kanadeze perfshihet sherbimi i perkthimit por jo me shume se 6 faqe per dosje aplikimi.<\/p>\n<p>Pertej ketij numri nje tarife prej 1.000 ALL\/faqe te perkthyer do te aplikohet.<\/p>\n<h3><strong>5<\/strong><strong>00 CAD (Dollare Kanadez)<\/strong><\/h3>\n<p>&nbsp;<\/p>\n<p><strong>Bank details Englanders CR: <\/strong><\/p>\n<p><strong>BKT &#8211; Banka Kombetare Tregtare<\/strong><\/p>\n<p><strong>CAD account: <\/strong>501884708 CLTJCF CAD CB<\/p>\n<p><strong>Swift <\/strong>NCBAALTX,<\/p>\n<p><strong>IBAN:<\/strong> AL25 2051 1519 8847 08CL TJCF CADC<\/p>\n<p>&nbsp;<\/p>\n<p>&nbsp;<\/p>\n<p>&nbsp;<\/p>","protected":false},"featured_media":3487,"comment_status":"closed","ping_status":"closed","template":"","meta":[],"product_cat":[29],"product_tag":[],"class_list":{"0":"post-3486","1":"product","2":"type-product","3":"status-publish","4":"has-post-thumbnail","6":"product_cat-uncategorized","8":"first","9":"instock","10":"shipping-taxable","11":"product-type-simple"},"yoast_head":"<!-- This site is optimized with the Yoast SEO plugin v24.0 - https:\/\/yoast.com\/wordpress\/plugins\/seo\/ -->\n<title>Viz\u00eb Kandeze Turistike ose Studenti - Englanderscr<\/title>\n<meta name=\"robots\" content=\"index, follow, max-snippet:-1, max-image-preview:large, max-video-preview:-1\" \/>\n<link rel=\"canonical\" href=\"https:\/\/englanderscr.al\/al\/produkt\/vize-kandeze-turistike-dhe-studenti\/\" \/>\n<meta property=\"og:locale\" content=\"sq_AL\" \/>\n<meta property=\"og:type\" content=\"article\" \/>\n<meta property=\"og:title\" content=\"Viz\u00eb Kandeze Turistike ose Studenti - Englanderscr\" \/>\n<meta property=\"og:description\" content=\"Procesi i aplikimit p\u00ebr viz\u00eb turistike p\u00ebrfshin disa hapa t\u00eb r\u00ebnd\u00ebsish\u00ebm dhe k\u00ebrkesa specifike q\u00eb variojn\u00eb n\u00eb var\u00ebsi t\u00eb vendit t\u00eb destinacionit.   Identifikimi i k\u00ebrkesave specifike t\u00eb viz\u00ebs  Plot\u00ebsimi i formularit t\u00eb aplikimit  Grumbullimi i dokumenteve t\u00eb nevojshme  Caktimi i dates se paraqitjes p\u00ebr aplikim ne Ambasade   Ne te gjitha \u00e7mimet qe kane lidhje me procedurat e konsullates Kanadeze perfshihet sherbimi i perkthimit por jo me shume se 6 faqe per dosje aplikimi.  Pertej ketij numri nje tarife prej 1.000 ALL\/faqe te perkthyer do te aplikohet. 500 CAD (Dollare Kanadez) &nbsp;  Bank details Englanders CR:   BKT - Banka Kombetare Tregtare  CAD account: 501884708 CLTJCF CAD CB  Swift NCBAALTX,  IBAN: AL25 2051 1519 8847 08CL TJCF CADC  &nbsp;  &nbsp;  &nbsp;\" \/>\n<meta property=\"og:url\" content=\"https:\/\/englanderscr.al\/al\/produkt\/vize-kandeze-turistike-dhe-studenti\/\" \/>\n<meta property=\"og:site_name\" content=\"Englanderscr\" \/>\n<meta property=\"article:modified_time\" content=\"2025-01-06T12:09:04+00:00\" \/>\n<meta property=\"og:image\" content=\"https:\/\/englanderscr.al\/wp-content\/uploads\/2024\/05\/viza-turistike.png\" \/>\n\t<meta property=\"og:image:width\" content=\"1080\" \/>\n\t<meta property=\"og:image:height\" content=\"1080\" \/>\n\t<meta property=\"og:image:type\" content=\"image\/png\" \/>\n<meta name=\"twitter:card\" content=\"summary_large_image\" \/>\n<meta name=\"twitter:label1\" content=\"Est. reading time\" \/>\n\t<meta name=\"twitter:data1\" content=\"1 minut\u00eb\" \/>\n<script type=\"application\/ld+json\" class=\"yoast-schema-graph\">{\"@context\":\"https:\/\/schema.org\",\"@graph\":[{\"@type\":\"WebPage\",\"@id\":\"https:\/\/englanderscr.al\/product\/vize-kandeze-turistike-dhe-studenti\/\",\"url\":\"https:\/\/englanderscr.al\/product\/vize-kandeze-turistike-dhe-studenti\/\",\"name\":\"Viz\u00eb Kandeze Turistike ose Studenti - Englanderscr\",\"isPartOf\":{\"@id\":\"https:\/\/englanderscr.al\/#website\"},\"primaryImageOfPage\":{\"@id\":\"https:\/\/englanderscr.al\/product\/vize-kandeze-turistike-dhe-studenti\/#primaryimage\"},\"image\":{\"@id\":\"https:\/\/englanderscr.al\/product\/vize-kandeze-turistike-dhe-studenti\/#primaryimage\"},\"thumbnailUrl\":\"https:\/\/englanderscr.al\/wp-content\/uploads\/2024\/05\/viza-turistike.png\",\"datePublished\":\"2024-05-21T08:00:34+00:00\",\"dateModified\":\"2025-01-06T12:09:04+00:00\",\"breadcrumb\":{\"@id\":\"https:\/\/englanderscr.al\/product\/vize-kandeze-turistike-dhe-studenti\/#breadcrumb\"},\"inLanguage\":\"sq\",\"potentialAction\":[{\"@type\":\"ReadAction\",\"target\":[\"https:\/\/englanderscr.al\/product\/vize-kandeze-turistike-dhe-studenti\/\"]}]},{\"@type\":\"ImageObject\",\"inLanguage\":\"sq\",\"@id\":\"https:\/\/englanderscr.al\/product\/vize-kandeze-turistike-dhe-studenti\/#primaryimage\",\"url\":\"https:\/\/englanderscr.al\/wp-content\/uploads\/2024\/05\/viza-turistike.png\",\"contentUrl\":\"https:\/\/englanderscr.al\/wp-content\/uploads\/2024\/05\/viza-turistike.png\",\"width\":1080,\"height\":1080},{\"@type\":\"BreadcrumbList\",\"@id\":\"https:\/\/englanderscr.al\/product\/vize-kandeze-turistike-dhe-studenti\/#breadcrumb\",\"itemListElement\":[{\"@type\":\"ListItem\",\"position\":1,\"name\":\"Home\",\"item\":\"https:\/\/englanderscr.al\/\"},{\"@type\":\"ListItem\",\"position\":2,\"name\":\"Shop\",\"item\":\"https:\/\/englanderscr.al\/shop\/\"},{\"@type\":\"ListItem\",\"position\":3,\"name\":\"Viz\u00eb Kandeze Turistike ose Studenti\"}]},{\"@type\":\"WebSite\",\"@id\":\"https:\/\/englanderscr.al\/#website\",\"url\":\"https:\/\/englanderscr.al\/\",\"name\":\"Englanderscr\",\"description\":\"EnglandersCR offer the best of the British and international experience for Albanian youth and professionals\",\"publisher\":{\"@id\":\"https:\/\/englanderscr.al\/#organization\"},\"potentialAction\":[{\"@type\":\"SearchAction\",\"target\":{\"@type\":\"EntryPoint\",\"urlTemplate\":\"https:\/\/englanderscr.al\/?s={search_term_string}\"},\"query-input\":{\"@type\":\"PropertyValueSpecification\",\"valueRequired\":true,\"valueName\":\"search_term_string\"}}],\"inLanguage\":\"sq\"},{\"@type\":\"Organization\",\"@id\":\"https:\/\/englanderscr.al\/#organization\",\"name\":\"Englanderscr\",\"url\":\"https:\/\/englanderscr.al\/\",\"logo\":{\"@type\":\"ImageObject\",\"inLanguage\":\"sq\",\"@id\":\"https:\/\/englanderscr.al\/#\/schema\/logo\/image\/\",\"url\":\"https:\/\/englanderscr.al\/wp-content\/uploads\/2023\/03\/cropped-New-Project-1-1.png\",\"contentUrl\":\"https:\/\/englanderscr.al\/wp-content\/uploads\/2023\/03\/cropped-New-Project-1-1.png\",\"width\":228,\"height\":150,\"caption\":\"Englanderscr\"},\"image\":{\"@id\":\"https:\/\/englanderscr.al\/#\/schema\/logo\/image\/\"}}]}<\/script>\n<!-- \/ Yoast SEO plugin. -->","yoast_head_json":{"title":"Viz\u00eb Kandeze Turistike ose Studenti - Englanderscr","robots":{"index":"index","follow":"follow","max-snippet":"max-snippet:-1","max-image-preview":"max-image-preview:large","max-video-preview":"max-video-preview:-1"},"canonical":"https:\/\/englanderscr.al\/al\/produkt\/vize-kandeze-turistike-dhe-studenti\/","og_locale":"sq_AL","og_type":"article","og_title":"Viz\u00eb Kandeze Turistike ose Studenti - Englanderscr","og_description":"Procesi i aplikimit p\u00ebr viz\u00eb turistike p\u00ebrfshin disa hapa t\u00eb r\u00ebnd\u00ebsish\u00ebm dhe k\u00ebrkesa specifike q\u00eb variojn\u00eb n\u00eb var\u00ebsi t\u00eb vendit t\u00eb destinacionit.   Identifikimi i k\u00ebrkesave specifike t\u00eb viz\u00ebs  Plot\u00ebsimi i formularit t\u00eb aplikimit  Grumbullimi i dokumenteve t\u00eb nevojshme  Caktimi i dates se paraqitjes p\u00ebr aplikim ne Ambasade   Ne te gjitha \u00e7mimet qe kane lidhje me procedurat e konsullates Kanadeze perfshihet sherbimi i perkthimit por jo me shume se 6 faqe per dosje aplikimi.  Pertej ketij numri nje tarife prej 1.000 ALL\/faqe te perkthyer do te aplikohet. 500 CAD (Dollare Kanadez) &nbsp;  Bank details Englanders CR:   BKT - Banka Kombetare Tregtare  CAD account: 501884708 CLTJCF CAD CB  Swift NCBAALTX,  IBAN: AL25 2051 1519 8847 08CL TJCF CADC  &nbsp;  &nbsp;  &nbsp;","og_url":"https:\/\/englanderscr.al\/al\/produkt\/vize-kandeze-turistike-dhe-studenti\/","og_site_name":"Englanderscr","article_modified_time":"2025-01-06T12:09:04+00:00","og_image":[{"width":1080,"height":1080,"url":"https:\/\/englanderscr.al\/wp-content\/uploads\/2024\/05\/viza-turistike.png","type":"image\/png"}],"twitter_card":"summary_large_image","twitter_misc":{"Est. reading time":"1 minut\u00eb"},"schema":{"@context":"https:\/\/schema.org","@graph":[{"@type":"WebPage","@id":"https:\/\/englanderscr.al\/product\/vize-kandeze-turistike-dhe-studenti\/","url":"https:\/\/englanderscr.al\/product\/vize-kandeze-turistike-dhe-studenti\/","name":"Viz\u00eb Kandeze Turistike ose Studenti - Englanderscr","isPartOf":{"@id":"https:\/\/englanderscr.al\/#website"},"primaryImageOfPage":{"@id":"https:\/\/englanderscr.al\/product\/vize-kandeze-turistike-dhe-studenti\/#primaryimage"},"image":{"@id":"https:\/\/englanderscr.al\/product\/vize-kandeze-turistike-dhe-studenti\/#primaryimage"},"thumbnailUrl":"https:\/\/englanderscr.al\/wp-content\/uploads\/2024\/05\/viza-turistike.png","datePublished":"2024-05-21T08:00:34+00:00","dateModified":"2025-01-06T12:09:04+00:00","breadcrumb":{"@id":"https:\/\/englanderscr.al\/product\/vize-kandeze-turistike-dhe-studenti\/#breadcrumb"},"inLanguage":"sq","potentialAction":[{"@type":"ReadAction","target":["https:\/\/englanderscr.al\/product\/vize-kandeze-turistike-dhe-studenti\/"]}]},{"@type":"ImageObject","inLanguage":"sq","@id":"https:\/\/englanderscr.al\/product\/vize-kandeze-turistike-dhe-studenti\/#primaryimage","url":"https:\/\/englanderscr.al\/wp-content\/uploads\/2024\/05\/viza-turistike.png","contentUrl":"https:\/\/englanderscr.al\/wp-content\/uploads\/2024\/05\/viza-turistike.png","width":1080,"height":1080},{"@type":"BreadcrumbList","@id":"https:\/\/englanderscr.al\/product\/vize-kandeze-turistike-dhe-studenti\/#breadcrumb","itemListElement":[{"@type":"ListItem","position":1,"name":"Home","item":"https:\/\/englanderscr.al\/"},{"@type":"ListItem","position":2,"name":"Shop","item":"https:\/\/englanderscr.al\/shop\/"},{"@type":"ListItem","position":3,"name":"Viz\u00eb Kandeze Turistike ose Studenti"}]},{"@type":"WebSite","@id":"https:\/\/englanderscr.al\/#website","url":"https:\/\/englanderscr.al\/","name":"Englanderscr","description":"EnglandersCR offer the best of the British and international experience for Albanian youth and professionals","publisher":{"@id":"https:\/\/englanderscr.al\/#organization"},"potentialAction":[{"@type":"SearchAction","target":{"@type":"EntryPoint","urlTemplate":"https:\/\/englanderscr.al\/?s={search_term_string}"},"query-input":{"@type":"PropertyValueSpecification","valueRequired":true,"valueName":"search_term_string"}}],"inLanguage":"sq"},{"@type":"Organization","@id":"https:\/\/englanderscr.al\/#organization","name":"Englanderscr","url":"https:\/\/englanderscr.al\/","logo":{"@type":"ImageObject","inLanguage":"sq","@id":"https:\/\/englanderscr.al\/#\/schema\/logo\/image\/","url":"https:\/\/englanderscr.al\/wp-content\/uploads\/2023\/03\/cropped-New-Project-1-1.png","contentUrl":"https:\/\/englanderscr.al\/wp-content\/uploads\/2023\/03\/cropped-New-Project-1-1.png","width":228,"height":150,"caption":"Englanderscr"},"image":{"@id":"https:\/\/englanderscr.al\/#\/schema\/logo\/image\/"}}]}},"_links":{"self":[{"href":"https:\/\/englanderscr.al\/al\/wp-json\/wp\/v2\/product\/3486","targetHints":{"allow":["GET"]}}],"collection":[{"href":"https:\/\/englanderscr.al\/al\/wp-json\/wp\/v2\/product"}],"about":[{"href":"https:\/\/englanderscr.al\/al\/wp-json\/wp\/v2\/types\/product"}],"replies":[{"embeddable":true,"href":"https:\/\/englanderscr.al\/al\/wp-json\/wp\/v2\/comments?post=3486"}],"wp:featuredmedia":[{"embeddable":true,"href":"https:\/\/englanderscr.al\/al\/wp-json\/wp\/v2\/media\/3487"}],"wp:attachment":[{"href":"https:\/\/englanderscr.al\/al\/wp-json\/wp\/v2\/media?parent=3486"}],"wp:term":[{"taxonomy":"product_cat","embeddable":true,"href":"https:\/\/englanderscr.al\/al\/wp-json\/wp\/v2\/product_cat?post=3486"},{"taxonomy":"product_tag","embeddable":true,"href":"https:\/\/englanderscr.al\/al\/wp-json\/wp\/v2\/product_tag?post=3486"}],"curies":[{"name":"wp","href":"https:\/\/api.w.org\/{rel}","templated":true}]}}