{"id":3464,"date":"2024-05-20T11:21:37","date_gmt":"2024-05-20T11:21:37","guid":{"rendered":"https:\/\/englanderscr.al\/?post_type=product&#038;p=3464"},"modified":"2025-01-07T12:47:42","modified_gmt":"2025-01-07T12:47:42","slug":"aplikim-per-vize-studenti-usa-dhe-uk","status":"publish","type":"product","link":"https:\/\/englanderscr.al\/al\/product\/aplikim-per-vize-studenti-usa-dhe-uk\/","title":{"rendered":"Aplikim p\u00ebr viz\u00eb Studenti USA dhe UK"},"content":{"rendered":"","protected":false},"excerpt":{"rendered":"<p><strong>Zgjedhja e deges dhe institucionit arsimor<\/strong>:<\/p>\n<p>Zgjidhni nj\u00eb dege dhe nj\u00eb institucion arsimor t\u00eb licencuar nga Home Office i Mbret\u00ebris\u00eb s\u00eb Bashkuar. Ju duhet t\u00eb merrni nj\u00eb ofert\u00eb t\u00eb pakusht\u00ebzuar p\u00ebr t\u00eb ndjekur nj\u00eb kurs dhe t\u00eb keni Certificate of Acceptance for Studies (CAS) nga institucioni arsimor.<\/p>\n<p>Sigurohuni q\u00eb plot\u00ebsoni t\u00eb gjitha k\u00ebrkesat p\u00ebr viz\u00eb studenti, duke p\u00ebrfshir\u00eb d\u00ebshmit\u00eb financiare, njohurit\u00eb e gjuh\u00ebs angleze dhe dokumentacionin e nevojsh\u00ebm.<\/p>\n<p>P\u00ebrgatitja e dokumenteve t\u00eb nevojshme:<\/p>\n<ul>\n<li>Certificate of Acceptance for Studies (CAS): Nj\u00eb dokument i l\u00ebshuar nga institucioni arsimor q\u00eb d\u00ebshmon pranimin tuaj.<\/li>\n<\/ul>\n<p>Aplikimi online p\u00ebr viz\u00eb.<\/p>\n<p>&nbsp;<\/p>\n<h3>Kosto e sherbimit: 300 GBP (pound)<\/h3>\n<p>&nbsp;<\/p>\n<p><strong>Banka Kombetare Tregtare<\/strong><\/p>\n<p><strong>GBP account: <\/strong>501884708 CLTJCF2<\/p>\n<p><strong>Swift <\/strong>NCBAALTX,<\/p>\n<p>IBAN: AL25 2051 1519 8847 08CL TJCF GBPY<\/p>","protected":false},"featured_media":3477,"comment_status":"closed","ping_status":"closed","template":"","meta":[],"product_cat":[29],"product_tag":[],"class_list":{"0":"post-3464","1":"product","2":"type-product","3":"status-publish","4":"has-post-thumbnail","6":"product_cat-uncategorized","8":"first","9":"instock","10":"shipping-taxable","11":"product-type-simple"},"yoast_head":"<!-- This site is optimized with the Yoast SEO plugin v24.0 - https:\/\/yoast.com\/wordpress\/plugins\/seo\/ -->\n<title>Aplikim p\u00ebr viz\u00eb Studenti USA dhe UK - Englanderscr<\/title>\n<meta name=\"description\" content=\"Aplikim per vize studenti. Sigurohuni q\u00eb plot\u00ebsoni t\u00eb gjitha k\u00ebrkesat p\u00ebr viz\u00eb studenti, duke p\u00ebrfshir\u00eb d\u00ebshmit\u00eb financiare, njohurit\u00eb e gjuh\u00ebs angleze dhe dokumentacionin e nevojsh\u00ebm. Englanderscr Aplikim p\u00ebr viz\u00eb Studenti USA dhe UK -\" \/>\n<meta name=\"robots\" content=\"index, follow, max-snippet:-1, max-image-preview:large, max-video-preview:-1\" \/>\n<link rel=\"canonical\" href=\"https:\/\/englanderscr.al\/al\/produkt\/aplikim-per-vize-studenti-usa-dhe-uk\/\" \/>\n<meta property=\"og:locale\" content=\"sq_AL\" \/>\n<meta property=\"og:type\" content=\"article\" \/>\n<meta property=\"og:title\" content=\"Aplikim p\u00ebr viz\u00eb Studenti USA dhe UK - Englanderscr\" \/>\n<meta property=\"og:description\" content=\"Aplikim per vize studenti. Sigurohuni q\u00eb plot\u00ebsoni t\u00eb gjitha k\u00ebrkesat p\u00ebr viz\u00eb studenti, duke p\u00ebrfshir\u00eb d\u00ebshmit\u00eb financiare, njohurit\u00eb e gjuh\u00ebs angleze dhe dokumentacionin e nevojsh\u00ebm. Englanderscr Aplikim p\u00ebr viz\u00eb Studenti USA dhe UK -\" \/>\n<meta property=\"og:url\" content=\"https:\/\/englanderscr.al\/al\/produkt\/aplikim-per-vize-studenti-usa-dhe-uk\/\" \/>\n<meta property=\"og:site_name\" content=\"Englanderscr\" \/>\n<meta property=\"article:modified_time\" content=\"2025-01-07T12:47:42+00:00\" \/>\n<meta property=\"og:image\" content=\"https:\/\/englanderscr.al\/wp-content\/uploads\/2024\/05\/3.png\" \/>\n\t<meta property=\"og:image:width\" content=\"1080\" \/>\n\t<meta property=\"og:image:height\" content=\"1080\" \/>\n\t<meta property=\"og:image:type\" content=\"image\/png\" \/>\n<meta name=\"twitter:card\" content=\"summary_large_image\" \/>\n<meta name=\"twitter:label1\" content=\"Est. reading time\" \/>\n\t<meta name=\"twitter:data1\" content=\"1 minut\u00eb\" \/>\n<script type=\"application\/ld+json\" class=\"yoast-schema-graph\">{\"@context\":\"https:\/\/schema.org\",\"@graph\":[{\"@type\":\"WebPage\",\"@id\":\"https:\/\/englanderscr.al\/product\/aplikim-per-vize-studenti-usa-dhe-uk\/\",\"url\":\"https:\/\/englanderscr.al\/product\/aplikim-per-vize-studenti-usa-dhe-uk\/\",\"name\":\"Aplikim p\u00ebr viz\u00eb Studenti USA dhe UK - Englanderscr\",\"isPartOf\":{\"@id\":\"https:\/\/englanderscr.al\/#website\"},\"primaryImageOfPage\":{\"@id\":\"https:\/\/englanderscr.al\/product\/aplikim-per-vize-studenti-usa-dhe-uk\/#primaryimage\"},\"image\":{\"@id\":\"https:\/\/englanderscr.al\/product\/aplikim-per-vize-studenti-usa-dhe-uk\/#primaryimage\"},\"thumbnailUrl\":\"https:\/\/englanderscr.al\/wp-content\/uploads\/2024\/05\/3.png\",\"datePublished\":\"2024-05-20T11:21:37+00:00\",\"dateModified\":\"2025-01-07T12:47:42+00:00\",\"description\":\"Aplikim per vize studenti. Sigurohuni q\u00eb plot\u00ebsoni t\u00eb gjitha k\u00ebrkesat p\u00ebr viz\u00eb studenti, duke p\u00ebrfshir\u00eb d\u00ebshmit\u00eb financiare, njohurit\u00eb e gjuh\u00ebs angleze dhe dokumentacionin e nevojsh\u00ebm. Englanderscr Aplikim p\u00ebr viz\u00eb Studenti USA dhe UK -\",\"breadcrumb\":{\"@id\":\"https:\/\/englanderscr.al\/product\/aplikim-per-vize-studenti-usa-dhe-uk\/#breadcrumb\"},\"inLanguage\":\"sq\",\"potentialAction\":[{\"@type\":\"ReadAction\",\"target\":[\"https:\/\/englanderscr.al\/product\/aplikim-per-vize-studenti-usa-dhe-uk\/\"]}]},{\"@type\":\"ImageObject\",\"inLanguage\":\"sq\",\"@id\":\"https:\/\/englanderscr.al\/product\/aplikim-per-vize-studenti-usa-dhe-uk\/#primaryimage\",\"url\":\"https:\/\/englanderscr.al\/wp-content\/uploads\/2024\/05\/3.png\",\"contentUrl\":\"https:\/\/englanderscr.al\/wp-content\/uploads\/2024\/05\/3.png\",\"width\":1080,\"height\":1080,\"caption\":\"Konsulte per procesin e aplikimit per vize studenti ne Britani UK dhe USA\"},{\"@type\":\"BreadcrumbList\",\"@id\":\"https:\/\/englanderscr.al\/product\/aplikim-per-vize-studenti-usa-dhe-uk\/#breadcrumb\",\"itemListElement\":[{\"@type\":\"ListItem\",\"position\":1,\"name\":\"Home\",\"item\":\"https:\/\/englanderscr.al\/\"},{\"@type\":\"ListItem\",\"position\":2,\"name\":\"Shop\",\"item\":\"https:\/\/englanderscr.al\/shop\/\"},{\"@type\":\"ListItem\",\"position\":3,\"name\":\"Aplikim p\u00ebr viz\u00eb Studenti USA dhe UK\"}]},{\"@type\":\"WebSite\",\"@id\":\"https:\/\/englanderscr.al\/#website\",\"url\":\"https:\/\/englanderscr.al\/\",\"name\":\"Englanderscr\",\"description\":\"EnglandersCR offer the best of the British and international experience for Albanian youth and professionals\",\"publisher\":{\"@id\":\"https:\/\/englanderscr.al\/#organization\"},\"potentialAction\":[{\"@type\":\"SearchAction\",\"target\":{\"@type\":\"EntryPoint\",\"urlTemplate\":\"https:\/\/englanderscr.al\/?s={search_term_string}\"},\"query-input\":{\"@type\":\"PropertyValueSpecification\",\"valueRequired\":true,\"valueName\":\"search_term_string\"}}],\"inLanguage\":\"sq\"},{\"@type\":\"Organization\",\"@id\":\"https:\/\/englanderscr.al\/#organization\",\"name\":\"Englanderscr\",\"url\":\"https:\/\/englanderscr.al\/\",\"logo\":{\"@type\":\"ImageObject\",\"inLanguage\":\"sq\",\"@id\":\"https:\/\/englanderscr.al\/#\/schema\/logo\/image\/\",\"url\":\"https:\/\/englanderscr.al\/wp-content\/uploads\/2023\/03\/cropped-New-Project-1-1.png\",\"contentUrl\":\"https:\/\/englanderscr.al\/wp-content\/uploads\/2023\/03\/cropped-New-Project-1-1.png\",\"width\":228,\"height\":150,\"caption\":\"Englanderscr\"},\"image\":{\"@id\":\"https:\/\/englanderscr.al\/#\/schema\/logo\/image\/\"}}]}<\/script>\n<!-- \/ Yoast SEO plugin. -->","yoast_head_json":{"title":"Aplikim p\u00ebr viz\u00eb Studenti USA dhe UK - Englanderscr","description":"Aplikim per vize studenti. Sigurohuni q\u00eb plot\u00ebsoni t\u00eb gjitha k\u00ebrkesat p\u00ebr viz\u00eb studenti, duke p\u00ebrfshir\u00eb d\u00ebshmit\u00eb financiare, njohurit\u00eb e gjuh\u00ebs angleze dhe dokumentacionin e nevojsh\u00ebm. Englanderscr Aplikim p\u00ebr viz\u00eb Studenti USA dhe UK -","robots":{"index":"index","follow":"follow","max-snippet":"max-snippet:-1","max-image-preview":"max-image-preview:large","max-video-preview":"max-video-preview:-1"},"canonical":"https:\/\/englanderscr.al\/al\/produkt\/aplikim-per-vize-studenti-usa-dhe-uk\/","og_locale":"sq_AL","og_type":"article","og_title":"Aplikim p\u00ebr viz\u00eb Studenti USA dhe UK - Englanderscr","og_description":"Aplikim per vize studenti. Sigurohuni q\u00eb plot\u00ebsoni t\u00eb gjitha k\u00ebrkesat p\u00ebr viz\u00eb studenti, duke p\u00ebrfshir\u00eb d\u00ebshmit\u00eb financiare, njohurit\u00eb e gjuh\u00ebs angleze dhe dokumentacionin e nevojsh\u00ebm. Englanderscr Aplikim p\u00ebr viz\u00eb Studenti USA dhe UK -","og_url":"https:\/\/englanderscr.al\/al\/produkt\/aplikim-per-vize-studenti-usa-dhe-uk\/","og_site_name":"Englanderscr","article_modified_time":"2025-01-07T12:47:42+00:00","og_image":[{"width":1080,"height":1080,"url":"https:\/\/englanderscr.al\/wp-content\/uploads\/2024\/05\/3.png","type":"image\/png"}],"twitter_card":"summary_large_image","twitter_misc":{"Est. reading time":"1 minut\u00eb"},"schema":{"@context":"https:\/\/schema.org","@graph":[{"@type":"WebPage","@id":"https:\/\/englanderscr.al\/product\/aplikim-per-vize-studenti-usa-dhe-uk\/","url":"https:\/\/englanderscr.al\/product\/aplikim-per-vize-studenti-usa-dhe-uk\/","name":"Aplikim p\u00ebr viz\u00eb Studenti USA dhe UK - Englanderscr","isPartOf":{"@id":"https:\/\/englanderscr.al\/#website"},"primaryImageOfPage":{"@id":"https:\/\/englanderscr.al\/product\/aplikim-per-vize-studenti-usa-dhe-uk\/#primaryimage"},"image":{"@id":"https:\/\/englanderscr.al\/product\/aplikim-per-vize-studenti-usa-dhe-uk\/#primaryimage"},"thumbnailUrl":"https:\/\/englanderscr.al\/wp-content\/uploads\/2024\/05\/3.png","datePublished":"2024-05-20T11:21:37+00:00","dateModified":"2025-01-07T12:47:42+00:00","description":"Aplikim per vize studenti. Sigurohuni q\u00eb plot\u00ebsoni t\u00eb gjitha k\u00ebrkesat p\u00ebr viz\u00eb studenti, duke p\u00ebrfshir\u00eb d\u00ebshmit\u00eb financiare, njohurit\u00eb e gjuh\u00ebs angleze dhe dokumentacionin e nevojsh\u00ebm. Englanderscr Aplikim p\u00ebr viz\u00eb Studenti USA dhe UK -","breadcrumb":{"@id":"https:\/\/englanderscr.al\/product\/aplikim-per-vize-studenti-usa-dhe-uk\/#breadcrumb"},"inLanguage":"sq","potentialAction":[{"@type":"ReadAction","target":["https:\/\/englanderscr.al\/product\/aplikim-per-vize-studenti-usa-dhe-uk\/"]}]},{"@type":"ImageObject","inLanguage":"sq","@id":"https:\/\/englanderscr.al\/product\/aplikim-per-vize-studenti-usa-dhe-uk\/#primaryimage","url":"https:\/\/englanderscr.al\/wp-content\/uploads\/2024\/05\/3.png","contentUrl":"https:\/\/englanderscr.al\/wp-content\/uploads\/2024\/05\/3.png","width":1080,"height":1080,"caption":"Konsulte per procesin e aplikimit per vize studenti ne Britani UK dhe USA"},{"@type":"BreadcrumbList","@id":"https:\/\/englanderscr.al\/product\/aplikim-per-vize-studenti-usa-dhe-uk\/#breadcrumb","itemListElement":[{"@type":"ListItem","position":1,"name":"Home","item":"https:\/\/englanderscr.al\/"},{"@type":"ListItem","position":2,"name":"Shop","item":"https:\/\/englanderscr.al\/shop\/"},{"@type":"ListItem","position":3,"name":"Aplikim p\u00ebr viz\u00eb Studenti USA dhe UK"}]},{"@type":"WebSite","@id":"https:\/\/englanderscr.al\/#website","url":"https:\/\/englanderscr.al\/","name":"Englanderscr","description":"EnglandersCR offer the best of the British and international experience for Albanian youth and professionals","publisher":{"@id":"https:\/\/englanderscr.al\/#organization"},"potentialAction":[{"@type":"SearchAction","target":{"@type":"EntryPoint","urlTemplate":"https:\/\/englanderscr.al\/?s={search_term_string}"},"query-input":{"@type":"PropertyValueSpecification","valueRequired":true,"valueName":"search_term_string"}}],"inLanguage":"sq"},{"@type":"Organization","@id":"https:\/\/englanderscr.al\/#organization","name":"Englanderscr","url":"https:\/\/englanderscr.al\/","logo":{"@type":"ImageObject","inLanguage":"sq","@id":"https:\/\/englanderscr.al\/#\/schema\/logo\/image\/","url":"https:\/\/englanderscr.al\/wp-content\/uploads\/2023\/03\/cropped-New-Project-1-1.png","contentUrl":"https:\/\/englanderscr.al\/wp-content\/uploads\/2023\/03\/cropped-New-Project-1-1.png","width":228,"height":150,"caption":"Englanderscr"},"image":{"@id":"https:\/\/englanderscr.al\/#\/schema\/logo\/image\/"}}]}},"_links":{"self":[{"href":"https:\/\/englanderscr.al\/al\/wp-json\/wp\/v2\/product\/3464","targetHints":{"allow":["GET"]}}],"collection":[{"href":"https:\/\/englanderscr.al\/al\/wp-json\/wp\/v2\/product"}],"about":[{"href":"https:\/\/englanderscr.al\/al\/wp-json\/wp\/v2\/types\/product"}],"replies":[{"embeddable":true,"href":"https:\/\/englanderscr.al\/al\/wp-json\/wp\/v2\/comments?post=3464"}],"wp:featuredmedia":[{"embeddable":true,"href":"https:\/\/englanderscr.al\/al\/wp-json\/wp\/v2\/media\/3477"}],"wp:attachment":[{"href":"https:\/\/englanderscr.al\/al\/wp-json\/wp\/v2\/media?parent=3464"}],"wp:term":[{"taxonomy":"product_cat","embeddable":true,"href":"https:\/\/englanderscr.al\/al\/wp-json\/wp\/v2\/product_cat?post=3464"},{"taxonomy":"product_tag","embeddable":true,"href":"https:\/\/englanderscr.al\/al\/wp-json\/wp\/v2\/product_tag?post=3464"}],"curies":[{"name":"wp","href":"https:\/\/api.w.org\/{rel}","templated":true}]}}