{"id":3445,"date":"2024-04-21T15:36:39","date_gmt":"2024-04-21T15:36:39","guid":{"rendered":"https:\/\/englanderscr.al\/?post_type=product&#038;p=3445"},"modified":"2025-01-07T12:50:41","modified_gmt":"2025-01-07T12:50:41","slug":"vize-e-refuzuar-kanadeze","status":"publish","type":"product","link":"https:\/\/englanderscr.al\/al\/product\/vize-e-refuzuar-kanadeze\/","title":{"rendered":"Vize e refuzuar Kanadeze"},"content":{"rendered":"<p><em>Ne te gjitha cmimet qe kane lidhje me procedurat e Ambasades UK perfshihet sherbimi I perkthimit por jo me shume se 6 faqe per dosje aplikimi. Pertej ketij numri nje tarife prej 1.000 ALL\/faqe te perkthyer do te applikohet.<\/em><\/p>","protected":false},"excerpt":{"rendered":"<p>N\u00ebse ju \u00ebsht\u00eb refuzuar nj\u00eb viz\u00eb p\u00ebr n\u00eb Kanada, ne ju asistojme p\u00ebr t\u00eb rishikuar opsionet tuaja p\u00ebr t\u00eb aplikuar s\u00ebrish.<\/p>\n<p><strong>Shqyrtoni Arsyet e Refuzimit<\/strong>:<strong>Letra e Refuzimit<\/strong>: Kur nj\u00eb viz\u00eb refuzohet, ju do t\u00eb merrni nj\u00eb let\u00ebr refuzimi nga zyra e imigracionit kanadez q\u00eb p\u00ebrmban arsyet specifike p\u00ebr refuzimin. Lexoni me kujdes k\u00ebt\u00eb let\u00ebr p\u00ebr t\u00eb kuptuar arsyet kryesore p\u00ebr refuzimin.<\/p>\n<p><strong>Analizoni Dokumentacionin<\/strong>: Kontrollojme t\u00eb gjitha dokumentet q\u00eb keni dor\u00ebzuar p\u00ebr t\u00eb par\u00eb n\u00ebse ka ndonj\u00eb munges\u00eb ose ndonj\u00eb informacion t\u00eb pasakt\u00eb q\u00eb mund t\u00eb ket\u00eb ndikuar n\u00eb vendimin.<\/p>\n<p><strong>P\u00ebrgatitja p\u00ebr Riaplikim<\/strong>:<\/p>\n<ul>\n<li><strong>Dokumente Shtes\u00eb<\/strong>: N\u00ebse ju \u00ebsht\u00eb k\u00ebrkuar t\u00eb dor\u00ebzoni dokumente shtes\u00eb, sigurohuni q\u00eb t&#8217;i keni gati dhe t\u00eb p\u00ebrdit\u00ebsuara.<\/li>\n<li><strong>Letrat e Mb\u00ebshtetjes<\/strong>: Merrni letrat e mb\u00ebshtetjes nga sponsor\u00ebt tuaj (n\u00ebse ka) q\u00eb tregojn\u00eb angazhimin e tyre p\u00ebr t\u00eb mb\u00ebshtetur q\u00ebndrimin tuaj n\u00eb Kanada.<\/li>\n<li><strong>Prova t\u00eb Tjera<\/strong>: P\u00ebrmir\u00ebsoni dhe shtoni prova t\u00eb tjera q\u00eb mund t\u00eb mb\u00ebshtesin q\u00ebllimin dhe financat tuaja, si dhe lidhjet tuaja me vendin e origjin\u00ebs.<\/li>\n<\/ul>\n<h3><\/h3>\n<h3><strong>Kosto e sherbimit: 1<\/strong><strong>00 CAD (Dollare Kanadez)<\/strong><\/h3>\n<p>&nbsp;<\/p>\n<p><strong>Bank details Englanders CR:<\/strong><\/p>\n<p><strong>BKT \u2013 Banka Kombetare Tregtare<\/strong><\/p>\n<p><strong>CAD account:\u00a0<\/strong>501884708 CLTJCF CAD CB<\/p>\n<p><strong>Swift\u00a0<\/strong>NCBAALTX,<\/p>\n<p><strong>IBAN:<\/strong>\u00a0AL25 2051 1519 8847 08CL TJCF CADC<\/p>","protected":false},"featured_media":3478,"comment_status":"open","ping_status":"closed","template":"","meta":[],"product_cat":[29],"product_tag":[],"class_list":{"0":"post-3445","1":"product","2":"type-product","3":"status-publish","4":"has-post-thumbnail","6":"product_cat-uncategorized","8":"first","9":"instock","10":"shipping-taxable","11":"product-type-simple"},"yoast_head":"<!-- This site is optimized with the Yoast SEO plugin v24.0 - https:\/\/yoast.com\/wordpress\/plugins\/seo\/ -->\n<title>Vize e refuzuar Kanadeze - Englanderscr<\/title>\n<meta name=\"description\" content=\"Vize e refuzuar Kanadeze. N\u00ebse ju \u00ebsht\u00eb refuzuar nj\u00eb viz\u00eb p\u00ebr n\u00eb Kanada, ne ju asistojme p\u00ebr t\u00eb rishikuar opsionet tuaja p\u00ebr t\u00eb aplikuar s\u00ebrish.\" \/>\n<meta name=\"robots\" content=\"index, follow, max-snippet:-1, max-image-preview:large, max-video-preview:-1\" \/>\n<link rel=\"canonical\" href=\"https:\/\/englanderscr.al\/al\/produkt\/vize-e-refuzuar-kanadeze\/\" \/>\n<meta property=\"og:locale\" content=\"sq_AL\" \/>\n<meta property=\"og:type\" content=\"article\" \/>\n<meta property=\"og:title\" content=\"Vize e refuzuar Kanadeze - Englanderscr\" \/>\n<meta property=\"og:description\" content=\"Vize e refuzuar Kanadeze. N\u00ebse ju \u00ebsht\u00eb refuzuar nj\u00eb viz\u00eb p\u00ebr n\u00eb Kanada, ne ju asistojme p\u00ebr t\u00eb rishikuar opsionet tuaja p\u00ebr t\u00eb aplikuar s\u00ebrish.\" \/>\n<meta property=\"og:url\" content=\"https:\/\/englanderscr.al\/al\/produkt\/vize-e-refuzuar-kanadeze\/\" \/>\n<meta property=\"og:site_name\" content=\"Englanderscr\" \/>\n<meta property=\"article:modified_time\" content=\"2025-01-07T12:50:41+00:00\" \/>\n<meta property=\"og:image\" content=\"https:\/\/englanderscr.al\/wp-content\/uploads\/2024\/05\/4.png\" \/>\n\t<meta property=\"og:image:width\" content=\"1080\" \/>\n\t<meta property=\"og:image:height\" content=\"1080\" \/>\n\t<meta property=\"og:image:type\" content=\"image\/png\" \/>\n<meta name=\"twitter:card\" content=\"summary_large_image\" \/>\n<meta name=\"twitter:label1\" content=\"Est. reading time\" \/>\n\t<meta name=\"twitter:data1\" content=\"1 minut\u00eb\" \/>\n<script type=\"application\/ld+json\" class=\"yoast-schema-graph\">{\"@context\":\"https:\/\/schema.org\",\"@graph\":[{\"@type\":\"WebPage\",\"@id\":\"https:\/\/englanderscr.al\/product\/vize-e-refuzuar-kanadeze\/\",\"url\":\"https:\/\/englanderscr.al\/product\/vize-e-refuzuar-kanadeze\/\",\"name\":\"Vize e refuzuar Kanadeze - Englanderscr\",\"isPartOf\":{\"@id\":\"https:\/\/englanderscr.al\/#website\"},\"primaryImageOfPage\":{\"@id\":\"https:\/\/englanderscr.al\/product\/vize-e-refuzuar-kanadeze\/#primaryimage\"},\"image\":{\"@id\":\"https:\/\/englanderscr.al\/product\/vize-e-refuzuar-kanadeze\/#primaryimage\"},\"thumbnailUrl\":\"https:\/\/englanderscr.al\/wp-content\/uploads\/2024\/05\/4.png\",\"datePublished\":\"2024-04-21T15:36:39+00:00\",\"dateModified\":\"2025-01-07T12:50:41+00:00\",\"description\":\"Vize e refuzuar Kanadeze. N\u00ebse ju \u00ebsht\u00eb refuzuar nj\u00eb viz\u00eb p\u00ebr n\u00eb Kanada, ne ju asistojme p\u00ebr t\u00eb rishikuar opsionet tuaja p\u00ebr t\u00eb aplikuar s\u00ebrish.\",\"breadcrumb\":{\"@id\":\"https:\/\/englanderscr.al\/product\/vize-e-refuzuar-kanadeze\/#breadcrumb\"},\"inLanguage\":\"sq\",\"potentialAction\":[{\"@type\":\"ReadAction\",\"target\":[\"https:\/\/englanderscr.al\/product\/vize-e-refuzuar-kanadeze\/\"]}]},{\"@type\":\"ImageObject\",\"inLanguage\":\"sq\",\"@id\":\"https:\/\/englanderscr.al\/product\/vize-e-refuzuar-kanadeze\/#primaryimage\",\"url\":\"https:\/\/englanderscr.al\/wp-content\/uploads\/2024\/05\/4.png\",\"contentUrl\":\"https:\/\/englanderscr.al\/wp-content\/uploads\/2024\/05\/4.png\",\"width\":1080,\"height\":1080},{\"@type\":\"BreadcrumbList\",\"@id\":\"https:\/\/englanderscr.al\/product\/vize-e-refuzuar-kanadeze\/#breadcrumb\",\"itemListElement\":[{\"@type\":\"ListItem\",\"position\":1,\"name\":\"Home\",\"item\":\"https:\/\/englanderscr.al\/\"},{\"@type\":\"ListItem\",\"position\":2,\"name\":\"Shop\",\"item\":\"https:\/\/englanderscr.al\/shop\/\"},{\"@type\":\"ListItem\",\"position\":3,\"name\":\"Vize e refuzuar Kanadeze\"}]},{\"@type\":\"WebSite\",\"@id\":\"https:\/\/englanderscr.al\/#website\",\"url\":\"https:\/\/englanderscr.al\/\",\"name\":\"Englanderscr\",\"description\":\"EnglandersCR offer the best of the British and international experience for Albanian youth and professionals\",\"publisher\":{\"@id\":\"https:\/\/englanderscr.al\/#organization\"},\"potentialAction\":[{\"@type\":\"SearchAction\",\"target\":{\"@type\":\"EntryPoint\",\"urlTemplate\":\"https:\/\/englanderscr.al\/?s={search_term_string}\"},\"query-input\":{\"@type\":\"PropertyValueSpecification\",\"valueRequired\":true,\"valueName\":\"search_term_string\"}}],\"inLanguage\":\"sq\"},{\"@type\":\"Organization\",\"@id\":\"https:\/\/englanderscr.al\/#organization\",\"name\":\"Englanderscr\",\"url\":\"https:\/\/englanderscr.al\/\",\"logo\":{\"@type\":\"ImageObject\",\"inLanguage\":\"sq\",\"@id\":\"https:\/\/englanderscr.al\/#\/schema\/logo\/image\/\",\"url\":\"https:\/\/englanderscr.al\/wp-content\/uploads\/2023\/03\/cropped-New-Project-1-1.png\",\"contentUrl\":\"https:\/\/englanderscr.al\/wp-content\/uploads\/2023\/03\/cropped-New-Project-1-1.png\",\"width\":228,\"height\":150,\"caption\":\"Englanderscr\"},\"image\":{\"@id\":\"https:\/\/englanderscr.al\/#\/schema\/logo\/image\/\"}}]}<\/script>\n<!-- \/ Yoast SEO plugin. -->","yoast_head_json":{"title":"Vize e refuzuar Kanadeze - Englanderscr","description":"Vize e refuzuar Kanadeze. N\u00ebse ju \u00ebsht\u00eb refuzuar nj\u00eb viz\u00eb p\u00ebr n\u00eb Kanada, ne ju asistojme p\u00ebr t\u00eb rishikuar opsionet tuaja p\u00ebr t\u00eb aplikuar s\u00ebrish.","robots":{"index":"index","follow":"follow","max-snippet":"max-snippet:-1","max-image-preview":"max-image-preview:large","max-video-preview":"max-video-preview:-1"},"canonical":"https:\/\/englanderscr.al\/al\/produkt\/vize-e-refuzuar-kanadeze\/","og_locale":"sq_AL","og_type":"article","og_title":"Vize e refuzuar Kanadeze - Englanderscr","og_description":"Vize e refuzuar Kanadeze. N\u00ebse ju \u00ebsht\u00eb refuzuar nj\u00eb viz\u00eb p\u00ebr n\u00eb Kanada, ne ju asistojme p\u00ebr t\u00eb rishikuar opsionet tuaja p\u00ebr t\u00eb aplikuar s\u00ebrish.","og_url":"https:\/\/englanderscr.al\/al\/produkt\/vize-e-refuzuar-kanadeze\/","og_site_name":"Englanderscr","article_modified_time":"2025-01-07T12:50:41+00:00","og_image":[{"width":1080,"height":1080,"url":"https:\/\/englanderscr.al\/wp-content\/uploads\/2024\/05\/4.png","type":"image\/png"}],"twitter_card":"summary_large_image","twitter_misc":{"Est. reading time":"1 minut\u00eb"},"schema":{"@context":"https:\/\/schema.org","@graph":[{"@type":"WebPage","@id":"https:\/\/englanderscr.al\/product\/vize-e-refuzuar-kanadeze\/","url":"https:\/\/englanderscr.al\/product\/vize-e-refuzuar-kanadeze\/","name":"Vize e refuzuar Kanadeze - Englanderscr","isPartOf":{"@id":"https:\/\/englanderscr.al\/#website"},"primaryImageOfPage":{"@id":"https:\/\/englanderscr.al\/product\/vize-e-refuzuar-kanadeze\/#primaryimage"},"image":{"@id":"https:\/\/englanderscr.al\/product\/vize-e-refuzuar-kanadeze\/#primaryimage"},"thumbnailUrl":"https:\/\/englanderscr.al\/wp-content\/uploads\/2024\/05\/4.png","datePublished":"2024-04-21T15:36:39+00:00","dateModified":"2025-01-07T12:50:41+00:00","description":"Vize e refuzuar Kanadeze. N\u00ebse ju \u00ebsht\u00eb refuzuar nj\u00eb viz\u00eb p\u00ebr n\u00eb Kanada, ne ju asistojme p\u00ebr t\u00eb rishikuar opsionet tuaja p\u00ebr t\u00eb aplikuar s\u00ebrish.","breadcrumb":{"@id":"https:\/\/englanderscr.al\/product\/vize-e-refuzuar-kanadeze\/#breadcrumb"},"inLanguage":"sq","potentialAction":[{"@type":"ReadAction","target":["https:\/\/englanderscr.al\/product\/vize-e-refuzuar-kanadeze\/"]}]},{"@type":"ImageObject","inLanguage":"sq","@id":"https:\/\/englanderscr.al\/product\/vize-e-refuzuar-kanadeze\/#primaryimage","url":"https:\/\/englanderscr.al\/wp-content\/uploads\/2024\/05\/4.png","contentUrl":"https:\/\/englanderscr.al\/wp-content\/uploads\/2024\/05\/4.png","width":1080,"height":1080},{"@type":"BreadcrumbList","@id":"https:\/\/englanderscr.al\/product\/vize-e-refuzuar-kanadeze\/#breadcrumb","itemListElement":[{"@type":"ListItem","position":1,"name":"Home","item":"https:\/\/englanderscr.al\/"},{"@type":"ListItem","position":2,"name":"Shop","item":"https:\/\/englanderscr.al\/shop\/"},{"@type":"ListItem","position":3,"name":"Vize e refuzuar Kanadeze"}]},{"@type":"WebSite","@id":"https:\/\/englanderscr.al\/#website","url":"https:\/\/englanderscr.al\/","name":"Englanderscr","description":"EnglandersCR offer the best of the British and international experience for Albanian youth and professionals","publisher":{"@id":"https:\/\/englanderscr.al\/#organization"},"potentialAction":[{"@type":"SearchAction","target":{"@type":"EntryPoint","urlTemplate":"https:\/\/englanderscr.al\/?s={search_term_string}"},"query-input":{"@type":"PropertyValueSpecification","valueRequired":true,"valueName":"search_term_string"}}],"inLanguage":"sq"},{"@type":"Organization","@id":"https:\/\/englanderscr.al\/#organization","name":"Englanderscr","url":"https:\/\/englanderscr.al\/","logo":{"@type":"ImageObject","inLanguage":"sq","@id":"https:\/\/englanderscr.al\/#\/schema\/logo\/image\/","url":"https:\/\/englanderscr.al\/wp-content\/uploads\/2023\/03\/cropped-New-Project-1-1.png","contentUrl":"https:\/\/englanderscr.al\/wp-content\/uploads\/2023\/03\/cropped-New-Project-1-1.png","width":228,"height":150,"caption":"Englanderscr"},"image":{"@id":"https:\/\/englanderscr.al\/#\/schema\/logo\/image\/"}}]}},"_links":{"self":[{"href":"https:\/\/englanderscr.al\/al\/wp-json\/wp\/v2\/product\/3445","targetHints":{"allow":["GET"]}}],"collection":[{"href":"https:\/\/englanderscr.al\/al\/wp-json\/wp\/v2\/product"}],"about":[{"href":"https:\/\/englanderscr.al\/al\/wp-json\/wp\/v2\/types\/product"}],"replies":[{"embeddable":true,"href":"https:\/\/englanderscr.al\/al\/wp-json\/wp\/v2\/comments?post=3445"}],"wp:featuredmedia":[{"embeddable":true,"href":"https:\/\/englanderscr.al\/al\/wp-json\/wp\/v2\/media\/3478"}],"wp:attachment":[{"href":"https:\/\/englanderscr.al\/al\/wp-json\/wp\/v2\/media?parent=3445"}],"wp:term":[{"taxonomy":"product_cat","embeddable":true,"href":"https:\/\/englanderscr.al\/al\/wp-json\/wp\/v2\/product_cat?post=3445"},{"taxonomy":"product_tag","embeddable":true,"href":"https:\/\/englanderscr.al\/al\/wp-json\/wp\/v2\/product_tag?post=3445"}],"curies":[{"name":"wp","href":"https:\/\/api.w.org\/{rel}","templated":true}]}}