{"id":3440,"date":"2024-04-21T15:28:44","date_gmt":"2024-04-21T15:28:44","guid":{"rendered":"https:\/\/englanderscr.al\/?post_type=product&#038;p=3440"},"modified":"2025-01-08T18:31:44","modified_gmt":"2025-01-08T18:31:44","slug":"seanca-individuale-trajnimi-gjuhes-angleze","status":"publish","type":"product","link":"https:\/\/englanderscr.al\/al\/product\/seanca-individuale-trajnimi-gjuhes-angleze\/","title":{"rendered":"Seanca individuale trajnimi gjuhes Angleze"},"content":{"rendered":"<p><strong>Seanca Individuale p\u00ebr Trajnim n\u00eb Gjuh\u00ebn Angleze<\/strong><\/p>\n<p>P\u00ebrmir\u00ebso anglishten t\u00ebnde me seanca trajnimi t\u00eb personalizuara!<br \/>\nOfrojm\u00eb:<\/p>\n<ul>\n<li><strong>M\u00ebsime t\u00eb p\u00ebrqendruara tek ti:<\/strong> Programe t\u00eb p\u00ebrshtatura sipas nivelit dhe q\u00ebllimeve t\u00eb tua.<\/li>\n<li><strong>Fleksibilitet orar\u00ebsh:<\/strong> Zgjedh koh\u00ebn q\u00eb t\u00eb p\u00ebrshtatet m\u00eb mir\u00eb.<\/li>\n<li><strong>Trajner\u00eb profesionist\u00eb:<\/strong> M\u00ebsimdh\u00ebn\u00ebs me p\u00ebrvoj\u00eb p\u00ebr t\u00eb ndihmuar zhvillimin t\u00ebnd gjuh\u00ebsor.<\/li>\n<li><strong>Qasje praktike:<\/strong> Fokus n\u00eb p\u00ebrmir\u00ebsimin e t\u00eb folurit, t\u00eb kuptuarit dhe shkrimit n\u00eb situata reale.<\/li>\n<\/ul>","protected":false},"excerpt":{"rendered":"<p><strong>Seanca Individuale p\u00ebr Trajnim n\u00eb Gjuh\u00ebn Angleze<\/strong><\/p>\n<p>P\u00ebrmir\u00ebso anglishten t\u00ebnde me seanca trajnimi t\u00eb personalizuara!<br \/>\nOfrojm\u00eb:<\/p>\n<ul>\n<li><strong>M\u00ebsime t\u00eb p\u00ebrqendruara tek ti:<\/strong> Programe t\u00eb p\u00ebrshtatura sipas nivelit dhe q\u00ebllimeve t\u00eb tua.<\/li>\n<li><strong>Fleksibilitet orar\u00ebsh:<\/strong> Zgjedh koh\u00ebn q\u00eb t\u00eb p\u00ebrshtatet m\u00eb mir\u00eb.<\/li>\n<li><strong>Trajner\u00eb profesionist\u00eb:<\/strong> M\u00ebsimdh\u00ebn\u00ebs me p\u00ebrvoj\u00eb p\u00ebr t\u00eb ndihmuar zhvillimin t\u00ebnd gjuh\u00ebsor.<\/li>\n<li><strong>Qasje praktike:<\/strong> Fokus n\u00eb p\u00ebrmir\u00ebsimin e t\u00eb folurit, t\u00eb kuptuarit dhe shkrimit n\u00eb situata reale.<\/li>\n<\/ul>\n<h4><\/h4>\n<h4><strong>Sherbimi kushton: 2.500 LEK per senace<\/strong><\/h4>\n<p>&nbsp;<\/p>\n<p><strong>Banka Kombetare Tregtare<\/strong><\/p>\n<p><strong>\u00a0<\/strong><strong>ALL account: <\/strong>501884708 CLTJ CLALL SO<\/p>\n<p><strong>Swift <\/strong>NCBAALTX,<\/p>\n<p>IBAN: AL 0320 5115 1988 4708 CLTJ CLALLS<\/p>","protected":false},"featured_media":2077,"comment_status":"open","ping_status":"closed","template":"","meta":[],"product_cat":[29],"product_tag":[],"class_list":{"0":"post-3440","1":"product","2":"type-product","3":"status-publish","4":"has-post-thumbnail","6":"product_cat-uncategorized","8":"first","9":"instock","10":"shipping-taxable","11":"product-type-simple"},"yoast_head":"<!-- This site is optimized with the Yoast SEO plugin v24.0 - https:\/\/yoast.com\/wordpress\/plugins\/seo\/ -->\n<title>Seanca individuale trajnimi gjuhes Angleze - Englanderscr<\/title>\n<meta name=\"description\" content=\"Seanca individuale trajnimi gjuhes Angleze. P\u00ebrmir\u00ebso anglishten t\u00ebnde me seanca trajnimi t\u00eb personalizuara! - Seanca individuale trajnimi gjuhes Angleze\" \/>\n<meta name=\"robots\" content=\"index, follow, max-snippet:-1, max-image-preview:large, max-video-preview:-1\" \/>\n<link rel=\"canonical\" href=\"https:\/\/englanderscr.al\/al\/produkt\/seanca-individuale-trajnimi-gjuhes-angleze\/\" \/>\n<meta property=\"og:locale\" content=\"sq_AL\" \/>\n<meta property=\"og:type\" content=\"article\" \/>\n<meta property=\"og:title\" content=\"Seanca individuale trajnimi gjuhes Angleze - Englanderscr\" \/>\n<meta property=\"og:description\" content=\"Seanca individuale trajnimi gjuhes Angleze. P\u00ebrmir\u00ebso anglishten t\u00ebnde me seanca trajnimi t\u00eb personalizuara! - Seanca individuale trajnimi gjuhes Angleze\" \/>\n<meta property=\"og:url\" content=\"https:\/\/englanderscr.al\/al\/produkt\/seanca-individuale-trajnimi-gjuhes-angleze\/\" \/>\n<meta property=\"og:site_name\" content=\"Englanderscr\" \/>\n<meta property=\"article:modified_time\" content=\"2025-01-08T18:31:44+00:00\" \/>\n<meta property=\"og:image\" content=\"https:\/\/englanderscr.al\/wp-content\/uploads\/2023\/04\/logo-Englanders-02.jpg\" \/>\n\t<meta property=\"og:image:width\" content=\"651\" \/>\n\t<meta property=\"og:image:height\" content=\"611\" \/>\n\t<meta property=\"og:image:type\" content=\"image\/jpeg\" \/>\n<meta name=\"twitter:card\" content=\"summary_large_image\" \/>\n<meta name=\"twitter:label1\" content=\"Est. reading time\" \/>\n\t<meta name=\"twitter:data1\" content=\"1 minut\u00eb\" \/>\n<script type=\"application\/ld+json\" class=\"yoast-schema-graph\">{\"@context\":\"https:\/\/schema.org\",\"@graph\":[{\"@type\":\"WebPage\",\"@id\":\"https:\/\/englanderscr.al\/product\/seanca-individuale-trajnimi-gjuhes-angleze\/\",\"url\":\"https:\/\/englanderscr.al\/product\/seanca-individuale-trajnimi-gjuhes-angleze\/\",\"name\":\"Seanca individuale trajnimi gjuhes Angleze - Englanderscr\",\"isPartOf\":{\"@id\":\"https:\/\/englanderscr.al\/#website\"},\"primaryImageOfPage\":{\"@id\":\"https:\/\/englanderscr.al\/product\/seanca-individuale-trajnimi-gjuhes-angleze\/#primaryimage\"},\"image\":{\"@id\":\"https:\/\/englanderscr.al\/product\/seanca-individuale-trajnimi-gjuhes-angleze\/#primaryimage\"},\"thumbnailUrl\":\"https:\/\/englanderscr.al\/wp-content\/uploads\/2023\/04\/logo-Englanders-02.jpg\",\"datePublished\":\"2024-04-21T15:28:44+00:00\",\"dateModified\":\"2025-01-08T18:31:44+00:00\",\"description\":\"Seanca individuale trajnimi gjuhes Angleze. P\u00ebrmir\u00ebso anglishten t\u00ebnde me seanca trajnimi t\u00eb personalizuara! - Seanca individuale trajnimi gjuhes Angleze\",\"breadcrumb\":{\"@id\":\"https:\/\/englanderscr.al\/product\/seanca-individuale-trajnimi-gjuhes-angleze\/#breadcrumb\"},\"inLanguage\":\"sq\",\"potentialAction\":[{\"@type\":\"ReadAction\",\"target\":[\"https:\/\/englanderscr.al\/product\/seanca-individuale-trajnimi-gjuhes-angleze\/\"]}]},{\"@type\":\"ImageObject\",\"inLanguage\":\"sq\",\"@id\":\"https:\/\/englanderscr.al\/product\/seanca-individuale-trajnimi-gjuhes-angleze\/#primaryimage\",\"url\":\"https:\/\/englanderscr.al\/wp-content\/uploads\/2023\/04\/logo-Englanders-02.jpg\",\"contentUrl\":\"https:\/\/englanderscr.al\/wp-content\/uploads\/2023\/04\/logo-Englanders-02.jpg\",\"width\":651,\"height\":611},{\"@type\":\"BreadcrumbList\",\"@id\":\"https:\/\/englanderscr.al\/product\/seanca-individuale-trajnimi-gjuhes-angleze\/#breadcrumb\",\"itemListElement\":[{\"@type\":\"ListItem\",\"position\":1,\"name\":\"Home\",\"item\":\"https:\/\/englanderscr.al\/\"},{\"@type\":\"ListItem\",\"position\":2,\"name\":\"Shop\",\"item\":\"https:\/\/englanderscr.al\/shop\/\"},{\"@type\":\"ListItem\",\"position\":3,\"name\":\"Seanca individuale trajnimi gjuhes Angleze\"}]},{\"@type\":\"WebSite\",\"@id\":\"https:\/\/englanderscr.al\/#website\",\"url\":\"https:\/\/englanderscr.al\/\",\"name\":\"Englanderscr\",\"description\":\"EnglandersCR offer the best of the British and international experience for Albanian youth and professionals\",\"publisher\":{\"@id\":\"https:\/\/englanderscr.al\/#organization\"},\"potentialAction\":[{\"@type\":\"SearchAction\",\"target\":{\"@type\":\"EntryPoint\",\"urlTemplate\":\"https:\/\/englanderscr.al\/?s={search_term_string}\"},\"query-input\":{\"@type\":\"PropertyValueSpecification\",\"valueRequired\":true,\"valueName\":\"search_term_string\"}}],\"inLanguage\":\"sq\"},{\"@type\":\"Organization\",\"@id\":\"https:\/\/englanderscr.al\/#organization\",\"name\":\"Englanderscr\",\"url\":\"https:\/\/englanderscr.al\/\",\"logo\":{\"@type\":\"ImageObject\",\"inLanguage\":\"sq\",\"@id\":\"https:\/\/englanderscr.al\/#\/schema\/logo\/image\/\",\"url\":\"https:\/\/englanderscr.al\/wp-content\/uploads\/2023\/03\/cropped-New-Project-1-1.png\",\"contentUrl\":\"https:\/\/englanderscr.al\/wp-content\/uploads\/2023\/03\/cropped-New-Project-1-1.png\",\"width\":228,\"height\":150,\"caption\":\"Englanderscr\"},\"image\":{\"@id\":\"https:\/\/englanderscr.al\/#\/schema\/logo\/image\/\"}}]}<\/script>\n<!-- \/ Yoast SEO plugin. -->","yoast_head_json":{"title":"Seanca individuale trajnimi gjuhes Angleze - Englanderscr","description":"Seanca individuale trajnimi gjuhes Angleze. P\u00ebrmir\u00ebso anglishten t\u00ebnde me seanca trajnimi t\u00eb personalizuara! - Seanca individuale trajnimi gjuhes Angleze","robots":{"index":"index","follow":"follow","max-snippet":"max-snippet:-1","max-image-preview":"max-image-preview:large","max-video-preview":"max-video-preview:-1"},"canonical":"https:\/\/englanderscr.al\/al\/produkt\/seanca-individuale-trajnimi-gjuhes-angleze\/","og_locale":"sq_AL","og_type":"article","og_title":"Seanca individuale trajnimi gjuhes Angleze - Englanderscr","og_description":"Seanca individuale trajnimi gjuhes Angleze. P\u00ebrmir\u00ebso anglishten t\u00ebnde me seanca trajnimi t\u00eb personalizuara! - Seanca individuale trajnimi gjuhes Angleze","og_url":"https:\/\/englanderscr.al\/al\/produkt\/seanca-individuale-trajnimi-gjuhes-angleze\/","og_site_name":"Englanderscr","article_modified_time":"2025-01-08T18:31:44+00:00","og_image":[{"width":651,"height":611,"url":"https:\/\/englanderscr.al\/wp-content\/uploads\/2023\/04\/logo-Englanders-02.jpg","type":"image\/jpeg"}],"twitter_card":"summary_large_image","twitter_misc":{"Est. reading time":"1 minut\u00eb"},"schema":{"@context":"https:\/\/schema.org","@graph":[{"@type":"WebPage","@id":"https:\/\/englanderscr.al\/product\/seanca-individuale-trajnimi-gjuhes-angleze\/","url":"https:\/\/englanderscr.al\/product\/seanca-individuale-trajnimi-gjuhes-angleze\/","name":"Seanca individuale trajnimi gjuhes Angleze - Englanderscr","isPartOf":{"@id":"https:\/\/englanderscr.al\/#website"},"primaryImageOfPage":{"@id":"https:\/\/englanderscr.al\/product\/seanca-individuale-trajnimi-gjuhes-angleze\/#primaryimage"},"image":{"@id":"https:\/\/englanderscr.al\/product\/seanca-individuale-trajnimi-gjuhes-angleze\/#primaryimage"},"thumbnailUrl":"https:\/\/englanderscr.al\/wp-content\/uploads\/2023\/04\/logo-Englanders-02.jpg","datePublished":"2024-04-21T15:28:44+00:00","dateModified":"2025-01-08T18:31:44+00:00","description":"Seanca individuale trajnimi gjuhes Angleze. P\u00ebrmir\u00ebso anglishten t\u00ebnde me seanca trajnimi t\u00eb personalizuara! - Seanca individuale trajnimi gjuhes Angleze","breadcrumb":{"@id":"https:\/\/englanderscr.al\/product\/seanca-individuale-trajnimi-gjuhes-angleze\/#breadcrumb"},"inLanguage":"sq","potentialAction":[{"@type":"ReadAction","target":["https:\/\/englanderscr.al\/product\/seanca-individuale-trajnimi-gjuhes-angleze\/"]}]},{"@type":"ImageObject","inLanguage":"sq","@id":"https:\/\/englanderscr.al\/product\/seanca-individuale-trajnimi-gjuhes-angleze\/#primaryimage","url":"https:\/\/englanderscr.al\/wp-content\/uploads\/2023\/04\/logo-Englanders-02.jpg","contentUrl":"https:\/\/englanderscr.al\/wp-content\/uploads\/2023\/04\/logo-Englanders-02.jpg","width":651,"height":611},{"@type":"BreadcrumbList","@id":"https:\/\/englanderscr.al\/product\/seanca-individuale-trajnimi-gjuhes-angleze\/#breadcrumb","itemListElement":[{"@type":"ListItem","position":1,"name":"Home","item":"https:\/\/englanderscr.al\/"},{"@type":"ListItem","position":2,"name":"Shop","item":"https:\/\/englanderscr.al\/shop\/"},{"@type":"ListItem","position":3,"name":"Seanca individuale trajnimi gjuhes Angleze"}]},{"@type":"WebSite","@id":"https:\/\/englanderscr.al\/#website","url":"https:\/\/englanderscr.al\/","name":"Englanderscr","description":"EnglandersCR offer the best of the British and international experience for Albanian youth and professionals","publisher":{"@id":"https:\/\/englanderscr.al\/#organization"},"potentialAction":[{"@type":"SearchAction","target":{"@type":"EntryPoint","urlTemplate":"https:\/\/englanderscr.al\/?s={search_term_string}"},"query-input":{"@type":"PropertyValueSpecification","valueRequired":true,"valueName":"search_term_string"}}],"inLanguage":"sq"},{"@type":"Organization","@id":"https:\/\/englanderscr.al\/#organization","name":"Englanderscr","url":"https:\/\/englanderscr.al\/","logo":{"@type":"ImageObject","inLanguage":"sq","@id":"https:\/\/englanderscr.al\/#\/schema\/logo\/image\/","url":"https:\/\/englanderscr.al\/wp-content\/uploads\/2023\/03\/cropped-New-Project-1-1.png","contentUrl":"https:\/\/englanderscr.al\/wp-content\/uploads\/2023\/03\/cropped-New-Project-1-1.png","width":228,"height":150,"caption":"Englanderscr"},"image":{"@id":"https:\/\/englanderscr.al\/#\/schema\/logo\/image\/"}}]}},"_links":{"self":[{"href":"https:\/\/englanderscr.al\/al\/wp-json\/wp\/v2\/product\/3440","targetHints":{"allow":["GET"]}}],"collection":[{"href":"https:\/\/englanderscr.al\/al\/wp-json\/wp\/v2\/product"}],"about":[{"href":"https:\/\/englanderscr.al\/al\/wp-json\/wp\/v2\/types\/product"}],"replies":[{"embeddable":true,"href":"https:\/\/englanderscr.al\/al\/wp-json\/wp\/v2\/comments?post=3440"}],"wp:featuredmedia":[{"embeddable":true,"href":"https:\/\/englanderscr.al\/al\/wp-json\/wp\/v2\/media\/2077"}],"wp:attachment":[{"href":"https:\/\/englanderscr.al\/al\/wp-json\/wp\/v2\/media?parent=3440"}],"wp:term":[{"taxonomy":"product_cat","embeddable":true,"href":"https:\/\/englanderscr.al\/al\/wp-json\/wp\/v2\/product_cat?post=3440"},{"taxonomy":"product_tag","embeddable":true,"href":"https:\/\/englanderscr.al\/al\/wp-json\/wp\/v2\/product_tag?post=3440"}],"curies":[{"name":"wp","href":"https:\/\/api.w.org\/{rel}","templated":true}]}}