{"id":3439,"date":"2024-04-21T15:27:42","date_gmt":"2024-04-21T15:27:42","guid":{"rendered":"https:\/\/englanderscr.al\/?post_type=product&#038;p=3439"},"modified":"2025-01-08T18:25:50","modified_gmt":"2025-01-08T18:25:50","slug":"testimi-i-burses-englanders-scholarship-albania","status":"publish","type":"product","link":"https:\/\/englanderscr.al\/al\/product\/testimi-i-burses-englanders-scholarship-albania\/","title":{"rendered":"Testimi i burs\u00ebs Englanders Scholarship Albania"},"content":{"rendered":"","protected":false},"excerpt":{"rendered":"<p>&#8211; Kandidatet duhet t\u00eb demonstrojn\u00eb aft\u00ebsi t\u00eb shk\u00eblqyera akademike<br \/>\n&#8211; Testimet n\u00eb Anglisht dhe Matematik\u00eb do t\u00eb jen\u00eb p\u00ebrcaktuese<br \/>\n&#8211; Bursat akordohen vet\u00ebm mbi bazen e meritave individuale<br \/>\n&#8211; Faza t\u00eb ndryshme sigurojn\u00eb transparenc\u00ebn n\u00eb p\u00ebrzgjedhje<\/p>\n<p><strong>Do t\u00eb p\u00ebrfitosh:<\/strong><\/p>\n<ul>\n<li>Diplome shkolle te mesme Britanike<\/li>\n<li>Integrim t\u00eb shpejt\u00eb n\u00eb menyren e jetes\u00ebs<\/li>\n<li>Shanse shum\u00eb m\u00eb t\u00eb mira p\u00ebr t\u00eb vazhduar studimet n\u00eb Universitete prestigjioze.<\/li>\n<li>P\u00ebrmiresim te nivelit t\u00eb gjuh\u00ebs Angleze dhe fokus n\u00eb me pak lend\u00eb m\u00ebsimore.<\/li>\n<li>Mund\u00ebsi p\u00ebr t\u00eb p\u00ebrfituar p\u00ebrs\u00ebri burs\u00eb n\u00eb vitet pasardhese<\/li>\n<\/ul>\n<p>&nbsp;<\/p>\n<h4><strong>Sherbimi kushton: 7,000 LEK<\/strong><\/h4>\n<p><strong>Banka Kombetare Tregtare<\/strong><\/p>\n<p><strong>\u00a0<\/strong><strong>ALL account: <\/strong>501884708 CLTJ CLALL SO<\/p>\n<p><strong>Swift <\/strong>NCBAALTX,<\/p>\n<p>IBAN: AL 0320 5115 1988 4708 CLTJ CLALLS<\/p>","protected":false},"featured_media":3481,"comment_status":"open","ping_status":"closed","template":"","meta":[],"product_cat":[29],"product_tag":[],"class_list":{"0":"post-3439","1":"product","2":"type-product","3":"status-publish","4":"has-post-thumbnail","6":"product_cat-uncategorized","8":"first","9":"instock","10":"shipping-taxable","11":"product-type-simple"},"yoast_head":"<!-- This site is optimized with the Yoast SEO plugin v24.0 - https:\/\/yoast.com\/wordpress\/plugins\/seo\/ -->\n<title>Testimi i burs\u00ebs Englanders Scholarship Albania - Englanderscr Englanderscr Testimi i burs\u00ebs Englanders Scholarship Albania -<\/title>\n<meta name=\"description\" content=\"Testimi i burs\u00ebs Englanders Scholarship Albania. Do t\u00eb p\u00ebrfitosh: Diplome shkolle te mesme Britanike. Integrim t\u00eb shpejt\u00eb n\u00eb menyren e jetes\u00ebs. -\" \/>\n<meta name=\"robots\" content=\"index, follow, max-snippet:-1, max-image-preview:large, max-video-preview:-1\" \/>\n<link rel=\"canonical\" href=\"https:\/\/englanderscr.al\/al\/produkt\/testimi-i-burses-englanders-scholarship-albania\/\" \/>\n<meta property=\"og:locale\" content=\"sq_AL\" \/>\n<meta property=\"og:type\" content=\"article\" \/>\n<meta property=\"og:title\" content=\"Testimi i burs\u00ebs Englanders Scholarship Albania - Englanderscr Englanderscr Testimi i burs\u00ebs Englanders Scholarship Albania -\" \/>\n<meta property=\"og:description\" content=\"Testimi i burs\u00ebs Englanders Scholarship Albania. Do t\u00eb p\u00ebrfitosh: Diplome shkolle te mesme Britanike. Integrim t\u00eb shpejt\u00eb n\u00eb menyren e jetes\u00ebs. -\" \/>\n<meta property=\"og:url\" content=\"https:\/\/englanderscr.al\/al\/produkt\/testimi-i-burses-englanders-scholarship-albania\/\" \/>\n<meta property=\"og:site_name\" content=\"Englanderscr\" \/>\n<meta property=\"article:modified_time\" content=\"2025-01-08T18:25:50+00:00\" \/>\n<meta property=\"og:image\" content=\"https:\/\/englanderscr.al\/wp-content\/uploads\/2024\/05\/7.png\" \/>\n\t<meta property=\"og:image:width\" content=\"1080\" \/>\n\t<meta property=\"og:image:height\" content=\"1080\" \/>\n\t<meta property=\"og:image:type\" content=\"image\/png\" \/>\n<meta name=\"twitter:card\" content=\"summary_large_image\" \/>\n<meta name=\"twitter:label1\" content=\"Est. reading time\" \/>\n\t<meta name=\"twitter:data1\" content=\"1 minut\u00eb\" \/>\n<script type=\"application\/ld+json\" class=\"yoast-schema-graph\">{\"@context\":\"https:\/\/schema.org\",\"@graph\":[{\"@type\":\"WebPage\",\"@id\":\"https:\/\/englanderscr.al\/product\/testimi-i-burses-englanders-scholarship-albania\/\",\"url\":\"https:\/\/englanderscr.al\/product\/testimi-i-burses-englanders-scholarship-albania\/\",\"name\":\"Testimi i burs\u00ebs Englanders Scholarship Albania - Englanderscr Englanderscr Testimi i burs\u00ebs Englanders Scholarship Albania -\",\"isPartOf\":{\"@id\":\"https:\/\/englanderscr.al\/#website\"},\"primaryImageOfPage\":{\"@id\":\"https:\/\/englanderscr.al\/product\/testimi-i-burses-englanders-scholarship-albania\/#primaryimage\"},\"image\":{\"@id\":\"https:\/\/englanderscr.al\/product\/testimi-i-burses-englanders-scholarship-albania\/#primaryimage\"},\"thumbnailUrl\":\"https:\/\/englanderscr.al\/wp-content\/uploads\/2024\/05\/7.png\",\"datePublished\":\"2024-04-21T15:27:42+00:00\",\"dateModified\":\"2025-01-08T18:25:50+00:00\",\"description\":\"Testimi i burs\u00ebs Englanders Scholarship Albania. Do t\u00eb p\u00ebrfitosh: Diplome shkolle te mesme Britanike. Integrim t\u00eb shpejt\u00eb n\u00eb menyren e jetes\u00ebs. -\",\"breadcrumb\":{\"@id\":\"https:\/\/englanderscr.al\/product\/testimi-i-burses-englanders-scholarship-albania\/#breadcrumb\"},\"inLanguage\":\"sq\",\"potentialAction\":[{\"@type\":\"ReadAction\",\"target\":[\"https:\/\/englanderscr.al\/product\/testimi-i-burses-englanders-scholarship-albania\/\"]}]},{\"@type\":\"ImageObject\",\"inLanguage\":\"sq\",\"@id\":\"https:\/\/englanderscr.al\/product\/testimi-i-burses-englanders-scholarship-albania\/#primaryimage\",\"url\":\"https:\/\/englanderscr.al\/wp-content\/uploads\/2024\/05\/7.png\",\"contentUrl\":\"https:\/\/englanderscr.al\/wp-content\/uploads\/2024\/05\/7.png\",\"width\":1080,\"height\":1080},{\"@type\":\"BreadcrumbList\",\"@id\":\"https:\/\/englanderscr.al\/product\/testimi-i-burses-englanders-scholarship-albania\/#breadcrumb\",\"itemListElement\":[{\"@type\":\"ListItem\",\"position\":1,\"name\":\"Home\",\"item\":\"https:\/\/englanderscr.al\/\"},{\"@type\":\"ListItem\",\"position\":2,\"name\":\"Shop\",\"item\":\"https:\/\/englanderscr.al\/shop\/\"},{\"@type\":\"ListItem\",\"position\":3,\"name\":\"Testimi i burs\u00ebs Englanders Scholarship Albania\"}]},{\"@type\":\"WebSite\",\"@id\":\"https:\/\/englanderscr.al\/#website\",\"url\":\"https:\/\/englanderscr.al\/\",\"name\":\"Englanderscr\",\"description\":\"EnglandersCR offer the best of the British and international experience for Albanian youth and professionals\",\"publisher\":{\"@id\":\"https:\/\/englanderscr.al\/#organization\"},\"potentialAction\":[{\"@type\":\"SearchAction\",\"target\":{\"@type\":\"EntryPoint\",\"urlTemplate\":\"https:\/\/englanderscr.al\/?s={search_term_string}\"},\"query-input\":{\"@type\":\"PropertyValueSpecification\",\"valueRequired\":true,\"valueName\":\"search_term_string\"}}],\"inLanguage\":\"sq\"},{\"@type\":\"Organization\",\"@id\":\"https:\/\/englanderscr.al\/#organization\",\"name\":\"Englanderscr\",\"url\":\"https:\/\/englanderscr.al\/\",\"logo\":{\"@type\":\"ImageObject\",\"inLanguage\":\"sq\",\"@id\":\"https:\/\/englanderscr.al\/#\/schema\/logo\/image\/\",\"url\":\"https:\/\/englanderscr.al\/wp-content\/uploads\/2023\/03\/cropped-New-Project-1-1.png\",\"contentUrl\":\"https:\/\/englanderscr.al\/wp-content\/uploads\/2023\/03\/cropped-New-Project-1-1.png\",\"width\":228,\"height\":150,\"caption\":\"Englanderscr\"},\"image\":{\"@id\":\"https:\/\/englanderscr.al\/#\/schema\/logo\/image\/\"}}]}<\/script>\n<!-- \/ Yoast SEO plugin. -->","yoast_head_json":{"title":"Testimi i burs\u00ebs Englanders Scholarship Albania - Englanderscr Englanderscr Testimi i burs\u00ebs Englanders Scholarship Albania -","description":"Testimi i burs\u00ebs Englanders Scholarship Albania. Do t\u00eb p\u00ebrfitosh: Diplome shkolle te mesme Britanike. Integrim t\u00eb shpejt\u00eb n\u00eb menyren e jetes\u00ebs. -","robots":{"index":"index","follow":"follow","max-snippet":"max-snippet:-1","max-image-preview":"max-image-preview:large","max-video-preview":"max-video-preview:-1"},"canonical":"https:\/\/englanderscr.al\/al\/produkt\/testimi-i-burses-englanders-scholarship-albania\/","og_locale":"sq_AL","og_type":"article","og_title":"Testimi i burs\u00ebs Englanders Scholarship Albania - Englanderscr Englanderscr Testimi i burs\u00ebs Englanders Scholarship Albania -","og_description":"Testimi i burs\u00ebs Englanders Scholarship Albania. Do t\u00eb p\u00ebrfitosh: Diplome shkolle te mesme Britanike. Integrim t\u00eb shpejt\u00eb n\u00eb menyren e jetes\u00ebs. -","og_url":"https:\/\/englanderscr.al\/al\/produkt\/testimi-i-burses-englanders-scholarship-albania\/","og_site_name":"Englanderscr","article_modified_time":"2025-01-08T18:25:50+00:00","og_image":[{"width":1080,"height":1080,"url":"https:\/\/englanderscr.al\/wp-content\/uploads\/2024\/05\/7.png","type":"image\/png"}],"twitter_card":"summary_large_image","twitter_misc":{"Est. reading time":"1 minut\u00eb"},"schema":{"@context":"https:\/\/schema.org","@graph":[{"@type":"WebPage","@id":"https:\/\/englanderscr.al\/product\/testimi-i-burses-englanders-scholarship-albania\/","url":"https:\/\/englanderscr.al\/product\/testimi-i-burses-englanders-scholarship-albania\/","name":"Testimi i burs\u00ebs Englanders Scholarship Albania - Englanderscr Englanderscr Testimi i burs\u00ebs Englanders Scholarship Albania -","isPartOf":{"@id":"https:\/\/englanderscr.al\/#website"},"primaryImageOfPage":{"@id":"https:\/\/englanderscr.al\/product\/testimi-i-burses-englanders-scholarship-albania\/#primaryimage"},"image":{"@id":"https:\/\/englanderscr.al\/product\/testimi-i-burses-englanders-scholarship-albania\/#primaryimage"},"thumbnailUrl":"https:\/\/englanderscr.al\/wp-content\/uploads\/2024\/05\/7.png","datePublished":"2024-04-21T15:27:42+00:00","dateModified":"2025-01-08T18:25:50+00:00","description":"Testimi i burs\u00ebs Englanders Scholarship Albania. Do t\u00eb p\u00ebrfitosh: Diplome shkolle te mesme Britanike. Integrim t\u00eb shpejt\u00eb n\u00eb menyren e jetes\u00ebs. -","breadcrumb":{"@id":"https:\/\/englanderscr.al\/product\/testimi-i-burses-englanders-scholarship-albania\/#breadcrumb"},"inLanguage":"sq","potentialAction":[{"@type":"ReadAction","target":["https:\/\/englanderscr.al\/product\/testimi-i-burses-englanders-scholarship-albania\/"]}]},{"@type":"ImageObject","inLanguage":"sq","@id":"https:\/\/englanderscr.al\/product\/testimi-i-burses-englanders-scholarship-albania\/#primaryimage","url":"https:\/\/englanderscr.al\/wp-content\/uploads\/2024\/05\/7.png","contentUrl":"https:\/\/englanderscr.al\/wp-content\/uploads\/2024\/05\/7.png","width":1080,"height":1080},{"@type":"BreadcrumbList","@id":"https:\/\/englanderscr.al\/product\/testimi-i-burses-englanders-scholarship-albania\/#breadcrumb","itemListElement":[{"@type":"ListItem","position":1,"name":"Home","item":"https:\/\/englanderscr.al\/"},{"@type":"ListItem","position":2,"name":"Shop","item":"https:\/\/englanderscr.al\/shop\/"},{"@type":"ListItem","position":3,"name":"Testimi i burs\u00ebs Englanders Scholarship Albania"}]},{"@type":"WebSite","@id":"https:\/\/englanderscr.al\/#website","url":"https:\/\/englanderscr.al\/","name":"Englanderscr","description":"EnglandersCR offer the best of the British and international experience for Albanian youth and professionals","publisher":{"@id":"https:\/\/englanderscr.al\/#organization"},"potentialAction":[{"@type":"SearchAction","target":{"@type":"EntryPoint","urlTemplate":"https:\/\/englanderscr.al\/?s={search_term_string}"},"query-input":{"@type":"PropertyValueSpecification","valueRequired":true,"valueName":"search_term_string"}}],"inLanguage":"sq"},{"@type":"Organization","@id":"https:\/\/englanderscr.al\/#organization","name":"Englanderscr","url":"https:\/\/englanderscr.al\/","logo":{"@type":"ImageObject","inLanguage":"sq","@id":"https:\/\/englanderscr.al\/#\/schema\/logo\/image\/","url":"https:\/\/englanderscr.al\/wp-content\/uploads\/2023\/03\/cropped-New-Project-1-1.png","contentUrl":"https:\/\/englanderscr.al\/wp-content\/uploads\/2023\/03\/cropped-New-Project-1-1.png","width":228,"height":150,"caption":"Englanderscr"},"image":{"@id":"https:\/\/englanderscr.al\/#\/schema\/logo\/image\/"}}]}},"_links":{"self":[{"href":"https:\/\/englanderscr.al\/al\/wp-json\/wp\/v2\/product\/3439","targetHints":{"allow":["GET"]}}],"collection":[{"href":"https:\/\/englanderscr.al\/al\/wp-json\/wp\/v2\/product"}],"about":[{"href":"https:\/\/englanderscr.al\/al\/wp-json\/wp\/v2\/types\/product"}],"replies":[{"embeddable":true,"href":"https:\/\/englanderscr.al\/al\/wp-json\/wp\/v2\/comments?post=3439"}],"wp:featuredmedia":[{"embeddable":true,"href":"https:\/\/englanderscr.al\/al\/wp-json\/wp\/v2\/media\/3481"}],"wp:attachment":[{"href":"https:\/\/englanderscr.al\/al\/wp-json\/wp\/v2\/media?parent=3439"}],"wp:term":[{"taxonomy":"product_cat","embeddable":true,"href":"https:\/\/englanderscr.al\/al\/wp-json\/wp\/v2\/product_cat?post=3439"},{"taxonomy":"product_tag","embeddable":true,"href":"https:\/\/englanderscr.al\/al\/wp-json\/wp\/v2\/product_tag?post=3439"}],"curies":[{"name":"wp","href":"https:\/\/api.w.org\/{rel}","templated":true}]}}