{"id":3438,"date":"2024-04-21T15:26:56","date_gmt":"2024-04-21T15:26:56","guid":{"rendered":"https:\/\/englanderscr.al\/?post_type=product&#038;p=3438"},"modified":"2025-09-08T15:10:29","modified_gmt":"2025-09-08T15:10:29","slug":"aplikim-studime-ne-canada","status":"publish","type":"product","link":"https:\/\/englanderscr.al\/al\/product\/aplikim-studime-ne-canada\/","title":{"rendered":"Aplikim studime n\u00eb Canada"},"content":{"rendered":"<p><strong>Aplikim pran\u00eb institucioneve akademike n\u00eb Canada<\/strong><\/p>\n<p>\u2714 prezantim i ofertes universitare bazuar n\u00eb kushtet e studentit,<\/p>\n<p>\u2714 negocim burse,<\/p>\n<p>\u2714 k\u00ebshillim p\u00ebr pranim oferte,<\/p>\n<p>\u2714 p\u00ebrpilim dokumentacioni,<\/p>","protected":false},"excerpt":{"rendered":"<p><strong>Aplikim prane institucioneve akademike n\u00eb Canada<\/strong><\/p>\n<p><strong>Aplikimi p\u00ebr studime n\u00eb Kanada<\/strong> p\u00ebrfshin dy hapa kryesor\u00eb: pranimi n\u00eb nj\u00eb institucion edukimi dhe aplikimi p\u00ebr <strong>Study Permit<\/strong> (Leja e Studimit), q\u00eb \u00ebsht\u00eb ekuivalenti i viz\u00ebs p\u00ebr student\u00eb.<\/p>\n<p>Englanders CR ka nj\u00eb rekord aplikimesh t\u00eb sukseshme per studime jashte vendit.<\/p>\n<ul>\n<li>prezantim i ofertes universitare bazuar n\u00eb kushtet e studentit<\/li>\n<li>negocim burse<\/li>\n<li>k\u00ebshillim p\u00ebr pranim oferte<\/li>\n<li>p\u00ebrpilim dokumentacioni<\/li>\n<\/ul>\n<h3><strong>Kosto e sherbimit: 5<\/strong><strong>00 CAD (Dollare Kanadez)<\/strong><\/h3>\n<p><strong>Bank details Englanders CR:<\/strong><\/p>\n<p><strong>BKT \u2013 Banka Kombetare Tregtare<\/strong><\/p>\n<p><strong>CAD account:\u00a0<\/strong>501884708 CLTJCF CAD CB<\/p>\n<p><strong>Swift\u00a0<\/strong>NCBAALTX,<\/p>\n<p><strong>IBAN:<\/strong>\u00a0AL25 2051 1519 8847 08CL TJCF CADC<\/p>","protected":false},"featured_media":3482,"comment_status":"open","ping_status":"closed","template":"","meta":[],"product_cat":[29],"product_tag":[],"class_list":{"0":"post-3438","1":"product","2":"type-product","3":"status-publish","4":"has-post-thumbnail","6":"product_cat-uncategorized","8":"first","9":"instock","10":"shipping-taxable","11":"product-type-simple"},"yoast_head":"<!-- This site is optimized with the Yoast SEO plugin v24.0 - https:\/\/yoast.com\/wordpress\/plugins\/seo\/ -->\n<title>Aplikim studime n\u00eb Canada - Englanderscr<\/title>\n<meta name=\"description\" content=\"Aplikimi p\u00ebr nj\u00eb viz\u00eb studenti n\u00eb Kanada (Student Visa), e cila quhet zyrtarisht Study Permit, p\u00ebrfshin disa hapa t\u00eb r\u00ebnd\u00ebsish\u00ebm. Kjo viz\u00eb ju lejon t\u00eb studioni n\u00eb nj\u00eb institucion t\u00eb miratuar kanadez (Designated Learning Institution - DLI).\" \/>\n<meta name=\"robots\" content=\"index, follow, max-snippet:-1, max-image-preview:large, max-video-preview:-1\" \/>\n<link rel=\"canonical\" href=\"https:\/\/englanderscr.al\/al\/produkt\/aplikim-studime-ne-canada\/\" \/>\n<meta property=\"og:locale\" content=\"sq_AL\" \/>\n<meta property=\"og:type\" content=\"article\" \/>\n<meta property=\"og:title\" content=\"Aplikim studime n\u00eb Canada - Englanderscr\" \/>\n<meta property=\"og:description\" content=\"Aplikimi p\u00ebr nj\u00eb viz\u00eb studenti n\u00eb Kanada (Student Visa), e cila quhet zyrtarisht Study Permit, p\u00ebrfshin disa hapa t\u00eb r\u00ebnd\u00ebsish\u00ebm. Kjo viz\u00eb ju lejon t\u00eb studioni n\u00eb nj\u00eb institucion t\u00eb miratuar kanadez (Designated Learning Institution - DLI).\" \/>\n<meta property=\"og:url\" content=\"https:\/\/englanderscr.al\/al\/produkt\/aplikim-studime-ne-canada\/\" \/>\n<meta property=\"og:site_name\" content=\"Englanderscr\" \/>\n<meta property=\"article:modified_time\" content=\"2025-09-08T15:10:29+00:00\" \/>\n<meta property=\"og:image\" content=\"https:\/\/englanderscr.al\/wp-content\/uploads\/2024\/05\/8.png\" \/>\n\t<meta property=\"og:image:width\" content=\"1080\" \/>\n\t<meta property=\"og:image:height\" content=\"1080\" \/>\n\t<meta property=\"og:image:type\" content=\"image\/png\" \/>\n<meta name=\"twitter:card\" content=\"summary_large_image\" \/>\n<meta name=\"twitter:label1\" content=\"Est. reading time\" \/>\n\t<meta name=\"twitter:data1\" content=\"1 minut\u00eb\" \/>\n<script type=\"application\/ld+json\" class=\"yoast-schema-graph\">{\"@context\":\"https:\/\/schema.org\",\"@graph\":[{\"@type\":\"WebPage\",\"@id\":\"https:\/\/englanderscr.al\/product\/aplikim-studime-ne-canada\/\",\"url\":\"https:\/\/englanderscr.al\/product\/aplikim-studime-ne-canada\/\",\"name\":\"Aplikim studime n\u00eb Canada - Englanderscr\",\"isPartOf\":{\"@id\":\"https:\/\/englanderscr.al\/#website\"},\"primaryImageOfPage\":{\"@id\":\"https:\/\/englanderscr.al\/product\/aplikim-studime-ne-canada\/#primaryimage\"},\"image\":{\"@id\":\"https:\/\/englanderscr.al\/product\/aplikim-studime-ne-canada\/#primaryimage\"},\"thumbnailUrl\":\"https:\/\/englanderscr.al\/wp-content\/uploads\/2024\/05\/8.png\",\"datePublished\":\"2024-04-21T15:26:56+00:00\",\"dateModified\":\"2025-09-08T15:10:29+00:00\",\"description\":\"Aplikimi p\u00ebr nj\u00eb viz\u00eb studenti n\u00eb Kanada (Student Visa), e cila quhet zyrtarisht Study Permit, p\u00ebrfshin disa hapa t\u00eb r\u00ebnd\u00ebsish\u00ebm. Kjo viz\u00eb ju lejon t\u00eb studioni n\u00eb nj\u00eb institucion t\u00eb miratuar kanadez (Designated Learning Institution - DLI).\",\"breadcrumb\":{\"@id\":\"https:\/\/englanderscr.al\/product\/aplikim-studime-ne-canada\/#breadcrumb\"},\"inLanguage\":\"sq\",\"potentialAction\":[{\"@type\":\"ReadAction\",\"target\":[\"https:\/\/englanderscr.al\/product\/aplikim-studime-ne-canada\/\"]}]},{\"@type\":\"ImageObject\",\"inLanguage\":\"sq\",\"@id\":\"https:\/\/englanderscr.al\/product\/aplikim-studime-ne-canada\/#primaryimage\",\"url\":\"https:\/\/englanderscr.al\/wp-content\/uploads\/2024\/05\/8.png\",\"contentUrl\":\"https:\/\/englanderscr.al\/wp-content\/uploads\/2024\/05\/8.png\",\"width\":1080,\"height\":1080},{\"@type\":\"BreadcrumbList\",\"@id\":\"https:\/\/englanderscr.al\/product\/aplikim-studime-ne-canada\/#breadcrumb\",\"itemListElement\":[{\"@type\":\"ListItem\",\"position\":1,\"name\":\"Home\",\"item\":\"https:\/\/englanderscr.al\/\"},{\"@type\":\"ListItem\",\"position\":2,\"name\":\"Shop\",\"item\":\"https:\/\/englanderscr.al\/shop\/\"},{\"@type\":\"ListItem\",\"position\":3,\"name\":\"Aplikim studime n\u00eb Canada\"}]},{\"@type\":\"WebSite\",\"@id\":\"https:\/\/englanderscr.al\/#website\",\"url\":\"https:\/\/englanderscr.al\/\",\"name\":\"Englanderscr\",\"description\":\"EnglandersCR offer the best of the British and international experience for Albanian youth and professionals\",\"publisher\":{\"@id\":\"https:\/\/englanderscr.al\/#organization\"},\"potentialAction\":[{\"@type\":\"SearchAction\",\"target\":{\"@type\":\"EntryPoint\",\"urlTemplate\":\"https:\/\/englanderscr.al\/?s={search_term_string}\"},\"query-input\":{\"@type\":\"PropertyValueSpecification\",\"valueRequired\":true,\"valueName\":\"search_term_string\"}}],\"inLanguage\":\"sq\"},{\"@type\":\"Organization\",\"@id\":\"https:\/\/englanderscr.al\/#organization\",\"name\":\"Englanderscr\",\"url\":\"https:\/\/englanderscr.al\/\",\"logo\":{\"@type\":\"ImageObject\",\"inLanguage\":\"sq\",\"@id\":\"https:\/\/englanderscr.al\/#\/schema\/logo\/image\/\",\"url\":\"https:\/\/englanderscr.al\/wp-content\/uploads\/2023\/03\/cropped-New-Project-1-1.png\",\"contentUrl\":\"https:\/\/englanderscr.al\/wp-content\/uploads\/2023\/03\/cropped-New-Project-1-1.png\",\"width\":228,\"height\":150,\"caption\":\"Englanderscr\"},\"image\":{\"@id\":\"https:\/\/englanderscr.al\/#\/schema\/logo\/image\/\"}}]}<\/script>\n<!-- \/ Yoast SEO plugin. -->","yoast_head_json":{"title":"Aplikim studime n\u00eb Canada - Englanderscr","description":"Aplikimi p\u00ebr nj\u00eb viz\u00eb studenti n\u00eb Kanada (Student Visa), e cila quhet zyrtarisht Study Permit, p\u00ebrfshin disa hapa t\u00eb r\u00ebnd\u00ebsish\u00ebm. Kjo viz\u00eb ju lejon t\u00eb studioni n\u00eb nj\u00eb institucion t\u00eb miratuar kanadez (Designated Learning Institution - DLI).","robots":{"index":"index","follow":"follow","max-snippet":"max-snippet:-1","max-image-preview":"max-image-preview:large","max-video-preview":"max-video-preview:-1"},"canonical":"https:\/\/englanderscr.al\/al\/produkt\/aplikim-studime-ne-canada\/","og_locale":"sq_AL","og_type":"article","og_title":"Aplikim studime n\u00eb Canada - Englanderscr","og_description":"Aplikimi p\u00ebr nj\u00eb viz\u00eb studenti n\u00eb Kanada (Student Visa), e cila quhet zyrtarisht Study Permit, p\u00ebrfshin disa hapa t\u00eb r\u00ebnd\u00ebsish\u00ebm. Kjo viz\u00eb ju lejon t\u00eb studioni n\u00eb nj\u00eb institucion t\u00eb miratuar kanadez (Designated Learning Institution - DLI).","og_url":"https:\/\/englanderscr.al\/al\/produkt\/aplikim-studime-ne-canada\/","og_site_name":"Englanderscr","article_modified_time":"2025-09-08T15:10:29+00:00","og_image":[{"width":1080,"height":1080,"url":"https:\/\/englanderscr.al\/wp-content\/uploads\/2024\/05\/8.png","type":"image\/png"}],"twitter_card":"summary_large_image","twitter_misc":{"Est. reading time":"1 minut\u00eb"},"schema":{"@context":"https:\/\/schema.org","@graph":[{"@type":"WebPage","@id":"https:\/\/englanderscr.al\/product\/aplikim-studime-ne-canada\/","url":"https:\/\/englanderscr.al\/product\/aplikim-studime-ne-canada\/","name":"Aplikim studime n\u00eb Canada - Englanderscr","isPartOf":{"@id":"https:\/\/englanderscr.al\/#website"},"primaryImageOfPage":{"@id":"https:\/\/englanderscr.al\/product\/aplikim-studime-ne-canada\/#primaryimage"},"image":{"@id":"https:\/\/englanderscr.al\/product\/aplikim-studime-ne-canada\/#primaryimage"},"thumbnailUrl":"https:\/\/englanderscr.al\/wp-content\/uploads\/2024\/05\/8.png","datePublished":"2024-04-21T15:26:56+00:00","dateModified":"2025-09-08T15:10:29+00:00","description":"Aplikimi p\u00ebr nj\u00eb viz\u00eb studenti n\u00eb Kanada (Student Visa), e cila quhet zyrtarisht Study Permit, p\u00ebrfshin disa hapa t\u00eb r\u00ebnd\u00ebsish\u00ebm. Kjo viz\u00eb ju lejon t\u00eb studioni n\u00eb nj\u00eb institucion t\u00eb miratuar kanadez (Designated Learning Institution - DLI).","breadcrumb":{"@id":"https:\/\/englanderscr.al\/product\/aplikim-studime-ne-canada\/#breadcrumb"},"inLanguage":"sq","potentialAction":[{"@type":"ReadAction","target":["https:\/\/englanderscr.al\/product\/aplikim-studime-ne-canada\/"]}]},{"@type":"ImageObject","inLanguage":"sq","@id":"https:\/\/englanderscr.al\/product\/aplikim-studime-ne-canada\/#primaryimage","url":"https:\/\/englanderscr.al\/wp-content\/uploads\/2024\/05\/8.png","contentUrl":"https:\/\/englanderscr.al\/wp-content\/uploads\/2024\/05\/8.png","width":1080,"height":1080},{"@type":"BreadcrumbList","@id":"https:\/\/englanderscr.al\/product\/aplikim-studime-ne-canada\/#breadcrumb","itemListElement":[{"@type":"ListItem","position":1,"name":"Home","item":"https:\/\/englanderscr.al\/"},{"@type":"ListItem","position":2,"name":"Shop","item":"https:\/\/englanderscr.al\/shop\/"},{"@type":"ListItem","position":3,"name":"Aplikim studime n\u00eb Canada"}]},{"@type":"WebSite","@id":"https:\/\/englanderscr.al\/#website","url":"https:\/\/englanderscr.al\/","name":"Englanderscr","description":"EnglandersCR offer the best of the British and international experience for Albanian youth and professionals","publisher":{"@id":"https:\/\/englanderscr.al\/#organization"},"potentialAction":[{"@type":"SearchAction","target":{"@type":"EntryPoint","urlTemplate":"https:\/\/englanderscr.al\/?s={search_term_string}"},"query-input":{"@type":"PropertyValueSpecification","valueRequired":true,"valueName":"search_term_string"}}],"inLanguage":"sq"},{"@type":"Organization","@id":"https:\/\/englanderscr.al\/#organization","name":"Englanderscr","url":"https:\/\/englanderscr.al\/","logo":{"@type":"ImageObject","inLanguage":"sq","@id":"https:\/\/englanderscr.al\/#\/schema\/logo\/image\/","url":"https:\/\/englanderscr.al\/wp-content\/uploads\/2023\/03\/cropped-New-Project-1-1.png","contentUrl":"https:\/\/englanderscr.al\/wp-content\/uploads\/2023\/03\/cropped-New-Project-1-1.png","width":228,"height":150,"caption":"Englanderscr"},"image":{"@id":"https:\/\/englanderscr.al\/#\/schema\/logo\/image\/"}}]}},"_links":{"self":[{"href":"https:\/\/englanderscr.al\/al\/wp-json\/wp\/v2\/product\/3438","targetHints":{"allow":["GET"]}}],"collection":[{"href":"https:\/\/englanderscr.al\/al\/wp-json\/wp\/v2\/product"}],"about":[{"href":"https:\/\/englanderscr.al\/al\/wp-json\/wp\/v2\/types\/product"}],"replies":[{"embeddable":true,"href":"https:\/\/englanderscr.al\/al\/wp-json\/wp\/v2\/comments?post=3438"}],"wp:featuredmedia":[{"embeddable":true,"href":"https:\/\/englanderscr.al\/al\/wp-json\/wp\/v2\/media\/3482"}],"wp:attachment":[{"href":"https:\/\/englanderscr.al\/al\/wp-json\/wp\/v2\/media?parent=3438"}],"wp:term":[{"taxonomy":"product_cat","embeddable":true,"href":"https:\/\/englanderscr.al\/al\/wp-json\/wp\/v2\/product_cat?post=3438"},{"taxonomy":"product_tag","embeddable":true,"href":"https:\/\/englanderscr.al\/al\/wp-json\/wp\/v2\/product_tag?post=3438"}],"curies":[{"name":"wp","href":"https:\/\/api.w.org\/{rel}","templated":true}]}}