{"id":3435,"date":"2024-04-21T15:21:17","date_gmt":"2024-04-21T15:21:17","guid":{"rendered":"https:\/\/englanderscr.al\/?post_type=product&#038;p=3435"},"modified":"2025-09-23T12:57:42","modified_gmt":"2025-09-23T12:57:42","slug":"konsulence-per-kushtet-e-pergjithshme-viza","status":"publish","type":"product","link":"https:\/\/englanderscr.al\/al\/product\/konsulence-per-kushtet-e-pergjithshme-viza\/","title":{"rendered":"Konsulence p\u00ebr kushtet e p\u00ebrgjithshme p\u00ebr vizat"},"content":{"rendered":"<h3><strong>Aplikimi p\u00ebr viz\u00eb<\/strong><\/h3>\n<p><strong>Ne ju udh\u00ebzojm\u00eb shpejt gjat\u00eb procesit duke:<\/strong><\/p>\n<ul>\n<li>Ofrimi i nj\u00eb konsultimi fillestar nj\u00eb me nj\u00eb<\/li>\n<li>Sigurimi i nj\u00eb liste kontrolli p\u00ebr dokumentet e nevojshme mb\u00ebshtet\u00ebse<\/li>\n<li>Plot\u00ebsimi dhe dor\u00ebzimi i aplikimit tuaj online n\u00eb UKVI<\/li>\n<li>Kontrollimi i t\u00eb gjitha dokumenteve mb\u00ebshtet\u00ebse<\/li>\n<li>Rezervoni nj\u00eb takim p\u00ebr dokumentet tuaja q\u00eb do t\u00eb dor\u00ebzohen n\u00eb nj\u00eb qend\u00ebr vizash n\u00eb Mbret\u00ebrin\u00eb e Bashkuar.<\/li>\n<li>Aplikimi p\u00ebr sh\u00ebrbime me vler\u00eb t\u00eb shtuar p\u00ebrfshir\u00eb UKVI &#8216;viza prioritare&#8217; dhe sh\u00ebrbimi &#8216;walk in&#8217; me rezultatin e viz\u00ebs brenda 5 dit\u00ebve pune<\/li>\n<li>P\u00ebrgatitja e ACI<\/li>\n<\/ul>","protected":false},"excerpt":{"rendered":"<h3><strong>Konsulence p\u00ebr kushtet e p\u00ebrgjithshme p\u00ebr <a href=\"https:\/\/englanderscr.al\/al\/visa\/\">viz\u00eb<\/a><\/strong><\/h3>\n<p><strong>Ne ju udh\u00ebzojm\u00eb shpejt gjat\u00eb procesit duke:<\/strong><\/p>\n<ul>\n<li>Ofrimi i nj\u00eb konsultimi fillestar nj\u00eb me nj\u00eb<\/li>\n<li>Sigurimi i nj\u00eb liste kontrolli p\u00ebr dokumentet e nevojshme mb\u00ebshtet\u00ebse<\/li>\n<li>Plot\u00ebsimi dhe dor\u00ebzimi i aplikimit tuaj online n\u00eb UKVI<\/li>\n<li>Kontrollimi i t\u00eb gjitha dokumenteve mb\u00ebshtet\u00ebse<\/li>\n<li>Rezervoni nj\u00eb takim p\u00ebr dokumentet tuaja q\u00eb do t\u00eb dor\u00ebzohen n\u00eb nj\u00eb qend\u00ebr vizash n\u00eb Mbret\u00ebrin\u00eb e Bashkuar.<\/li>\n<li>Aplikimi p\u00ebr sh\u00ebrbime me vler\u00eb t\u00eb shtuar p\u00ebrfshir\u00eb UKVI &#8216;viza prioritare&#8217; dhe sh\u00ebrbimi &#8216;walk in&#8217; me rezultatin e viz\u00ebs brenda 5 dit\u00ebve pune<\/li>\n<li>P\u00ebrgatitja e ACI<\/li>\n<\/ul>\n<h3>Kosto e sherbimit: 20,000 (LEK)<\/h3>\n<p>&nbsp;<\/p>\n<p><strong>Banka Kombetare Tregtare<\/strong><\/p>\n<p><strong>ALL account:\u00a0<\/strong>501884708 CLTJ CLALL SO<\/p>\n<p><strong>Swift\u00a0<\/strong>NCBAALTX,<\/p>\n<p><strong>IBAN:<\/strong> AL 0320 5115 1988 4708 CLTJ CLALLS<\/p>","protected":false},"featured_media":3480,"comment_status":"open","ping_status":"closed","template":"","meta":[],"product_cat":[29],"product_tag":[],"class_list":{"0":"post-3435","1":"product","2":"type-product","3":"status-publish","4":"has-post-thumbnail","6":"product_cat-uncategorized","8":"first","9":"instock","10":"shipping-taxable","11":"product-type-simple"},"yoast_head":"<!-- This site is optimized with the Yoast SEO plugin v24.0 - https:\/\/yoast.com\/wordpress\/plugins\/seo\/ -->\n<title>Konsulence p\u00ebr kushtet e p\u00ebrgjithshme p\u00ebr vizat - Englanderscr<\/title>\n<meta name=\"description\" content=\"Aplikimi p\u00ebr viz\u00eb. Ne ju udh\u00ebzojm\u00eb shpejt gjat\u00eb procesit duke: Ofrimi i nj\u00eb konsultimi fillestar nj\u00eb me nj\u00eb . Sigurimi i nj\u00eb liste kontrolli p\u00ebr dokumentet e nevojshme mb\u00ebshtet\u00ebse. Plot\u00ebsimi dhe dor\u00ebzimi i aplikimit tuaj online n\u00eb UKVI. Kontrollimi i t\u00eb gjitha dokumenteve mb\u00ebshtet\u00ebse. Rezervoni nj\u00eb takim p\u00ebr dokumentet tuaja q\u00eb do t\u00eb dor\u00ebzohen n\u00eb nj\u00eb qend\u00ebr vizash n\u00eb Mbret\u00ebrin\u00eb e Bashkuar. Aplikimi p\u00ebr sh\u00ebrbime me vler\u00eb t\u00eb shtuar p\u00ebrfshir\u00eb UKVI &#039;viza prioritare&#039; dhe sh\u00ebrbimi &#039;walk in&#039; me rezultatin e viz\u00ebs brenda 5 dit\u00ebve puneP\u00ebrgatitja e ACI Englanderscr Konsulence p\u00ebr kushtet e p\u00ebrgjithshme p\u00ebr vizat\" \/>\n<meta name=\"robots\" content=\"index, follow, max-snippet:-1, max-image-preview:large, max-video-preview:-1\" \/>\n<link rel=\"canonical\" href=\"https:\/\/englanderscr.al\/al\/produkt\/konsulence-per-kushtet-e-pergjithshme-viza\/\" \/>\n<meta property=\"og:locale\" content=\"sq_AL\" \/>\n<meta property=\"og:type\" content=\"article\" \/>\n<meta property=\"og:title\" content=\"Konsulence p\u00ebr kushtet e p\u00ebrgjithshme p\u00ebr vizat - Englanderscr\" \/>\n<meta property=\"og:description\" content=\"Aplikimi p\u00ebr viz\u00eb. Ne ju udh\u00ebzojm\u00eb shpejt gjat\u00eb procesit duke: Ofrimi i nj\u00eb konsultimi fillestar nj\u00eb me nj\u00eb . Sigurimi i nj\u00eb liste kontrolli p\u00ebr dokumentet e nevojshme mb\u00ebshtet\u00ebse. Plot\u00ebsimi dhe dor\u00ebzimi i aplikimit tuaj online n\u00eb UKVI. Kontrollimi i t\u00eb gjitha dokumenteve mb\u00ebshtet\u00ebse. Rezervoni nj\u00eb takim p\u00ebr dokumentet tuaja q\u00eb do t\u00eb dor\u00ebzohen n\u00eb nj\u00eb qend\u00ebr vizash n\u00eb Mbret\u00ebrin\u00eb e Bashkuar. Aplikimi p\u00ebr sh\u00ebrbime me vler\u00eb t\u00eb shtuar p\u00ebrfshir\u00eb UKVI &#039;viza prioritare&#039; dhe sh\u00ebrbimi &#039;walk in&#039; me rezultatin e viz\u00ebs brenda 5 dit\u00ebve puneP\u00ebrgatitja e ACI Englanderscr Konsulence p\u00ebr kushtet e p\u00ebrgjithshme p\u00ebr vizat\" \/>\n<meta property=\"og:url\" content=\"https:\/\/englanderscr.al\/al\/produkt\/konsulence-per-kushtet-e-pergjithshme-viza\/\" \/>\n<meta property=\"og:site_name\" content=\"Englanderscr\" \/>\n<meta property=\"article:modified_time\" content=\"2025-09-23T12:57:42+00:00\" \/>\n<meta property=\"og:image\" content=\"https:\/\/englanderscr.al\/wp-content\/uploads\/2024\/05\/6.png\" \/>\n\t<meta property=\"og:image:width\" content=\"1080\" \/>\n\t<meta property=\"og:image:height\" content=\"1080\" \/>\n\t<meta property=\"og:image:type\" content=\"image\/png\" \/>\n<meta name=\"twitter:card\" content=\"summary_large_image\" \/>\n<meta name=\"twitter:label1\" content=\"Est. reading time\" \/>\n\t<meta name=\"twitter:data1\" content=\"1 minut\u00eb\" \/>\n<script type=\"application\/ld+json\" class=\"yoast-schema-graph\">{\"@context\":\"https:\/\/schema.org\",\"@graph\":[{\"@type\":\"WebPage\",\"@id\":\"https:\/\/englanderscr.al\/product\/konsulence-per-kushtet-e-pergjithshme-viza\/\",\"url\":\"https:\/\/englanderscr.al\/product\/konsulence-per-kushtet-e-pergjithshme-viza\/\",\"name\":\"Konsulence p\u00ebr kushtet e p\u00ebrgjithshme p\u00ebr vizat - Englanderscr\",\"isPartOf\":{\"@id\":\"https:\/\/englanderscr.al\/#website\"},\"primaryImageOfPage\":{\"@id\":\"https:\/\/englanderscr.al\/product\/konsulence-per-kushtet-e-pergjithshme-viza\/#primaryimage\"},\"image\":{\"@id\":\"https:\/\/englanderscr.al\/product\/konsulence-per-kushtet-e-pergjithshme-viza\/#primaryimage\"},\"thumbnailUrl\":\"https:\/\/englanderscr.al\/wp-content\/uploads\/2024\/05\/6.png\",\"datePublished\":\"2024-04-21T15:21:17+00:00\",\"dateModified\":\"2025-09-23T12:57:42+00:00\",\"description\":\"Aplikimi p\u00ebr viz\u00eb. Ne ju udh\u00ebzojm\u00eb shpejt gjat\u00eb procesit duke: Ofrimi i nj\u00eb konsultimi fillestar nj\u00eb me nj\u00eb . Sigurimi i nj\u00eb liste kontrolli p\u00ebr dokumentet e nevojshme mb\u00ebshtet\u00ebse. Plot\u00ebsimi dhe dor\u00ebzimi i aplikimit tuaj online n\u00eb UKVI. Kontrollimi i t\u00eb gjitha dokumenteve mb\u00ebshtet\u00ebse. Rezervoni nj\u00eb takim p\u00ebr dokumentet tuaja q\u00eb do t\u00eb dor\u00ebzohen n\u00eb nj\u00eb qend\u00ebr vizash n\u00eb Mbret\u00ebrin\u00eb e Bashkuar. Aplikimi p\u00ebr sh\u00ebrbime me vler\u00eb t\u00eb shtuar p\u00ebrfshir\u00eb UKVI 'viza prioritare' dhe sh\u00ebrbimi 'walk in' me rezultatin e viz\u00ebs brenda 5 dit\u00ebve puneP\u00ebrgatitja e ACI Englanderscr Konsulence p\u00ebr kushtet e p\u00ebrgjithshme p\u00ebr vizat\",\"breadcrumb\":{\"@id\":\"https:\/\/englanderscr.al\/product\/konsulence-per-kushtet-e-pergjithshme-viza\/#breadcrumb\"},\"inLanguage\":\"sq\",\"potentialAction\":[{\"@type\":\"ReadAction\",\"target\":[\"https:\/\/englanderscr.al\/product\/konsulence-per-kushtet-e-pergjithshme-viza\/\"]}]},{\"@type\":\"ImageObject\",\"inLanguage\":\"sq\",\"@id\":\"https:\/\/englanderscr.al\/product\/konsulence-per-kushtet-e-pergjithshme-viza\/#primaryimage\",\"url\":\"https:\/\/englanderscr.al\/wp-content\/uploads\/2024\/05\/6.png\",\"contentUrl\":\"https:\/\/englanderscr.al\/wp-content\/uploads\/2024\/05\/6.png\",\"width\":1080,\"height\":1080},{\"@type\":\"BreadcrumbList\",\"@id\":\"https:\/\/englanderscr.al\/product\/konsulence-per-kushtet-e-pergjithshme-viza\/#breadcrumb\",\"itemListElement\":[{\"@type\":\"ListItem\",\"position\":1,\"name\":\"Home\",\"item\":\"https:\/\/englanderscr.al\/\"},{\"@type\":\"ListItem\",\"position\":2,\"name\":\"Shop\",\"item\":\"https:\/\/englanderscr.al\/shop\/\"},{\"@type\":\"ListItem\",\"position\":3,\"name\":\"Konsulence p\u00ebr kushtet e p\u00ebrgjithshme p\u00ebr vizat\"}]},{\"@type\":\"WebSite\",\"@id\":\"https:\/\/englanderscr.al\/#website\",\"url\":\"https:\/\/englanderscr.al\/\",\"name\":\"Englanderscr\",\"description\":\"EnglandersCR offer the best of the British and international experience for Albanian youth and professionals\",\"publisher\":{\"@id\":\"https:\/\/englanderscr.al\/#organization\"},\"potentialAction\":[{\"@type\":\"SearchAction\",\"target\":{\"@type\":\"EntryPoint\",\"urlTemplate\":\"https:\/\/englanderscr.al\/?s={search_term_string}\"},\"query-input\":{\"@type\":\"PropertyValueSpecification\",\"valueRequired\":true,\"valueName\":\"search_term_string\"}}],\"inLanguage\":\"sq\"},{\"@type\":\"Organization\",\"@id\":\"https:\/\/englanderscr.al\/#organization\",\"name\":\"Englanderscr\",\"url\":\"https:\/\/englanderscr.al\/\",\"logo\":{\"@type\":\"ImageObject\",\"inLanguage\":\"sq\",\"@id\":\"https:\/\/englanderscr.al\/#\/schema\/logo\/image\/\",\"url\":\"https:\/\/englanderscr.al\/wp-content\/uploads\/2023\/03\/cropped-New-Project-1-1.png\",\"contentUrl\":\"https:\/\/englanderscr.al\/wp-content\/uploads\/2023\/03\/cropped-New-Project-1-1.png\",\"width\":228,\"height\":150,\"caption\":\"Englanderscr\"},\"image\":{\"@id\":\"https:\/\/englanderscr.al\/#\/schema\/logo\/image\/\"}}]}<\/script>\n<!-- \/ Yoast SEO plugin. -->","yoast_head_json":{"title":"Konsulence p\u00ebr kushtet e p\u00ebrgjithshme p\u00ebr vizat - Englanderscr","description":"Aplikimi p\u00ebr viz\u00eb. Ne ju udh\u00ebzojm\u00eb shpejt gjat\u00eb procesit duke: Ofrimi i nj\u00eb konsultimi fillestar nj\u00eb me nj\u00eb . Sigurimi i nj\u00eb liste kontrolli p\u00ebr dokumentet e nevojshme mb\u00ebshtet\u00ebse. Plot\u00ebsimi dhe dor\u00ebzimi i aplikimit tuaj online n\u00eb UKVI. Kontrollimi i t\u00eb gjitha dokumenteve mb\u00ebshtet\u00ebse. Rezervoni nj\u00eb takim p\u00ebr dokumentet tuaja q\u00eb do t\u00eb dor\u00ebzohen n\u00eb nj\u00eb qend\u00ebr vizash n\u00eb Mbret\u00ebrin\u00eb e Bashkuar. Aplikimi p\u00ebr sh\u00ebrbime me vler\u00eb t\u00eb shtuar p\u00ebrfshir\u00eb UKVI 'viza prioritare' dhe sh\u00ebrbimi 'walk in' me rezultatin e viz\u00ebs brenda 5 dit\u00ebve puneP\u00ebrgatitja e ACI Englanderscr Konsulence p\u00ebr kushtet e p\u00ebrgjithshme p\u00ebr vizat","robots":{"index":"index","follow":"follow","max-snippet":"max-snippet:-1","max-image-preview":"max-image-preview:large","max-video-preview":"max-video-preview:-1"},"canonical":"https:\/\/englanderscr.al\/al\/produkt\/konsulence-per-kushtet-e-pergjithshme-viza\/","og_locale":"sq_AL","og_type":"article","og_title":"Konsulence p\u00ebr kushtet e p\u00ebrgjithshme p\u00ebr vizat - Englanderscr","og_description":"Aplikimi p\u00ebr viz\u00eb. Ne ju udh\u00ebzojm\u00eb shpejt gjat\u00eb procesit duke: Ofrimi i nj\u00eb konsultimi fillestar nj\u00eb me nj\u00eb . Sigurimi i nj\u00eb liste kontrolli p\u00ebr dokumentet e nevojshme mb\u00ebshtet\u00ebse. Plot\u00ebsimi dhe dor\u00ebzimi i aplikimit tuaj online n\u00eb UKVI. Kontrollimi i t\u00eb gjitha dokumenteve mb\u00ebshtet\u00ebse. Rezervoni nj\u00eb takim p\u00ebr dokumentet tuaja q\u00eb do t\u00eb dor\u00ebzohen n\u00eb nj\u00eb qend\u00ebr vizash n\u00eb Mbret\u00ebrin\u00eb e Bashkuar. Aplikimi p\u00ebr sh\u00ebrbime me vler\u00eb t\u00eb shtuar p\u00ebrfshir\u00eb UKVI 'viza prioritare' dhe sh\u00ebrbimi 'walk in' me rezultatin e viz\u00ebs brenda 5 dit\u00ebve puneP\u00ebrgatitja e ACI Englanderscr Konsulence p\u00ebr kushtet e p\u00ebrgjithshme p\u00ebr vizat","og_url":"https:\/\/englanderscr.al\/al\/produkt\/konsulence-per-kushtet-e-pergjithshme-viza\/","og_site_name":"Englanderscr","article_modified_time":"2025-09-23T12:57:42+00:00","og_image":[{"width":1080,"height":1080,"url":"https:\/\/englanderscr.al\/wp-content\/uploads\/2024\/05\/6.png","type":"image\/png"}],"twitter_card":"summary_large_image","twitter_misc":{"Est. reading time":"1 minut\u00eb"},"schema":{"@context":"https:\/\/schema.org","@graph":[{"@type":"WebPage","@id":"https:\/\/englanderscr.al\/product\/konsulence-per-kushtet-e-pergjithshme-viza\/","url":"https:\/\/englanderscr.al\/product\/konsulence-per-kushtet-e-pergjithshme-viza\/","name":"Konsulence p\u00ebr kushtet e p\u00ebrgjithshme p\u00ebr vizat - Englanderscr","isPartOf":{"@id":"https:\/\/englanderscr.al\/#website"},"primaryImageOfPage":{"@id":"https:\/\/englanderscr.al\/product\/konsulence-per-kushtet-e-pergjithshme-viza\/#primaryimage"},"image":{"@id":"https:\/\/englanderscr.al\/product\/konsulence-per-kushtet-e-pergjithshme-viza\/#primaryimage"},"thumbnailUrl":"https:\/\/englanderscr.al\/wp-content\/uploads\/2024\/05\/6.png","datePublished":"2024-04-21T15:21:17+00:00","dateModified":"2025-09-23T12:57:42+00:00","description":"Aplikimi p\u00ebr viz\u00eb. Ne ju udh\u00ebzojm\u00eb shpejt gjat\u00eb procesit duke: Ofrimi i nj\u00eb konsultimi fillestar nj\u00eb me nj\u00eb . Sigurimi i nj\u00eb liste kontrolli p\u00ebr dokumentet e nevojshme mb\u00ebshtet\u00ebse. Plot\u00ebsimi dhe dor\u00ebzimi i aplikimit tuaj online n\u00eb UKVI. Kontrollimi i t\u00eb gjitha dokumenteve mb\u00ebshtet\u00ebse. Rezervoni nj\u00eb takim p\u00ebr dokumentet tuaja q\u00eb do t\u00eb dor\u00ebzohen n\u00eb nj\u00eb qend\u00ebr vizash n\u00eb Mbret\u00ebrin\u00eb e Bashkuar. Aplikimi p\u00ebr sh\u00ebrbime me vler\u00eb t\u00eb shtuar p\u00ebrfshir\u00eb UKVI 'viza prioritare' dhe sh\u00ebrbimi 'walk in' me rezultatin e viz\u00ebs brenda 5 dit\u00ebve puneP\u00ebrgatitja e ACI Englanderscr Konsulence p\u00ebr kushtet e p\u00ebrgjithshme p\u00ebr vizat","breadcrumb":{"@id":"https:\/\/englanderscr.al\/product\/konsulence-per-kushtet-e-pergjithshme-viza\/#breadcrumb"},"inLanguage":"sq","potentialAction":[{"@type":"ReadAction","target":["https:\/\/englanderscr.al\/product\/konsulence-per-kushtet-e-pergjithshme-viza\/"]}]},{"@type":"ImageObject","inLanguage":"sq","@id":"https:\/\/englanderscr.al\/product\/konsulence-per-kushtet-e-pergjithshme-viza\/#primaryimage","url":"https:\/\/englanderscr.al\/wp-content\/uploads\/2024\/05\/6.png","contentUrl":"https:\/\/englanderscr.al\/wp-content\/uploads\/2024\/05\/6.png","width":1080,"height":1080},{"@type":"BreadcrumbList","@id":"https:\/\/englanderscr.al\/product\/konsulence-per-kushtet-e-pergjithshme-viza\/#breadcrumb","itemListElement":[{"@type":"ListItem","position":1,"name":"Home","item":"https:\/\/englanderscr.al\/"},{"@type":"ListItem","position":2,"name":"Shop","item":"https:\/\/englanderscr.al\/shop\/"},{"@type":"ListItem","position":3,"name":"Konsulence p\u00ebr kushtet e p\u00ebrgjithshme p\u00ebr vizat"}]},{"@type":"WebSite","@id":"https:\/\/englanderscr.al\/#website","url":"https:\/\/englanderscr.al\/","name":"Englanderscr","description":"EnglandersCR offer the best of the British and international experience for Albanian youth and professionals","publisher":{"@id":"https:\/\/englanderscr.al\/#organization"},"potentialAction":[{"@type":"SearchAction","target":{"@type":"EntryPoint","urlTemplate":"https:\/\/englanderscr.al\/?s={search_term_string}"},"query-input":{"@type":"PropertyValueSpecification","valueRequired":true,"valueName":"search_term_string"}}],"inLanguage":"sq"},{"@type":"Organization","@id":"https:\/\/englanderscr.al\/#organization","name":"Englanderscr","url":"https:\/\/englanderscr.al\/","logo":{"@type":"ImageObject","inLanguage":"sq","@id":"https:\/\/englanderscr.al\/#\/schema\/logo\/image\/","url":"https:\/\/englanderscr.al\/wp-content\/uploads\/2023\/03\/cropped-New-Project-1-1.png","contentUrl":"https:\/\/englanderscr.al\/wp-content\/uploads\/2023\/03\/cropped-New-Project-1-1.png","width":228,"height":150,"caption":"Englanderscr"},"image":{"@id":"https:\/\/englanderscr.al\/#\/schema\/logo\/image\/"}}]}},"_links":{"self":[{"href":"https:\/\/englanderscr.al\/al\/wp-json\/wp\/v2\/product\/3435","targetHints":{"allow":["GET"]}}],"collection":[{"href":"https:\/\/englanderscr.al\/al\/wp-json\/wp\/v2\/product"}],"about":[{"href":"https:\/\/englanderscr.al\/al\/wp-json\/wp\/v2\/types\/product"}],"replies":[{"embeddable":true,"href":"https:\/\/englanderscr.al\/al\/wp-json\/wp\/v2\/comments?post=3435"}],"wp:featuredmedia":[{"embeddable":true,"href":"https:\/\/englanderscr.al\/al\/wp-json\/wp\/v2\/media\/3480"}],"wp:attachment":[{"href":"https:\/\/englanderscr.al\/al\/wp-json\/wp\/v2\/media?parent=3435"}],"wp:term":[{"taxonomy":"product_cat","embeddable":true,"href":"https:\/\/englanderscr.al\/al\/wp-json\/wp\/v2\/product_cat?post=3435"},{"taxonomy":"product_tag","embeddable":true,"href":"https:\/\/englanderscr.al\/al\/wp-json\/wp\/v2\/product_tag?post=3435"}],"curies":[{"name":"wp","href":"https:\/\/api.w.org\/{rel}","templated":true}]}}