{"id":803,"date":"2023-03-02T10:46:28","date_gmt":"2023-03-02T10:46:28","guid":{"rendered":"https:\/\/englanderscr.al\/?page_id=803"},"modified":"2023-04-25T08:58:00","modified_gmt":"2023-04-25T08:58:00","slug":"visa-usa","status":"publish","type":"page","link":"https:\/\/englanderscr.al\/al\/visa\/visa-usa\/","title":{"rendered":"USA Visa"},"content":{"rendered":"<div data-elementor-type=\"wp-page\" data-elementor-id=\"803\" class=\"elementor elementor-803\">\n\t\t\t\t\t\t<section class=\"elementor-section elementor-top-section elementor-element elementor-element-5abb6b9 elementor-section-boxed elementor-section-height-default elementor-section-height-default wpr-particle-no wpr-jarallax-no wpr-parallax-no wpr-sticky-section-no\" data-id=\"5abb6b9\" data-element_type=\"section\">\n\t\t\t\t\t\t<div class=\"elementor-container elementor-column-gap-default\">\n\t\t\t\t\t<div class=\"elementor-column elementor-col-100 elementor-top-column elementor-element elementor-element-34fabfc\" data-id=\"34fabfc\" data-element_type=\"column\">\n\t\t\t<div class=\"elementor-widget-wrap elementor-element-populated\">\n\t\t\t\t\t\t<div class=\"elementor-element elementor-element-dfd7d8e elementor-widget elementor-widget-heading\" data-id=\"dfd7d8e\" data-element_type=\"widget\" data-widget_type=\"heading.default\">\n\t\t\t\t<div class=\"elementor-widget-container\">\n\t\t\t<style>\/*! elementor - v3.20.0 - 26-03-2024 *\/\n.elementor-heading-title{padding:0;margin:0;line-height:1}.elementor-widget-heading .elementor-heading-title[class*=elementor-size-]>a{color:inherit;font-size:inherit;line-height:inherit}.elementor-widget-heading .elementor-heading-title.elementor-size-small{font-size:15px}.elementor-widget-heading .elementor-heading-title.elementor-size-medium{font-size:19px}.elementor-widget-heading .elementor-heading-title.elementor-size-large{font-size:29px}.elementor-widget-heading .elementor-heading-title.elementor-size-xl{font-size:39px}.elementor-widget-heading .elementor-heading-title.elementor-size-xxl{font-size:59px}<\/style><h1 class=\"elementor-heading-title elementor-size-large\">The most common USA Visa:<\/h1>\t\t<\/div>\n\t\t\t\t<\/div>\n\t\t\t\t\t<\/div>\n\t\t<\/div>\n\t\t\t\t\t<\/div>\n\t\t<\/section>\n\t\t\t\t<section class=\"elementor-section elementor-top-section elementor-element elementor-element-a7c064b elementor-section-boxed elementor-section-height-default elementor-section-height-default wpr-particle-no wpr-jarallax-no wpr-parallax-no wpr-sticky-section-no\" data-id=\"a7c064b\" data-element_type=\"section\">\n\t\t\t\t\t\t<div class=\"elementor-container elementor-column-gap-default\">\n\t\t\t\t\t<div class=\"elementor-column elementor-col-100 elementor-top-column elementor-element elementor-element-70de954\" data-id=\"70de954\" data-element_type=\"column\">\n\t\t\t<div class=\"elementor-widget-wrap elementor-element-populated\">\n\t\t\t\t\t\t<div class=\"elementor-element elementor-element-ce89e55 elementor-widget elementor-widget-text-editor\" data-id=\"ce89e55\" data-element_type=\"widget\" data-widget_type=\"text-editor.default\">\n\t\t\t\t<div class=\"elementor-widget-container\">\n\t\t\t<style>\/*! elementor - v3.20.0 - 26-03-2024 *\/\n.elementor-widget-text-editor.elementor-drop-cap-view-stacked .elementor-drop-cap{background-color:#69727d;color:#fff}.elementor-widget-text-editor.elementor-drop-cap-view-framed .elementor-drop-cap{color:#69727d;border:3px solid;background-color:transparent}.elementor-widget-text-editor:not(.elementor-drop-cap-view-default) .elementor-drop-cap{margin-top:8px}.elementor-widget-text-editor:not(.elementor-drop-cap-view-default) .elementor-drop-cap-letter{width:1em;height:1em}.elementor-widget-text-editor .elementor-drop-cap{float:left;text-align:center;line-height:1;font-size:50px}.elementor-widget-text-editor .elementor-drop-cap-letter{display:inline-block}<\/style>\t\t\t\t<ol><li><strong>Student visa F1<\/strong><\/li><li><strong>Visitor visa<\/strong><\/li><li><strong>Post study work permit (F\/J\/M &#8211; 3 year open work permit)<\/strong><\/li><\/ol><h3><span style=\"color: #ff0000;\"><strong>Student visa F1.<\/strong>\u00a0<\/span><\/h3><p><span style=\"font-weight: 400;\">Student visas vary from 1 &#8211; 4 academic years depending on program length. The student may be required to sit up a credibility interview with the Academic institution and the embassy staff. Englanders CR provides mock up interview preparation.<\/span><\/p><p><span style=\"font-weight: 400;\">For minor students, under 18 years of age, most institutions will ask the family to appoint a guardian that will be the primary point of contact in case of emergency. The guardian can be a family member or a family friend.<\/span><\/p><p><span style=\"font-weight: 400;\">In most cases the school in the USA will apply their fees in installments, the first of which, in many cases called deposit will have been paid by the student by the time that the school will release I 20 (visa letter).<\/span><\/p><h3><span style=\"color: #ff0000;\"><strong>Visitor visa (<b>up to<\/b> 10 years)<\/strong><\/span>\u00a0<\/h3><p>\u00a0The main factors that immigration will examine in order to grant a visitor visa are\u00a0<\/p><ul><li>links the applicant has with the home county (family, residence etc)<\/li><li>overall financial and employment status (income from rent, salary, saving etc)<\/li><li>credibility and previous immigration history or breaches of immigration Law in the USA or other countries.<\/li><\/ul><p><span style=\"font-weight: 400;\">For individuals older than 82 years, the embassy does not require physical presence at the day of the appointment. Contrary to Canadian and British visas, the application system does not allow for the application documents to be uploaded online.<\/span><\/p><h3><span style=\"color: #ff0000;\"><strong>Post study work permit <\/strong><\/span><strong style=\"color: #ff0000; font-size: 16px;\">(F\/J\/M &#8211; 3 year open work permit)<\/strong><\/h3><p>It is applied after an eligible employer based in the USA assures the candidate a Certificate of Sponsorship. This route applies to professions that are proven to be at shortage in the USA, that makes employers eligible to offer a job to foreign nationals.<\/p><h3><span style=\"color: #ff0000;\"><b>Settlement visa<\/b><\/span><\/h3><ul><li>Settlement visa is generally granted to parents, spouses and offspring of eligible USA citizens.<\/li><li>The latter has to prove financial ability to look after the family member he or she is sponsoring.<\/li><\/ul>\t\t\t\t\t\t<\/div>\n\t\t\t\t<\/div>\n\t\t\t\t\t<\/div>\n\t\t<\/div>\n\t\t\t\t\t<\/div>\n\t\t<\/section>\n\t\t\t\t<section class=\"elementor-section elementor-top-section elementor-element elementor-element-c535d1f elementor-section-boxed elementor-section-height-default elementor-section-height-default wpr-particle-no wpr-jarallax-no wpr-parallax-no wpr-sticky-section-no\" data-id=\"c535d1f\" data-element_type=\"section\">\n\t\t\t\t\t\t<div class=\"elementor-container elementor-column-gap-default\">\n\t\t\t\t\t<div class=\"elementor-column elementor-col-100 elementor-top-column elementor-element elementor-element-3c96919\" data-id=\"3c96919\" data-element_type=\"column\">\n\t\t\t<div class=\"elementor-widget-wrap elementor-element-populated\">\n\t\t\t\t\t\t<div class=\"elementor-element elementor-element-07831db elementor-align-justify elementor-widget elementor-widget-button\" data-id=\"07831db\" data-element_type=\"widget\" data-widget_type=\"button.default\">\n\t\t\t\t<div class=\"elementor-widget-container\">\n\t\t\t\t\t<div class=\"elementor-button-wrapper\">\n\t\t\t<a class=\"elementor-button elementor-button-link elementor-size-md\" href=\"https:\/\/englanderscr.al\/al\/visa-application\/\">\n\t\t\t\t\t\t<span class=\"elementor-button-content-wrapper\">\n\t\t\t\t\t\t<span class=\"elementor-button-text\">Book an appointment<\/span>\n\t\t<\/span>\n\t\t\t\t\t<\/a>\n\t\t<\/div>\n\t\t\t\t<\/div>\n\t\t\t\t<\/div>\n\t\t\t\t\t<\/div>\n\t\t<\/div>\n\t\t\t\t\t<\/div>\n\t\t<\/section>\n\t\t\t\t<section class=\"elementor-section elementor-top-section elementor-element elementor-element-602e8fc elementor-section-boxed elementor-section-height-default elementor-section-height-default wpr-particle-no wpr-jarallax-no wpr-parallax-no wpr-sticky-section-no\" data-id=\"602e8fc\" data-element_type=\"section\">\n\t\t\t\t\t\t<div class=\"elementor-container elementor-column-gap-default\">\n\t\t\t\t\t<div class=\"elementor-column elementor-col-100 elementor-top-column elementor-element elementor-element-741fc20\" data-id=\"741fc20\" data-element_type=\"column\">\n\t\t\t<div class=\"elementor-widget-wrap elementor-element-populated\">\n\t\t\t\t\t\t<div class=\"elementor-element elementor-element-d5acc98 elementor-widget elementor-widget-heading\" data-id=\"d5acc98\" data-element_type=\"widget\" data-widget_type=\"heading.default\">\n\t\t\t\t<div class=\"elementor-widget-container\">\n\t\t\t<h1 class=\"elementor-heading-title elementor-size-large\">Our testimonials<\/h1>\t\t<\/div>\n\t\t\t\t<\/div>\n\t\t\t\t\t<\/div>\n\t\t<\/div>\n\t\t\t\t\t<\/div>\n\t\t<\/section>\n\t\t\t\t<section class=\"elementor-section elementor-top-section elementor-element elementor-element-4544cb elementor-section-boxed elementor-section-height-default elementor-section-height-default wpr-particle-no wpr-jarallax-no wpr-parallax-no wpr-sticky-section-no\" data-id=\"4544cb\" data-element_type=\"section\" data-settings=\"{&quot;background_background&quot;:&quot;classic&quot;}\">\n\t\t\t\t\t\t<div class=\"elementor-container elementor-column-gap-default\">\n\t\t\t\t\t<div class=\"elementor-column elementor-col-100 elementor-top-column elementor-element elementor-element-63bc1a0d\" data-id=\"63bc1a0d\" data-element_type=\"column\">\n\t\t\t<div class=\"elementor-widget-wrap elementor-element-populated\">\n\t\t\t\t\t\t<div class=\"elementor-element elementor-element-757b889d wpr-testimonial-meta-position-top wpr-testimonial-slider-columns--tablet1 wpr-testimonial-slider-columns-2 wpr-testimonial-slider-columns--mobile1 wpr-testimonial-rating-style_2 wpr-testimonial-meta-align-center wpr-testimonial-image-position-center elementor-widget elementor-widget-wpr-testimonial\" data-id=\"757b889d\" data-element_type=\"widget\" data-settings=\"{&quot;testimonial_amount_tablet&quot;:&quot;1&quot;,&quot;testimonial_amount&quot;:&quot;2&quot;,&quot;testimonial_slides_to_scroll&quot;:1,&quot;testimonial_amount_mobile&quot;:1,&quot;testimonial_loop&quot;:&quot;yes&quot;}\" data-widget_type=\"wpr-testimonial.default\">\n\t\t\t\t<div class=\"elementor-widget-container\">\n\t\t\t\t\t<div class=\"wpr-testimonial-carousel-wrap\">\n\t\t\t\n\t\t\t<div class=\"wpr-testimonial-carousel\" dir=\"ltr\" data-slick=\"{&quot;rtl&quot;:false,&quot;infinite&quot;:true,&quot;speed&quot;:700,&quot;arrows&quot;:true,&quot;dots&quot;:true,&quot;autoplay&quot;:false,&quot;autoplaySpeed&quot;:0,&quot;pauseOnHover&quot;:&quot;&quot;,&quot;prevArrow&quot;:&quot;#wpr-testimonial-prev-757b889d&quot;,&quot;nextArrow&quot;:&quot;#wpr-testimonial-next-757b889d&quot;,&quot;sliderSlidesToScroll&quot;:1}\" data-slide-effect=\"slide\">\n\t\t\t\t\t\n\t\t\t\t\t\n\t\t\t\t\t\t\t\t\t\t\t\n\t\t\t\t\t\t<div class=\"wpr-testimonial-item elementor-repeater-item-d77e1fb elementor-clearfix\">\n\t\t\t\t\t\t\t\n\t\t\t\t\t\t\t<div class=\"wpr-testimonial-meta elementor-clearfix\">\n\t\t\t\t\t\t\t\t<div class=\"wpr-testimonial-meta-inner\">\n\t\t\t\t\t\t\t\t\n\t\t\t\t\t<div class=\"wpr-testimonial-image\">\n\t\t\t\t<img decoding=\"async\" src=\"https:\/\/englanderscr.al\/wp-content\/uploads\/2023\/04\/WhatsApp-Image-2023-04-23-at-8.45.38-PM-e1682331723468.jpeg\" alt=\"Nevila Gorani \">\n\t\t\t<\/div>\n\t\t\n\t\t\t\n\t\t<div class=\"wpr-testimonial-meta-content-wrap\">\n\t\t\t\t\t\t\t<div class=\"wpr-testimonial-name\">Nevila Gorani <\/div>\n\t\t\t\n\t\t\t\t\t\t\t<div class=\"wpr-testimonial-job\">Vize Turistike dhe Studimi<\/div>\n\t\t\t\n\t\t\t\n\t\t<\/div>\n\t\t\t\t\t\t\t\t\t\t<\/div>\n\t\t\t\t\t\t\t<\/div>\n\n\t\t\t\t\t\t\t\n\t\t<div class=\"wpr-testimonial-content-wrap\">\n\t\t\t<div class=\"wpr-testimonial-content-inner\">\n\t\t\t\n\t\t\t\n\t\t\t\t\t\t\t\t\n\n\t\t\t<div class=\"wpr-testimonial-rating\">\n\t\t\t\n\n                                                            <i class=\"wpr-rating-icon-full\">&#9733;<\/i>\n                                    \n\n\t     \t\n\n                                                            <i class=\"wpr-rating-icon-full\">&#9733;<\/i>\n                                    \n\n\t     \t\n\n                                                            <i class=\"wpr-rating-icon-full\">&#9733;<\/i>\n                                    \n\n\t     \t\n\n                                                            <i class=\"wpr-rating-icon-full\">&#9733;<\/i>\n                                    \n\n\t     \t\n\n                                                            <i class=\"wpr-rating-icon-full\">&#9733;<\/i>\n                                    \n\n\t     \t\n\t     \t\t\t\t<\/div>\n\n\t\t\t\t\n\t\t\t\t\t\t\t<div class=\"wpr-testimonial-content\">\n\t\t\t\t\t\n\t\t\t\t\t<p><p>Our experience with Englanders cr is consistently great. Whether it concerns visa requests in the USA, England and Canada, but also<strong> travel for studies. <\/strong><\/p><p>The professionalism from the moment of informing the client to the checking of the necessary documentation to the interview at the embassy has always gone without any problem thanks to the preparation.<\/p><p><strong> Thank you for the professionalism and the possibility of this cooperation.<\/strong><\/p><\/p>\n\t\t\t\t<\/div>\n\t\t\t\n\t\t\t\n\t\t\t\t\t\t\t<div class=\"wpr-testimonial-date\">2015<\/div>\n\t\t\t\t\t\t<\/div>\n\t\t<\/div>\n\n\t    \n\t\t\t\t\t\t\t\n\t\t\t\t\t\t<\/div>\n\t\t\t\t\t\t\n\t\t\t\t\t\t\t\t\t\t\t\n\t\t\t\t\t\t<div class=\"wpr-testimonial-item elementor-repeater-item-f8542be elementor-clearfix\">\n\t\t\t\t\t\t\t\n\t\t\t\t\t\t\t<div class=\"wpr-testimonial-meta elementor-clearfix\">\n\t\t\t\t\t\t\t\t<div class=\"wpr-testimonial-meta-inner\">\n\t\t\t\t\t\t\t\t\n\t\t\t\t\t<div class=\"wpr-testimonial-image\">\n\t\t\t\t<img decoding=\"async\" src=\"https:\/\/englanderscr.al\/wp-content\/uploads\/2023\/04\/Uljad-Berdica.jpg\" alt=\"Uljad Berdica\">\n\t\t\t<\/div>\n\t\t\n\t\t\t\n\t\t<div class=\"wpr-testimonial-meta-content-wrap\">\n\t\t\t\t\t\t\t<div class=\"wpr-testimonial-name\">Uljad Berdica<\/div>\n\t\t\t\n\t\t\t\t\t\t\t<div class=\"wpr-testimonial-job\">CATs Academy Boston<\/div>\n\t\t\t\n\t\t\t\n\t\t<\/div>\n\t\t\t\t\t\t\t\t\t\t<\/div>\n\t\t\t\t\t\t\t<\/div>\n\n\t\t\t\t\t\t\t\n\t\t<div class=\"wpr-testimonial-content-wrap\">\n\t\t\t<div class=\"wpr-testimonial-content-inner\">\n\t\t\t\n\t\t\t\n\t\t\t\t\t\t\t\t\n\n\t\t\t<div class=\"wpr-testimonial-rating\">\n\t\t\t\n\n                                                            <i class=\"wpr-rating-icon-full\">&#9733;<\/i>\n                                    \n\n\t     \t\n\n                                                            <i class=\"wpr-rating-icon-full\">&#9733;<\/i>\n                                    \n\n\t     \t\n\n                                                            <i class=\"wpr-rating-icon-full\">&#9733;<\/i>\n                                    \n\n\t     \t\n\n                                                            <i class=\"wpr-rating-icon-full\">&#9733;<\/i>\n                                    \n\n\t     \t\n\n                                                            <i class=\"wpr-rating-icon-full\">&#9733;<\/i>\n                                    \n\n\t     \t\n\t     \t\t\t\t<\/div>\n\n\t\t\t\t\n\t\t\t\t\t\t\t<div class=\"wpr-testimonial-content\">\n\t\t\t\t\t\n\t\t\t\t\t<p><p>Faleminderit Englanders CR p\u00ebr profesionalizimin, punen e palodhur dhe korektes\u00ebn n\u00eb ndihmen e ofruar duke m\u00eb dh\u00ebn\u00eb mund\u00ebsi t\u00eb fitoj nje burse n\u00eb nj\u00eb nd\u00ebr shkollat m\u00eb t\u00eb mira n\u00eb qytetin m\u00eb inteligjent t\u00eb bot\u00ebs Boston.<\/p><p>Secili nga ne ka nje mori portash q\u00eb mund ti hapen p\u00ebr t\u00eb ardhmen mjafton t\u00eb trokasim n\u00eb port\u00ebn e duhur dhe un\u00eb k\u00ebt\u00eb e gjeta fal\u00eb \u201cEnglanders\u201d. Mir\u00ebnjohje dhe suksese n\u00eb pun\u00ebn tuaj t\u00eb vyer!<\/p><\/p>\n\t\t\t\t<\/div>\n\t\t\t\n\t\t\t\n\t\t\t\t\t\t\t<div class=\"wpr-testimonial-date\">2018<\/div>\n\t\t\t\t\t\t<\/div>\n\t\t<\/div>\n\n\t    \n\t\t\t\t\t\t\t\n\t\t\t\t\t\t<\/div>\n\t\t\t\t\t\t\t\t\t<\/div>\n\n\t\t\t<div class=\"wpr-testimonial-controls\">\n\t\t\t\t<div class=\"wpr-testimonial-dots\"><\/div>\n\t\t\t<\/div>\n\n\t\t\t<div class=\"wpr-testimonial-arrow-container\">\n\t\t\t\t<div class=\"wpr-testimonial-prev-arrow wpr-testimonial-arrow\" id=\"wpr-testimonial-prev-757b889d\">\n\t\t\t\t\t<svg version=\"1.1\" xmlns=\"http:\/\/www.w3.org\/2000\/svg\" xmlns:xlink=\"http:\/\/www.w3.org\/1999\/xlink\" x=\"0px\" y=\"0px\" viewbox=\"0 0 259.6 512\" style=\"enable-background:new 0 0 259.6 512;\" xml:space=\"preserve\"><g><path class=\"st0\" d=\"M256.6,18.1L126.2,256.1l130.6,237.6c3.6,5.6,3.9,10.8,0.2,14.9c-0.2,0.2-0.2,0.3-0.3,0.3s-0.3,0.3-0.3,0.3c-3.9,3.9-10.3,3.6-14.2-0.3L2.9,263.6c-2-2.1-3.1-4.7-2.9-7.5c0-2.8,1-5.6,3.1-7.7L242,3.1c4.1-4.1,10.6-4.1,14.6,0l0,0C260.7,7.3,260.5,10.9,256.6,18.1z\"\/><\/g><\/svg>\t\t\t\t<\/div>\n\t\t\t\t<div class=\"wpr-testimonial-next-arrow wpr-testimonial-arrow\" id=\"wpr-testimonial-next-757b889d\">\n\t\t\t\t\t<svg version=\"1.1\" xmlns=\"http:\/\/www.w3.org\/2000\/svg\" xmlns:xlink=\"http:\/\/www.w3.org\/1999\/xlink\" x=\"0px\" y=\"0px\" viewbox=\"0 0 259.6 512\" style=\"enable-background:new 0 0 259.6 512;\" xml:space=\"preserve\"><g><path class=\"st0\" d=\"M256.6,18.1L126.2,256.1l130.6,237.6c3.6,5.6,3.9,10.8,0.2,14.9c-0.2,0.2-0.2,0.3-0.3,0.3s-0.3,0.3-0.3,0.3c-3.9,3.9-10.3,3.6-14.2-0.3L2.9,263.6c-2-2.1-3.1-4.7-2.9-7.5c0-2.8,1-5.6,3.1-7.7L242,3.1c4.1-4.1,10.6-4.1,14.6,0l0,0C260.7,7.3,260.5,10.9,256.6,18.1z\"\/><\/g><\/svg>\t\t\t\t<\/div>\n\t\t\t<\/div>\n\t\t<\/div>\n\n\t\t\t<\/div>\n\t\t\t\t<\/div>\n\t\t\t\t\t<\/div>\n\t\t<\/div>\n\t\t\t\t\t<\/div>\n\t\t<\/section>\n\t\t\t\t<\/div>","protected":false},"excerpt":{"rendered":"<p>The most common USA Visa: Student visa F1 Visitor visa Post study work permit (F\/J\/M &#8211; 3 year open work &hellip; <\/p>","protected":false},"author":2,"featured_media":837,"parent":467,"menu_order":3,"comment_status":"closed","ping_status":"closed","template":"","meta":{"footnotes":""},"class_list":["post-803","page","type-page","status-publish","has-post-thumbnail","hentry"],"yoast_head":"<!-- This site is optimized with the Yoast SEO plugin v24.0 - https:\/\/yoast.com\/wordpress\/plugins\/seo\/ -->\n<title>USA Visa - Englanderscr<\/title>\n<meta name=\"robots\" content=\"index, follow, max-snippet:-1, max-image-preview:large, max-video-preview:-1\" \/>\n<link rel=\"canonical\" href=\"https:\/\/englanderscr.al\/al\/visa\/visa-usa\/\" \/>\n<meta property=\"og:locale\" content=\"sq_AL\" \/>\n<meta property=\"og:type\" content=\"article\" \/>\n<meta property=\"og:title\" content=\"USA Visa - Englanderscr\" \/>\n<meta property=\"og:description\" content=\"The most common USA Visa: Student visa F1 Visitor visa Post study work permit (F\/J\/M &#8211; 3 year open work &hellip;\" \/>\n<meta property=\"og:url\" content=\"https:\/\/englanderscr.al\/al\/visa\/visa-usa\/\" \/>\n<meta property=\"og:site_name\" content=\"Englanderscr\" \/>\n<meta property=\"article:modified_time\" content=\"2023-04-25T08:58:00+00:00\" \/>\n<meta property=\"og:image\" content=\"https:\/\/englanderscr.al\/wp-content\/uploads\/2023\/03\/pexels-andrea-piacquadio-722014-scaled.jpg\" \/>\n\t<meta property=\"og:image:width\" content=\"2560\" \/>\n\t<meta property=\"og:image:height\" content=\"1707\" \/>\n\t<meta property=\"og:image:type\" content=\"image\/jpeg\" \/>\n<meta name=\"twitter:card\" content=\"summary_large_image\" \/>\n<meta name=\"twitter:label1\" content=\"Est. reading time\" \/>\n\t<meta name=\"twitter:data1\" content=\"3 minuta\" \/>\n<script type=\"application\/ld+json\" class=\"yoast-schema-graph\">{\"@context\":\"https:\/\/schema.org\",\"@graph\":[{\"@type\":\"WebPage\",\"@id\":\"https:\/\/englanderscr.al\/visa\/visa-usa\/\",\"url\":\"https:\/\/englanderscr.al\/visa\/visa-usa\/\",\"name\":\"USA Visa - Englanderscr\",\"isPartOf\":{\"@id\":\"https:\/\/englanderscr.al\/#website\"},\"primaryImageOfPage\":{\"@id\":\"https:\/\/englanderscr.al\/visa\/visa-usa\/#primaryimage\"},\"image\":{\"@id\":\"https:\/\/englanderscr.al\/visa\/visa-usa\/#primaryimage\"},\"thumbnailUrl\":\"https:\/\/englanderscr.al\/wp-content\/uploads\/2023\/03\/pexels-andrea-piacquadio-722014-scaled.jpg\",\"datePublished\":\"2023-03-02T10:46:28+00:00\",\"dateModified\":\"2023-04-25T08:58:00+00:00\",\"breadcrumb\":{\"@id\":\"https:\/\/englanderscr.al\/visa\/visa-usa\/#breadcrumb\"},\"inLanguage\":\"sq\",\"potentialAction\":[{\"@type\":\"ReadAction\",\"target\":[\"https:\/\/englanderscr.al\/visa\/visa-usa\/\"]}]},{\"@type\":\"ImageObject\",\"inLanguage\":\"sq\",\"@id\":\"https:\/\/englanderscr.al\/visa\/visa-usa\/#primaryimage\",\"url\":\"https:\/\/englanderscr.al\/wp-content\/uploads\/2023\/03\/pexels-andrea-piacquadio-722014-scaled.jpg\",\"contentUrl\":\"https:\/\/englanderscr.al\/wp-content\/uploads\/2023\/03\/pexels-andrea-piacquadio-722014-scaled.jpg\",\"width\":2560,\"height\":1707},{\"@type\":\"BreadcrumbList\",\"@id\":\"https:\/\/englanderscr.al\/visa\/visa-usa\/#breadcrumb\",\"itemListElement\":[{\"@type\":\"ListItem\",\"position\":1,\"name\":\"Home\",\"item\":\"https:\/\/englanderscr.al\/\"},{\"@type\":\"ListItem\",\"position\":2,\"name\":\"Visa\",\"item\":\"https:\/\/englanderscr.al\/visa\/\"},{\"@type\":\"ListItem\",\"position\":3,\"name\":\"USA Visa\"}]},{\"@type\":\"WebSite\",\"@id\":\"https:\/\/englanderscr.al\/#website\",\"url\":\"https:\/\/englanderscr.al\/\",\"name\":\"Englanderscr\",\"description\":\"EnglandersCR offer the best of the British and international experience for Albanian youth and professionals\",\"publisher\":{\"@id\":\"https:\/\/englanderscr.al\/#organization\"},\"potentialAction\":[{\"@type\":\"SearchAction\",\"target\":{\"@type\":\"EntryPoint\",\"urlTemplate\":\"https:\/\/englanderscr.al\/?s={search_term_string}\"},\"query-input\":{\"@type\":\"PropertyValueSpecification\",\"valueRequired\":true,\"valueName\":\"search_term_string\"}}],\"inLanguage\":\"sq\"},{\"@type\":\"Organization\",\"@id\":\"https:\/\/englanderscr.al\/#organization\",\"name\":\"Englanderscr\",\"url\":\"https:\/\/englanderscr.al\/\",\"logo\":{\"@type\":\"ImageObject\",\"inLanguage\":\"sq\",\"@id\":\"https:\/\/englanderscr.al\/#\/schema\/logo\/image\/\",\"url\":\"https:\/\/englanderscr.al\/wp-content\/uploads\/2023\/03\/cropped-New-Project-1-1.png\",\"contentUrl\":\"https:\/\/englanderscr.al\/wp-content\/uploads\/2023\/03\/cropped-New-Project-1-1.png\",\"width\":228,\"height\":150,\"caption\":\"Englanderscr\"},\"image\":{\"@id\":\"https:\/\/englanderscr.al\/#\/schema\/logo\/image\/\"}}]}<\/script>\n<!-- \/ Yoast SEO plugin. -->","yoast_head_json":{"title":"USA Visa - Englanderscr","robots":{"index":"index","follow":"follow","max-snippet":"max-snippet:-1","max-image-preview":"max-image-preview:large","max-video-preview":"max-video-preview:-1"},"canonical":"https:\/\/englanderscr.al\/al\/visa\/visa-usa\/","og_locale":"sq_AL","og_type":"article","og_title":"USA Visa - Englanderscr","og_description":"The most common USA Visa: Student visa F1 Visitor visa Post study work permit (F\/J\/M &#8211; 3 year open work &hellip;","og_url":"https:\/\/englanderscr.al\/al\/visa\/visa-usa\/","og_site_name":"Englanderscr","article_modified_time":"2023-04-25T08:58:00+00:00","og_image":[{"width":2560,"height":1707,"url":"https:\/\/englanderscr.al\/wp-content\/uploads\/2023\/03\/pexels-andrea-piacquadio-722014-scaled.jpg","type":"image\/jpeg"}],"twitter_card":"summary_large_image","twitter_misc":{"Est. reading time":"3 minuta"},"schema":{"@context":"https:\/\/schema.org","@graph":[{"@type":"WebPage","@id":"https:\/\/englanderscr.al\/visa\/visa-usa\/","url":"https:\/\/englanderscr.al\/visa\/visa-usa\/","name":"USA Visa - Englanderscr","isPartOf":{"@id":"https:\/\/englanderscr.al\/#website"},"primaryImageOfPage":{"@id":"https:\/\/englanderscr.al\/visa\/visa-usa\/#primaryimage"},"image":{"@id":"https:\/\/englanderscr.al\/visa\/visa-usa\/#primaryimage"},"thumbnailUrl":"https:\/\/englanderscr.al\/wp-content\/uploads\/2023\/03\/pexels-andrea-piacquadio-722014-scaled.jpg","datePublished":"2023-03-02T10:46:28+00:00","dateModified":"2023-04-25T08:58:00+00:00","breadcrumb":{"@id":"https:\/\/englanderscr.al\/visa\/visa-usa\/#breadcrumb"},"inLanguage":"sq","potentialAction":[{"@type":"ReadAction","target":["https:\/\/englanderscr.al\/visa\/visa-usa\/"]}]},{"@type":"ImageObject","inLanguage":"sq","@id":"https:\/\/englanderscr.al\/visa\/visa-usa\/#primaryimage","url":"https:\/\/englanderscr.al\/wp-content\/uploads\/2023\/03\/pexels-andrea-piacquadio-722014-scaled.jpg","contentUrl":"https:\/\/englanderscr.al\/wp-content\/uploads\/2023\/03\/pexels-andrea-piacquadio-722014-scaled.jpg","width":2560,"height":1707},{"@type":"BreadcrumbList","@id":"https:\/\/englanderscr.al\/visa\/visa-usa\/#breadcrumb","itemListElement":[{"@type":"ListItem","position":1,"name":"Home","item":"https:\/\/englanderscr.al\/"},{"@type":"ListItem","position":2,"name":"Visa","item":"https:\/\/englanderscr.al\/visa\/"},{"@type":"ListItem","position":3,"name":"USA Visa"}]},{"@type":"WebSite","@id":"https:\/\/englanderscr.al\/#website","url":"https:\/\/englanderscr.al\/","name":"Englanderscr","description":"EnglandersCR offer the best of the British and international experience for Albanian youth and professionals","publisher":{"@id":"https:\/\/englanderscr.al\/#organization"},"potentialAction":[{"@type":"SearchAction","target":{"@type":"EntryPoint","urlTemplate":"https:\/\/englanderscr.al\/?s={search_term_string}"},"query-input":{"@type":"PropertyValueSpecification","valueRequired":true,"valueName":"search_term_string"}}],"inLanguage":"sq"},{"@type":"Organization","@id":"https:\/\/englanderscr.al\/#organization","name":"Englanderscr","url":"https:\/\/englanderscr.al\/","logo":{"@type":"ImageObject","inLanguage":"sq","@id":"https:\/\/englanderscr.al\/#\/schema\/logo\/image\/","url":"https:\/\/englanderscr.al\/wp-content\/uploads\/2023\/03\/cropped-New-Project-1-1.png","contentUrl":"https:\/\/englanderscr.al\/wp-content\/uploads\/2023\/03\/cropped-New-Project-1-1.png","width":228,"height":150,"caption":"Englanderscr"},"image":{"@id":"https:\/\/englanderscr.al\/#\/schema\/logo\/image\/"}}]}},"_links":{"self":[{"href":"https:\/\/englanderscr.al\/al\/wp-json\/wp\/v2\/pages\/803","targetHints":{"allow":["GET"]}}],"collection":[{"href":"https:\/\/englanderscr.al\/al\/wp-json\/wp\/v2\/pages"}],"about":[{"href":"https:\/\/englanderscr.al\/al\/wp-json\/wp\/v2\/types\/page"}],"author":[{"embeddable":true,"href":"https:\/\/englanderscr.al\/al\/wp-json\/wp\/v2\/users\/2"}],"replies":[{"embeddable":true,"href":"https:\/\/englanderscr.al\/al\/wp-json\/wp\/v2\/comments?post=803"}],"version-history":[{"count":59,"href":"https:\/\/englanderscr.al\/al\/wp-json\/wp\/v2\/pages\/803\/revisions"}],"predecessor-version":[{"id":2935,"href":"https:\/\/englanderscr.al\/al\/wp-json\/wp\/v2\/pages\/803\/revisions\/2935"}],"up":[{"embeddable":true,"href":"https:\/\/englanderscr.al\/al\/wp-json\/wp\/v2\/pages\/467"}],"wp:featuredmedia":[{"embeddable":true,"href":"https:\/\/englanderscr.al\/al\/wp-json\/wp\/v2\/media\/837"}],"wp:attachment":[{"href":"https:\/\/englanderscr.al\/al\/wp-json\/wp\/v2\/media?parent=803"}],"curies":[{"name":"wp","href":"https:\/\/api.w.org\/{rel}","templated":true}]}}