{"id":623,"date":"2023-02-06T16:08:54","date_gmt":"2023-02-06T16:08:54","guid":{"rendered":"https:\/\/englanderscr.al\/?page_id=623"},"modified":"2023-04-11T11:26:00","modified_gmt":"2023-04-11T11:26:00","slug":"studio-ne-canada","status":"publish","type":"page","link":"https:\/\/englanderscr.al\/al\/studio-ne-canada\/","title":{"rendered":"Studio ne Canada"},"content":{"rendered":"<div data-elementor-type=\"wp-page\" data-elementor-id=\"623\" class=\"elementor elementor-623\">\n\t\t\t\t\t\t<section class=\"elementor-section elementor-top-section elementor-element elementor-element-3bba932e elementor-section-content-middle elementor-section-boxed elementor-section-height-default elementor-section-height-default wpr-particle-no wpr-jarallax-no wpr-parallax-no wpr-sticky-section-no\" data-id=\"3bba932e\" data-element_type=\"section\">\n\t\t\t\t\t\t<div class=\"elementor-container elementor-column-gap-no\">\n\t\t\t\t\t<div class=\"elementor-column elementor-col-100 elementor-top-column elementor-element elementor-element-24ae5b28\" data-id=\"24ae5b28\" data-element_type=\"column\">\n\t\t\t<div class=\"elementor-widget-wrap elementor-element-populated\">\n\t\t\t\t\t\t<div class=\"elementor-element elementor-element-88739fe elementor-widget elementor-widget-image\" data-id=\"88739fe\" data-element_type=\"widget\" data-widget_type=\"image.default\">\n\t\t\t\t<div class=\"elementor-widget-container\">\n\t\t\t<style>\/*! elementor - v3.20.0 - 26-03-2024 *\/\n.elementor-widget-image{text-align:center}.elementor-widget-image a{display:inline-block}.elementor-widget-image a img[src$=\".svg\"]{width:48px}.elementor-widget-image img{vertical-align:middle;display:inline-block}<\/style>\t\t\t\t\t\t\t\t\t\t<img fetchpriority=\"high\" decoding=\"async\" width=\"730\" height=\"487\" src=\"https:\/\/englanderscr.al\/wp-content\/uploads\/2023\/03\/canada-best-cities-toronto-ontario.jpg\" class=\"attachment-large size-large wp-image-835\" alt=\"\" srcset=\"https:\/\/englanderscr.al\/wp-content\/uploads\/2023\/03\/canada-best-cities-toronto-ontario.jpg 730w, https:\/\/englanderscr.al\/wp-content\/uploads\/2023\/03\/canada-best-cities-toronto-ontario-600x400.jpg 600w, https:\/\/englanderscr.al\/wp-content\/uploads\/2023\/03\/canada-best-cities-toronto-ontario-300x200.jpg 300w\" sizes=\"(max-width: 730px) 100vw, 730px\" \/>\t\t\t\t\t\t\t\t\t\t\t\t\t<\/div>\n\t\t\t\t<\/div>\n\t\t\t\t<div class=\"elementor-element elementor-element-2abc137a elementor-widget elementor-widget-heading\" data-id=\"2abc137a\" data-element_type=\"widget\" data-widget_type=\"heading.default\">\n\t\t\t\t<div class=\"elementor-widget-container\">\n\t\t\t<style>\/*! elementor - v3.20.0 - 26-03-2024 *\/\n.elementor-heading-title{padding:0;margin:0;line-height:1}.elementor-widget-heading .elementor-heading-title[class*=elementor-size-]>a{color:inherit;font-size:inherit;line-height:inherit}.elementor-widget-heading .elementor-heading-title.elementor-size-small{font-size:15px}.elementor-widget-heading .elementor-heading-title.elementor-size-medium{font-size:19px}.elementor-widget-heading .elementor-heading-title.elementor-size-large{font-size:29px}.elementor-widget-heading .elementor-heading-title.elementor-size-xl{font-size:39px}.elementor-widget-heading .elementor-heading-title.elementor-size-xxl{font-size:59px}<\/style><h1 class=\"elementor-heading-title elementor-size-medium\">Arsimi Kanadez, tashm\u00eb i arritsh\u00ebm n\u00ebp\u00ebrmjet Englanders Cr<\/h1>\t\t<\/div>\n\t\t\t\t<\/div>\n\t\t\t\t<section class=\"elementor-section elementor-inner-section elementor-element elementor-element-529be228 elementor-section-boxed elementor-section-height-default elementor-section-height-default wpr-particle-no wpr-jarallax-no wpr-parallax-no wpr-sticky-section-no\" data-id=\"529be228\" data-element_type=\"section\">\n\t\t\t\t\t\t<div class=\"elementor-container elementor-column-gap-default\">\n\t\t\t\t\t<div class=\"elementor-column elementor-col-100 elementor-inner-column elementor-element elementor-element-15ecd5c5\" data-id=\"15ecd5c5\" data-element_type=\"column\">\n\t\t\t<div class=\"elementor-widget-wrap elementor-element-populated\">\n\t\t\t\t\t\t<div class=\"elementor-element elementor-element-493bd49f elementor-widget elementor-widget-text-editor\" data-id=\"493bd49f\" data-element_type=\"widget\" data-widget_type=\"text-editor.default\">\n\t\t\t\t<div class=\"elementor-widget-container\">\n\t\t\t<style>\/*! elementor - v3.20.0 - 26-03-2024 *\/\n.elementor-widget-text-editor.elementor-drop-cap-view-stacked .elementor-drop-cap{background-color:#69727d;color:#fff}.elementor-widget-text-editor.elementor-drop-cap-view-framed .elementor-drop-cap{color:#69727d;border:3px solid;background-color:transparent}.elementor-widget-text-editor:not(.elementor-drop-cap-view-default) .elementor-drop-cap{margin-top:8px}.elementor-widget-text-editor:not(.elementor-drop-cap-view-default) .elementor-drop-cap-letter{width:1em;height:1em}.elementor-widget-text-editor .elementor-drop-cap{float:left;text-align:center;line-height:1;font-size:50px}.elementor-widget-text-editor .elementor-drop-cap-letter{display:inline-block}<\/style>\t\t\t\t<p><span style=\"font-size: 15pt; font-family: Arial; color: #333333; background-color: transparent; font-weight: 400; font-style: normal; font-variant: normal; text-decoration: none; vertical-align: baseline; white-space: pre-wrap;\">Kanadaja ka 6-fishuar numrin e studenteve nderkombetar ne 20 vitet e fundit. Ajo shenoi nje numer rekord prej 621,600 studentesh nderkombetar ne 2021, rreth 150.000 vetem ne British Columbia (burimi CIC) duke u bere destinacioni i 3 me i kerkuar ne bote. Projeksionet tregojne se brenda 2 viteve te ardhshme ky numer do te tejkaloje tregun Britanik.<\/span><\/p><p dir=\"ltr\" style=\"line-height: 1.295; text-align: justify; margin-top: 0pt; margin-bottom: 8pt;\"><span style=\"font-size: 11.5pt; font-family: Calibri,sans-serif; color: #000000; background-color: #ffffff; font-weight: 400; font-style: normal; font-variant: normal; text-decoration: none; vertical-align: baseline; white-space: pre-wrap;\">Kanadaja ka nje sistem edukativ te mbeshtetur kryesisht ne institucione publike. Statistikat tregojne qe deri ne fund te shkolles se mesme 93% e studenteve ne Kanada shkojne ne shkolla publike. Nje angazhim dhe nje segment tregu kane dhe shkollat Kristjane. Prezenca e boarding schools pra shkolla me konvikt eshte shume e vogel nderkohe qe disa shkolla jane single sex education qe do te thote vecmas per vajza dhe vecmas per djem. Qeveria Kanadeze nuk ka vendosur cmime tavan apo dysheme per studimet ne asnje nivel akademik. Zonat jane te ndara ne distrikte psh Vancouver ka 4 Distrikte te cilat menaxhojne regjistrimet e studenteve nderkombetar ne nivel distrikti sipas hartes se percaktuar (catchment area).<\/span><\/p><p dir=\"ltr\" style=\"line-height: 1.295; text-align: justify; margin-top: 0pt; margin-bottom: 8pt;\"><strong><span style=\"font-size: 11.5pt; font-family: Calibri, sans-serif; color: #000000; background-color: #ffffff; font-style: normal; font-variant: normal; text-decoration: none; vertical-align: baseline; white-space: pre-wrap;\">Kanadaja ka 2 gjuhe zyrtare: Anglisht dhe Frengjisht. <\/span><\/strong><\/p><p dir=\"ltr\" style=\"line-height: 1.295; text-align: justify; margin-top: 0pt; margin-bottom: 8pt;\"><span style=\"font-size: 11.5pt; font-family: Calibri,sans-serif; color: #000000; background-color: #ffffff; font-weight: 400; font-style: normal; font-variant: normal; text-decoration: none; vertical-align: baseline; white-space: pre-wrap;\">Shumica e territoreve perkatesisht 7 jane kryesisht Anglishtfolese, kurse Quebec eshte Frankofone. Te gjitha provincat jo Frankofone kane programe shume te mira ne disa shkolla te distrikteve te tyre qe kane fokus ne gjuhen Frenge, sic quhet ndryshe brenda sistemit Kanadez \u2018French immersion\u2019. Kesisoj ne perzgjedhjen e shkolles nje vemendje te vecante duhet t\u2019i kushtohet edhe ketij aspekti.<\/span><\/p><p dir=\"ltr\" style=\"line-height: 1.295; text-align: justify; margin-top: 0pt; margin-bottom: 8pt;\"><span style=\"font-size: 11.5pt; font-family: Calibri,sans-serif; color: #000000; background-color: #ffffff; font-weight: 400; font-style: normal; font-variant: normal; text-decoration: none; vertical-align: baseline; white-space: pre-wrap;\">Shkollat e mesme me te cilat bashkepunon Englanders CR shtrihen kryesisht ne provincen e British Columbia, Vancouver apo Vancouver Island duke qene se eshte klimaterikisht me e ngjashme me Shqiperine. Vancouver eshte konsideruar qe nga viti 2015 e ne vijim si qyteti i 3 me i mire ne bote per te jetuar (burimi <\/span><span style=\"font-size: 11.5pt; font-family: Arial; color: #202124; background-color: #ffffff; font-weight: 400; font-style: normal; font-variant: normal; text-decoration: none; vertical-align: baseline; white-space: pre-wrap;\">The EIU&#8217;s Global Liveability Ranking<\/span><span style=\"font-size: 11.5pt; font-family: Calibri,sans-serif; color: #000000; background-color: #ffffff; font-weight: 400; font-style: normal; font-variant: normal; text-decoration: none; vertical-align: baseline; white-space: pre-wrap;\">). Ne nivel Universitar, Englanders bashkepunon me shume Kolegje dhe Universitete duke pasur ne fokus kryesisht destinacionet e famshme si Toronto ne Ontario, Manitoba dhe Vancouver ne British Columbia.<\/span><\/p><p dir=\"ltr\" style=\"line-height: 1.295; text-align: justify; margin-top: 0pt; margin-bottom: 8pt;\"><span style=\"font-size: 11.5pt; font-family: Calibri,sans-serif; color: #000000; background-color: #ffffff; font-weight: 400; font-style: normal; font-variant: normal; text-decoration: none; vertical-align: baseline; white-space: pre-wrap;\">Ne nivelin e shkolles se mesme, studentet akomodohen gjeresisht me familje pritese, ose host family.\u00a0<\/span><\/p>\t\t\t\t\t\t<\/div>\n\t\t\t\t<\/div>\n\t\t\t\t<div class=\"elementor-element elementor-element-b12346b elementor-align-justify elementor-widget elementor-widget-button\" data-id=\"b12346b\" data-element_type=\"widget\" data-widget_type=\"button.default\">\n\t\t\t\t<div class=\"elementor-widget-container\">\n\t\t\t\t\t<div class=\"elementor-button-wrapper\">\n\t\t\t<a class=\"elementor-button elementor-button-link elementor-size-lg\" href=\"https:\/\/englanderscr.al\/al\/aplikim\/\">\n\t\t\t\t\t\t<span class=\"elementor-button-content-wrapper\">\n\t\t\t\t\t\t<span class=\"elementor-button-text\">Aplikim studenti<\/span>\n\t\t<\/span>\n\t\t\t\t\t<\/a>\n\t\t<\/div>\n\t\t\t\t<\/div>\n\t\t\t\t<\/div>\n\t\t\t\t\t<\/div>\n\t\t<\/div>\n\t\t\t\t\t<\/div>\n\t\t<\/section>\n\t\t\t\t\t<\/div>\n\t\t<\/div>\n\t\t\t\t\t<\/div>\n\t\t<\/section>\n\t\t\t\t<section class=\"elementor-section elementor-top-section elementor-element elementor-element-8bb24ee elementor-section-boxed elementor-section-height-default elementor-section-height-default wpr-particle-no wpr-jarallax-no wpr-parallax-no wpr-sticky-section-no\" data-id=\"8bb24ee\" data-element_type=\"section\">\n\t\t\t\t\t\t<div class=\"elementor-container elementor-column-gap-default\">\n\t\t\t\t\t<div class=\"elementor-column elementor-col-100 elementor-top-column elementor-element elementor-element-e12e87d\" data-id=\"e12e87d\" data-element_type=\"column\">\n\t\t\t<div class=\"elementor-widget-wrap elementor-element-populated\">\n\t\t\t\t\t\t<div class=\"elementor-element elementor-element-cb56b80 elementor-widget elementor-widget-eael-image-accordion\" data-id=\"cb56b80\" data-element_type=\"widget\" data-widget_type=\"eael-image-accordion.default\">\n\t\t\t\t<div class=\"elementor-widget-container\">\n\t\t\t    <div class=\"eael-img-accordion accordion-direction-horizontal eael-img-accordion-horizontal-align-center eael-img-accordion-vertical-align-center\" id=\"eael-img-accordion-cb56b80\" data-img-accordion-id=\"cb56b80\" data-img-accordion-type=\"on-hover\">\n                    \n            <div class=\"eael-image-accordion-hover eael-image-accordion-item\" style=\"background-image: url(https:\/\/englanderscr.al\/wp-content\/uploads\/2023\/03\/pexels-andre-furtado-4116708-scaled.jpg);\"  tabindex=\"0\">\n                <div class=\"overlay\">\n                                        <div class=\"overlay-inner\">\n                        <a href=\"https:\/\/englanderscr.al\/al\/highschool-canada\/\"><h2 class=\"img-accordion-title\">Deri n\u00eb high school<\/h2><\/a>                            <p><p>Sistemi arsimor Kanadez nis me elementary, me pas me secondary school, junior high apo e njohur ndryshe si middle school deri kur student kalon ne shkolle te mesme apo high school.<\/p><\/p>\n                                            <\/div>\n                <\/div>\n            <\/div>\n                    \n            <div class=\"eael-image-accordion-hover eael-image-accordion-item\" style=\"background-image: url(https:\/\/englanderscr.al\/wp-content\/uploads\/2023\/03\/canada-best-cities-toronto-ontario.jpg);\"  tabindex=\"0\">\n                <div class=\"overlay\">\n                                        <div class=\"overlay-inner\">\n                        <h2 class=\"img-accordion-title\">University transfer programmes<\/h2>                            <p><p>Keto programe ekzistojne ne 2 forma:\u00a0<\/p><p><em>Utp stage 1 ose ekuivalenti i klases 12\/<\/em><\/p><p><em>Utp stage 2 ose ekuivalenti i vitit te pare Bachelor.<\/em><\/p><\/p>\n                                            <\/div>\n                <\/div>\n            <\/div>\n                    \n            <div class=\"eael-image-accordion-hover eael-image-accordion-item\" style=\"background-image: url(https:\/\/englanderscr.al\/wp-content\/uploads\/2023\/03\/15312-scaled.jpg);\"  tabindex=\"0\">\n                <div class=\"overlay\">\n                                        <div class=\"overlay-inner\">\n                        <h2 class=\"img-accordion-title\">Image Accordion #3<\/h2>                            <p>Image Accordion Content Goes Here! Click edit button to change this text.<\/p>\n                                            <\/div>\n                <\/div>\n            <\/div>\n                    \n            <div class=\"eael-image-accordion-hover eael-image-accordion-item\" style=\"background-image: url(https:\/\/englanderscr.al\/wp-content\/uploads\/2023\/03\/78348660_1336887006491067_3795709873627332608_n.jpg);\"  tabindex=\"0\">\n                <div class=\"overlay\">\n                                        <div class=\"overlay-inner\">\n                        <a href=\"https:\/\/englanderscr.al\/al\/postgraduate-canada\/\"><h2 class=\"img-accordion-title\">Master\/Postgraduate<\/h2><\/a>                            <p><p>Ne Canada Master mund te zgjase 1 \u2013 2 vite<\/p><\/p>\n                                            <\/div>\n                <\/div>\n            <\/div>\n                <\/div>\n        <style typr=\"text\/css\">\n                    #eael-img-accordion-cb56b80 .eael-image-accordion-hover:hover {\n                        flex: 3 1 0% !important;\n                    }\n                    #eael-img-accordion-cb56b80 .eael-image-accordion-hover:hover:hover .overlay-inner * {\n                        opacity: 1;\n                        visibility: visible;\n                        transform: none;\n                        transition: all .3s .3s;\n                    }\n                <\/style>\t\t<\/div>\n\t\t\t\t<\/div>\n\t\t\t\t\t<\/div>\n\t\t<\/div>\n\t\t\t\t\t<\/div>\n\t\t<\/section>\n\t\t\t\t<\/div>","protected":false},"excerpt":{"rendered":"<p>Arsimi Kanadez, tashm\u00eb i arritsh\u00ebm n\u00ebp\u00ebrmjet Englanders Cr Kanadaja ka 6-fishuar numrin e studenteve nderkombetar ne 20 vitet e fundit. &hellip; <\/p>","protected":false},"author":1,"featured_media":0,"parent":0,"menu_order":0,"comment_status":"closed","ping_status":"closed","template":"","meta":{"footnotes":""},"class_list":["post-623","page","type-page","status-publish","hentry"],"yoast_head":"<!-- This site is optimized with the Yoast SEO plugin v24.0 - https:\/\/yoast.com\/wordpress\/plugins\/seo\/ -->\n<title>Studio ne Canada - Englanderscr<\/title>\n<meta name=\"robots\" content=\"index, follow, max-snippet:-1, max-image-preview:large, max-video-preview:-1\" \/>\n<link rel=\"canonical\" href=\"https:\/\/englanderscr.al\/al\/studio-ne-canada\/\" \/>\n<meta property=\"og:locale\" content=\"sq_AL\" \/>\n<meta property=\"og:type\" content=\"article\" \/>\n<meta property=\"og:title\" content=\"Studio ne Canada - Englanderscr\" \/>\n<meta property=\"og:description\" content=\"Arsimi Kanadez, tashm\u00eb i arritsh\u00ebm n\u00ebp\u00ebrmjet Englanders Cr Kanadaja ka 6-fishuar numrin e studenteve nderkombetar ne 20 vitet e fundit. &hellip;\" \/>\n<meta property=\"og:url\" content=\"https:\/\/englanderscr.al\/al\/studio-ne-canada\/\" \/>\n<meta property=\"og:site_name\" content=\"Englanderscr\" \/>\n<meta property=\"article:modified_time\" content=\"2023-04-11T11:26:00+00:00\" \/>\n<meta property=\"og:image\" content=\"https:\/\/englanderscr.al\/wp-content\/uploads\/2023\/03\/canada-best-cities-toronto-ontario.jpg\" \/>\n<meta name=\"twitter:card\" content=\"summary_large_image\" \/>\n<meta name=\"twitter:label1\" content=\"Est. reading time\" \/>\n\t<meta name=\"twitter:data1\" content=\"3 minuta\" \/>\n<script type=\"application\/ld+json\" class=\"yoast-schema-graph\">{\"@context\":\"https:\/\/schema.org\",\"@graph\":[{\"@type\":\"WebPage\",\"@id\":\"https:\/\/englanderscr.al\/studio-ne-canada\/\",\"url\":\"https:\/\/englanderscr.al\/studio-ne-canada\/\",\"name\":\"Studio ne Canada - Englanderscr\",\"isPartOf\":{\"@id\":\"https:\/\/englanderscr.al\/#website\"},\"primaryImageOfPage\":{\"@id\":\"https:\/\/englanderscr.al\/studio-ne-canada\/#primaryimage\"},\"image\":{\"@id\":\"https:\/\/englanderscr.al\/studio-ne-canada\/#primaryimage\"},\"thumbnailUrl\":\"https:\/\/englanderscr.al\/wp-content\/uploads\/2023\/03\/canada-best-cities-toronto-ontario.jpg\",\"datePublished\":\"2023-02-06T16:08:54+00:00\",\"dateModified\":\"2023-04-11T11:26:00+00:00\",\"breadcrumb\":{\"@id\":\"https:\/\/englanderscr.al\/studio-ne-canada\/#breadcrumb\"},\"inLanguage\":\"sq\",\"potentialAction\":[{\"@type\":\"ReadAction\",\"target\":[\"https:\/\/englanderscr.al\/studio-ne-canada\/\"]}]},{\"@type\":\"ImageObject\",\"inLanguage\":\"sq\",\"@id\":\"https:\/\/englanderscr.al\/studio-ne-canada\/#primaryimage\",\"url\":\"https:\/\/englanderscr.al\/wp-content\/uploads\/2023\/03\/canada-best-cities-toronto-ontario.jpg\",\"contentUrl\":\"https:\/\/englanderscr.al\/wp-content\/uploads\/2023\/03\/canada-best-cities-toronto-ontario.jpg\"},{\"@type\":\"BreadcrumbList\",\"@id\":\"https:\/\/englanderscr.al\/studio-ne-canada\/#breadcrumb\",\"itemListElement\":[{\"@type\":\"ListItem\",\"position\":1,\"name\":\"Home\",\"item\":\"https:\/\/englanderscr.al\/\"},{\"@type\":\"ListItem\",\"position\":2,\"name\":\"Studio ne Canada\"}]},{\"@type\":\"WebSite\",\"@id\":\"https:\/\/englanderscr.al\/#website\",\"url\":\"https:\/\/englanderscr.al\/\",\"name\":\"Englanderscr\",\"description\":\"EnglandersCR offer the best of the British and international experience for Albanian youth and professionals\",\"publisher\":{\"@id\":\"https:\/\/englanderscr.al\/#organization\"},\"potentialAction\":[{\"@type\":\"SearchAction\",\"target\":{\"@type\":\"EntryPoint\",\"urlTemplate\":\"https:\/\/englanderscr.al\/?s={search_term_string}\"},\"query-input\":{\"@type\":\"PropertyValueSpecification\",\"valueRequired\":true,\"valueName\":\"search_term_string\"}}],\"inLanguage\":\"sq\"},{\"@type\":\"Organization\",\"@id\":\"https:\/\/englanderscr.al\/#organization\",\"name\":\"Englanderscr\",\"url\":\"https:\/\/englanderscr.al\/\",\"logo\":{\"@type\":\"ImageObject\",\"inLanguage\":\"sq\",\"@id\":\"https:\/\/englanderscr.al\/#\/schema\/logo\/image\/\",\"url\":\"https:\/\/englanderscr.al\/wp-content\/uploads\/2023\/03\/cropped-New-Project-1-1.png\",\"contentUrl\":\"https:\/\/englanderscr.al\/wp-content\/uploads\/2023\/03\/cropped-New-Project-1-1.png\",\"width\":228,\"height\":150,\"caption\":\"Englanderscr\"},\"image\":{\"@id\":\"https:\/\/englanderscr.al\/#\/schema\/logo\/image\/\"}}]}<\/script>\n<!-- \/ Yoast SEO plugin. -->","yoast_head_json":{"title":"Studio ne Canada - Englanderscr","robots":{"index":"index","follow":"follow","max-snippet":"max-snippet:-1","max-image-preview":"max-image-preview:large","max-video-preview":"max-video-preview:-1"},"canonical":"https:\/\/englanderscr.al\/al\/studio-ne-canada\/","og_locale":"sq_AL","og_type":"article","og_title":"Studio ne Canada - Englanderscr","og_description":"Arsimi Kanadez, tashm\u00eb i arritsh\u00ebm n\u00ebp\u00ebrmjet Englanders Cr Kanadaja ka 6-fishuar numrin e studenteve nderkombetar ne 20 vitet e fundit. &hellip;","og_url":"https:\/\/englanderscr.al\/al\/studio-ne-canada\/","og_site_name":"Englanderscr","article_modified_time":"2023-04-11T11:26:00+00:00","og_image":[{"url":"https:\/\/englanderscr.al\/wp-content\/uploads\/2023\/03\/canada-best-cities-toronto-ontario.jpg","type":"","width":"","height":""}],"twitter_card":"summary_large_image","twitter_misc":{"Est. reading time":"3 minuta"},"schema":{"@context":"https:\/\/schema.org","@graph":[{"@type":"WebPage","@id":"https:\/\/englanderscr.al\/studio-ne-canada\/","url":"https:\/\/englanderscr.al\/studio-ne-canada\/","name":"Studio ne Canada - Englanderscr","isPartOf":{"@id":"https:\/\/englanderscr.al\/#website"},"primaryImageOfPage":{"@id":"https:\/\/englanderscr.al\/studio-ne-canada\/#primaryimage"},"image":{"@id":"https:\/\/englanderscr.al\/studio-ne-canada\/#primaryimage"},"thumbnailUrl":"https:\/\/englanderscr.al\/wp-content\/uploads\/2023\/03\/canada-best-cities-toronto-ontario.jpg","datePublished":"2023-02-06T16:08:54+00:00","dateModified":"2023-04-11T11:26:00+00:00","breadcrumb":{"@id":"https:\/\/englanderscr.al\/studio-ne-canada\/#breadcrumb"},"inLanguage":"sq","potentialAction":[{"@type":"ReadAction","target":["https:\/\/englanderscr.al\/studio-ne-canada\/"]}]},{"@type":"ImageObject","inLanguage":"sq","@id":"https:\/\/englanderscr.al\/studio-ne-canada\/#primaryimage","url":"https:\/\/englanderscr.al\/wp-content\/uploads\/2023\/03\/canada-best-cities-toronto-ontario.jpg","contentUrl":"https:\/\/englanderscr.al\/wp-content\/uploads\/2023\/03\/canada-best-cities-toronto-ontario.jpg"},{"@type":"BreadcrumbList","@id":"https:\/\/englanderscr.al\/studio-ne-canada\/#breadcrumb","itemListElement":[{"@type":"ListItem","position":1,"name":"Home","item":"https:\/\/englanderscr.al\/"},{"@type":"ListItem","position":2,"name":"Studio ne Canada"}]},{"@type":"WebSite","@id":"https:\/\/englanderscr.al\/#website","url":"https:\/\/englanderscr.al\/","name":"Englanderscr","description":"EnglandersCR offer the best of the British and international experience for Albanian youth and professionals","publisher":{"@id":"https:\/\/englanderscr.al\/#organization"},"potentialAction":[{"@type":"SearchAction","target":{"@type":"EntryPoint","urlTemplate":"https:\/\/englanderscr.al\/?s={search_term_string}"},"query-input":{"@type":"PropertyValueSpecification","valueRequired":true,"valueName":"search_term_string"}}],"inLanguage":"sq"},{"@type":"Organization","@id":"https:\/\/englanderscr.al\/#organization","name":"Englanderscr","url":"https:\/\/englanderscr.al\/","logo":{"@type":"ImageObject","inLanguage":"sq","@id":"https:\/\/englanderscr.al\/#\/schema\/logo\/image\/","url":"https:\/\/englanderscr.al\/wp-content\/uploads\/2023\/03\/cropped-New-Project-1-1.png","contentUrl":"https:\/\/englanderscr.al\/wp-content\/uploads\/2023\/03\/cropped-New-Project-1-1.png","width":228,"height":150,"caption":"Englanderscr"},"image":{"@id":"https:\/\/englanderscr.al\/#\/schema\/logo\/image\/"}}]}},"_links":{"self":[{"href":"https:\/\/englanderscr.al\/al\/wp-json\/wp\/v2\/pages\/623","targetHints":{"allow":["GET"]}}],"collection":[{"href":"https:\/\/englanderscr.al\/al\/wp-json\/wp\/v2\/pages"}],"about":[{"href":"https:\/\/englanderscr.al\/al\/wp-json\/wp\/v2\/types\/page"}],"author":[{"embeddable":true,"href":"https:\/\/englanderscr.al\/al\/wp-json\/wp\/v2\/users\/1"}],"replies":[{"embeddable":true,"href":"https:\/\/englanderscr.al\/al\/wp-json\/wp\/v2\/comments?post=623"}],"version-history":[{"count":39,"href":"https:\/\/englanderscr.al\/al\/wp-json\/wp\/v2\/pages\/623\/revisions"}],"predecessor-version":[{"id":2063,"href":"https:\/\/englanderscr.al\/al\/wp-json\/wp\/v2\/pages\/623\/revisions\/2063"}],"wp:attachment":[{"href":"https:\/\/englanderscr.al\/al\/wp-json\/wp\/v2\/media?parent=623"}],"curies":[{"name":"wp","href":"https:\/\/api.w.org\/{rel}","templated":true}]}}