{"id":428,"date":"2023-01-25T10:34:28","date_gmt":"2023-01-25T10:34:28","guid":{"rendered":"https:\/\/englanderscr.al\/?page_id=428"},"modified":"2023-04-20T09:48:30","modified_gmt":"2023-04-20T09:48:30","slug":"testimonials","status":"publish","type":"page","link":"https:\/\/englanderscr.al\/al\/testimonials\/","title":{"rendered":"Testimonials"},"content":{"rendered":"<div data-elementor-type=\"wp-page\" data-elementor-id=\"428\" class=\"elementor elementor-428\">\n\t\t\t\t\t\t<section class=\"elementor-section elementor-top-section elementor-element elementor-element-783d67ca0 elementor-section-boxed elementor-section-height-default elementor-section-height-default wpr-particle-no wpr-jarallax-no wpr-parallax-no wpr-sticky-section-no\" data-id=\"783d67ca0\" data-element_type=\"section\" data-settings=\"{&quot;background_background&quot;:&quot;classic&quot;}\">\n\t\t\t\t\t\t<div class=\"elementor-container elementor-column-gap-default\">\n\t\t\t\t\t<div class=\"elementor-column elementor-col-100 elementor-top-column elementor-element elementor-element-a2f5cd2\" data-id=\"a2f5cd2\" data-element_type=\"column\">\n\t\t\t<div class=\"elementor-widget-wrap elementor-element-populated\">\n\t\t\t\t\t\t<div class=\"elementor-element elementor-element-be01747 elementor-widget elementor-widget-heading\" data-id=\"be01747\" data-element_type=\"widget\" data-widget_type=\"heading.default\">\n\t\t\t\t<div class=\"elementor-widget-container\">\n\t\t\t<style>\/*! elementor - v3.20.0 - 26-03-2024 *\/\n.elementor-heading-title{padding:0;margin:0;line-height:1}.elementor-widget-heading .elementor-heading-title[class*=elementor-size-]>a{color:inherit;font-size:inherit;line-height:inherit}.elementor-widget-heading .elementor-heading-title.elementor-size-small{font-size:15px}.elementor-widget-heading .elementor-heading-title.elementor-size-medium{font-size:19px}.elementor-widget-heading .elementor-heading-title.elementor-size-large{font-size:29px}.elementor-widget-heading .elementor-heading-title.elementor-size-xl{font-size:39px}.elementor-widget-heading .elementor-heading-title.elementor-size-xxl{font-size:59px}<\/style><h2 class=\"elementor-heading-title elementor-size-default\"><h1 data-elementor-setting-key=\"title\" data-pen-placeholder=\"Type Here...\" style=\"font-size: 42px; color: rgb(206, 4, 4); font-weight: 300;\">Students in Britain<\/h1><\/h2>\t\t<\/div>\n\t\t\t\t<\/div>\n\t\t\t\t<div class=\"elementor-element elementor-element-e6e1c52 wpr-testimonial-meta-position-top wpr-testimonial-slider-columns--tablet1 wpr-testimonial-slider-columns-2 wpr-testimonial-slider-columns--mobile1 wpr-testimonial-rating-style_2 wpr-testimonial-meta-align-center wpr-testimonial-image-position-center elementor-widget elementor-widget-wpr-testimonial\" data-id=\"e6e1c52\" data-element_type=\"widget\" data-settings=\"{&quot;testimonial_amount_tablet&quot;:&quot;1&quot;,&quot;testimonial_amount&quot;:&quot;2&quot;,&quot;testimonial_amount_mobile&quot;:1,&quot;testimonial_slides_to_scroll&quot;:2,&quot;testimonial_loop&quot;:&quot;yes&quot;}\" data-widget_type=\"wpr-testimonial.default\">\n\t\t\t\t<div class=\"elementor-widget-container\">\n\t\t\t\t\t<div class=\"wpr-testimonial-carousel-wrap\">\n\t\t\t\n\t\t\t<div class=\"wpr-testimonial-carousel\" dir=\"ltr\" data-slick=\"{&quot;rtl&quot;:false,&quot;infinite&quot;:true,&quot;speed&quot;:700,&quot;arrows&quot;:true,&quot;dots&quot;:true,&quot;autoplay&quot;:false,&quot;autoplaySpeed&quot;:0,&quot;pauseOnHover&quot;:&quot;&quot;,&quot;prevArrow&quot;:&quot;#wpr-testimonial-prev-e6e1c52&quot;,&quot;nextArrow&quot;:&quot;#wpr-testimonial-next-e6e1c52&quot;,&quot;sliderSlidesToScroll&quot;:2}\" data-slide-effect=\"slide\">\n\t\t\t\t\t\n\t\t\t\t\t\n\t\t\t\t\t\t\t\t\t\t\t\n\t\t\t\t\t\t<div class=\"wpr-testimonial-item elementor-repeater-item-84da4ad elementor-clearfix\">\n\t\t\t\t\t\t\t\n\t\t\t\t\t\t\t<div class=\"wpr-testimonial-meta elementor-clearfix\">\n\t\t\t\t\t\t\t\t<div class=\"wpr-testimonial-meta-inner\">\n\t\t\t\t\t\t\t\t\n\t\t\t\t\t<div class=\"wpr-testimonial-image\">\n\t\t\t\t<img decoding=\"async\" src=\"https:\/\/englanderscr.al\/wp-content\/uploads\/2023\/01\/IMG-20191007-WA0011-225x300-1-e1680877827905.jpg\" alt=\"Olgert Kukaj\">\n\t\t\t<\/div>\n\t\t\n\t\t\t\n\t\t<div class=\"wpr-testimonial-meta-content-wrap\">\n\t\t\t\t\t\t\t<div class=\"wpr-testimonial-name\">Olgert Kukaj<\/div>\n\t\t\t\n\t\t\t\t\t\t\t<div class=\"wpr-testimonial-job\">Master Accounting Finance BBP University <\/div>\n\t\t\t\n\t\t\t\n\t\t<\/div>\n\t\t\t\t\t\t\t\t\t\t<\/div>\n\t\t\t\t\t\t\t<\/div>\n\n\t\t\t\t\t\t\t\n\t\t<div class=\"wpr-testimonial-content-wrap\">\n\t\t\t<div class=\"wpr-testimonial-content-inner\">\n\t\t\t\n\t\t\t\t\t\t\t<div class=\"wpr-testimonial-title\">London<\/div>\n\t\t\t\n\t\t\t\t\t\t\t\t\n\n\t\t\t<div class=\"wpr-testimonial-rating\">\n\t\t\t\n\n                                                            <i class=\"wpr-rating-icon-full\">&#9733;<\/i>\n                                    \n\n\t     \t\n\n                                                            <i class=\"wpr-rating-icon-full\">&#9733;<\/i>\n                                    \n\n\t     \t\n\n                                                            <i class=\"wpr-rating-icon-full\">&#9733;<\/i>\n                                    \n\n\t     \t\n\n                                                            <i class=\"wpr-rating-icon-full\">&#9733;<\/i>\n                                    \n\n\t     \t\n\n                                                            <i class=\"wpr-rating-icon-full\">&#9733;<\/i>\n                                    \n\n\t     \t\n\t     \t\t\t\t<\/div>\n\n\t\t\t\t\n\t\t\t\t\t\t\t<div class=\"wpr-testimonial-content\">\n\t\t\t\t\t\n\t\t\t\t\t<p><p>Nese doni te studioni ne UK, ju rekomandoj te gjitheve qe te aplikoni nepermjet agjensise Englanders CR.<\/p><p>Ju falenderoj sepse fale jush une gjeta mundesine e arte qe vetem BBP University e ofron.<\/p><p>Jam 18 vje\u00e7 dhe jam duke vazhduar master per Accounting finance ne mes te Londres. How cool is this \ud83d\ude42<\/p><\/p>\n\t\t\t\t<\/div>\n\t\t\t\n\t\t\t\n\t\t\t\t\t\t\t<div class=\"wpr-testimonial-date\">2021<\/div>\n\t\t\t\t\t\t<\/div>\n\t\t<\/div>\n\n\t    \n\t\t\t\t\t\t\t\n\t\t\t\t\t\t<\/div>\n\t\t\t\t\t\t\n\t\t\t\t\t\t\t\t\t\t\t\n\t\t\t\t\t\t<div class=\"wpr-testimonial-item elementor-repeater-item-f8542be elementor-clearfix\">\n\t\t\t\t\t\t\t\n\t\t\t\t\t\t\t<div class=\"wpr-testimonial-meta elementor-clearfix\">\n\t\t\t\t\t\t\t\t<div class=\"wpr-testimonial-meta-inner\">\n\t\t\t\t\t\t\t\t\n\t\t\t\t\t<div class=\"wpr-testimonial-image\">\n\t\t\t\t<img decoding=\"async\" src=\"https:\/\/englanderscr.al\/wp-content\/uploads\/2023\/04\/vilma-brahaj.jpg\" alt=\"Vilma Brahaj\">\n\t\t\t<\/div>\n\t\t\n\t\t\t\n\t\t<div class=\"wpr-testimonial-meta-content-wrap\">\n\t\t\t\t\t\t\t<div class=\"wpr-testimonial-name\">Vilma Brahaj<\/div>\n\t\t\t\n\t\t\t\t\t\t\t<div class=\"wpr-testimonial-job\"> Accaunting and Business Management <\/div>\n\t\t\t\n\t\t\t\n\t\t<\/div>\n\t\t\t\t\t\t\t\t\t\t<\/div>\n\t\t\t\t\t\t\t<\/div>\n\n\t\t\t\t\t\t\t\n\t\t<div class=\"wpr-testimonial-content-wrap\">\n\t\t\t<div class=\"wpr-testimonial-content-inner\">\n\t\t\t\n\t\t\t\t\t\t\t<div class=\"wpr-testimonial-title\">Brunel<\/div>\n\t\t\t\n\t\t\t\t\t\t\t\t\n\n\t\t\t<div class=\"wpr-testimonial-rating\">\n\t\t\t\n\n                                                            <i class=\"wpr-rating-icon-full\">&#9733;<\/i>\n                                    \n\n\t     \t\n\n                                                            <i class=\"wpr-rating-icon-full\">&#9733;<\/i>\n                                    \n\n\t     \t\n\n                                                            <i class=\"wpr-rating-icon-full\">&#9733;<\/i>\n                                    \n\n\t     \t\n\n                                                            <i class=\"wpr-rating-icon-full\">&#9733;<\/i>\n                                    \n\n\t     \t\n\n                                                            <i class=\"wpr-rating-icon-full\">&#9733;<\/i>\n                                    \n\n\t     \t\n\t     \t\t\t\t<\/div>\n\n\t\t\t\t\n\t\t\t\t\t\t\t<div class=\"wpr-testimonial-content\">\n\t\t\t\t\t\n\t\t\t\t\t<p><p>Pershendetje nga une Vilma, studente ne Brunel University. Aktualisht jam duke studiuar Accaunting and Business Management dhe dua te falenderoj pafundesisht agjentet e Englanders Cr e cila beri te mundur ardhjen time ketu mbi te gjitha bashke me bashkshorting qe eshte nje mbeshtetje shume e madhe per mua.<\/p><\/p>\n\t\t\t\t<\/div>\n\t\t\t\n\t\t\t\n\t\t\t\t\t\t\t<div class=\"wpr-testimonial-date\">2021<\/div>\n\t\t\t\t\t\t<\/div>\n\t\t<\/div>\n\n\t    \n\t\t\t\t\t\t\t\n\t\t\t\t\t\t<\/div>\n\t\t\t\t\t\t\n\t\t\t\t\t\t\t\t\t\t\t\n\t\t\t\t\t\t<div class=\"wpr-testimonial-item elementor-repeater-item-f65dc1e elementor-clearfix\">\n\t\t\t\t\t\t\t\n\t\t\t\t\t\t\t<div class=\"wpr-testimonial-meta elementor-clearfix\">\n\t\t\t\t\t\t\t\t<div class=\"wpr-testimonial-meta-inner\">\n\t\t\t\t\t\t\t\t\n\t\t\t\t\t<div class=\"wpr-testimonial-image\">\n\t\t\t\t<img decoding=\"async\" src=\"https:\/\/englanderscr.al\/wp-content\/uploads\/2023\/04\/WhatsApp-Image-2023-01-04-at-11.02.53-copy-e1680878590710.jpg\" alt=\"Gertilda Kastrati \">\n\t\t\t<\/div>\n\t\t\n\t\t\t\n\t\t<div class=\"wpr-testimonial-meta-content-wrap\">\n\t\t\t\t\t\t\t<div class=\"wpr-testimonial-name\">Gertilda Kastrati <\/div>\n\t\t\t\n\t\t\t\t\t\t\t<div class=\"wpr-testimonial-job\">London<\/div>\n\t\t\t\n\t\t\t\n\t\t<\/div>\n\t\t\t\t\t\t\t\t\t\t<\/div>\n\t\t\t\t\t\t\t<\/div>\n\n\t\t\t\t\t\t\t\n\t\t<div class=\"wpr-testimonial-content-wrap\">\n\t\t\t<div class=\"wpr-testimonial-content-inner\">\n\t\t\t\n\t\t\t\t\t\t\t<div class=\"wpr-testimonial-title\">London<\/div>\n\t\t\t\n\t\t\t\t\t\t\t\t\n\n\t\t\t<div class=\"wpr-testimonial-rating\">\n\t\t\t\n\n                                                            <i class=\"wpr-rating-icon-full\">&#9733;<\/i>\n                                    \n\n\t     \t\n\n                                                            <i class=\"wpr-rating-icon-full\">&#9733;<\/i>\n                                    \n\n\t     \t\n\n                                                            <i class=\"wpr-rating-icon-full\">&#9733;<\/i>\n                                    \n\n\t     \t\n\n                                                            <i class=\"wpr-rating-icon-full\">&#9733;<\/i>\n                                    \n\n\t     \t\n\n                                                            <i class=\"wpr-rating-icon-full\">&#9733;<\/i>\n                                    \n\n\t     \t\n\t     \t\t\t\t<\/div>\n\n\t\t\t\t\n\t\t\t\t\t\t\t<div class=\"wpr-testimonial-content\">\n\t\t\t\t\t\n\t\t\t\t\t<p><p>Janar 2023 erdhi me nj\u00eb surpriz\u00eb t\u00eb bukur. Une jam Gertilda Kastrati dhe pasi perfundova studimet ne<strong> University of the West of Scotland<\/strong> sapo u aprovova per nje Graduate Visa 2 vjecare ne Britani. Asnje dokument shtese, kontrate e firmosur pune apo llogari bankare si garanci.<\/p><p>Faleminderit Englanders qe me keshilloi ne \u00e7do hap dhe plotesoi procedurat e aplikimit UKVI. Universiteti i perzgjedhur ishte nje zgjedhje shume e mire, ne zemer te Londres dhe une jam e sigurte qe mundesite e mia ne tregun Britanik, aq me shume me nje vize te hapur 2 vjecare pune do jene shume te mira.<\/p><p>Ndiqni rrugen time: <strong>Student visa dhe Graduate Visa.<\/strong><\/p><\/p>\n\t\t\t\t<\/div>\n\t\t\t\n\t\t\t\n\t\t\t\t\t\t\t<div class=\"wpr-testimonial-date\">2023<\/div>\n\t\t\t\t\t\t<\/div>\n\t\t<\/div>\n\n\t    \n\t\t\t\t\t\t\t\n\t\t\t\t\t\t<\/div>\n\t\t\t\t\t\t\n\t\t\t\t\t\t\t\t\t\t\t\n\t\t\t\t\t\t<div class=\"wpr-testimonial-item elementor-repeater-item-1bba5d1 elementor-clearfix\">\n\t\t\t\t\t\t\t\n\t\t\t\t\t\t\t<div class=\"wpr-testimonial-meta elementor-clearfix\">\n\t\t\t\t\t\t\t\t<div class=\"wpr-testimonial-meta-inner\">\n\t\t\t\t\t\t\t\t\n\t\t\t\t\t<div class=\"wpr-testimonial-image\">\n\t\t\t\t<img decoding=\"async\" src=\"https:\/\/englanderscr.al\/wp-content\/uploads\/2023\/04\/65437_f4ee02c9346a1860542829b0f59d9700-1_28_2023-9_52_31-AM-e1680889187990.jpg\" alt=\"Silvana  Isufaj\">\n\t\t\t<\/div>\n\t\t\n\t\t\t\n\t\t<div class=\"wpr-testimonial-meta-content-wrap\">\n\t\t\t\t\t\t\t<div class=\"wpr-testimonial-name\">Silvana  Isufaj<\/div>\n\t\t\t\n\t\t\t\t\t\t\t<div class=\"wpr-testimonial-job\"> Master Shkencor 'Planning and Development<\/div>\n\t\t\t\n\t\t\t\n\t\t<\/div>\n\t\t\t\t\t\t\t\t\t\t<\/div>\n\t\t\t\t\t\t\t<\/div>\n\n\t\t\t\t\t\t\t\n\t\t<div class=\"wpr-testimonial-content-wrap\">\n\t\t\t<div class=\"wpr-testimonial-content-inner\">\n\t\t\t\n\t\t\t\t\t\t\t<div class=\"wpr-testimonial-title\">Belfast<\/div>\n\t\t\t\n\t\t\t\t\t\t\t\t\n\n\t\t\t<div class=\"wpr-testimonial-rating\">\n\t\t\t\n\n                                                            <i class=\"wpr-rating-icon-full\">&#9733;<\/i>\n                                    \n\n\t     \t\n\n                                                            <i class=\"wpr-rating-icon-full\">&#9733;<\/i>\n                                    \n\n\t     \t\n\n                                                            <i class=\"wpr-rating-icon-full\">&#9733;<\/i>\n                                    \n\n\t     \t\n\n                                                            <i class=\"wpr-rating-icon-full\">&#9733;<\/i>\n                                    \n\n\t     \t\n\n                                                            <i class=\"wpr-rating-icon-full\">&#9733;<\/i>\n                                    \n\n\t     \t\n\t     \t\t\t\t<\/div>\n\n\t\t\t\t\n\t\t\t\t\t\t\t<div class=\"wpr-testimonial-content\">\n\t\t\t\t\t\n\t\t\t\t\t<p><p>Nj\u00eb nd\u00ebr \u00ebndrrat e mia ka q\u00ebn\u00eb gjithmon\u00eb t\u00eb studioja n\u00eb nj\u00eb vend jasht\u00eb Shqip\u00ebris\u00eb dhe fal\u00eb mb\u00ebshtjes e pun\u00ebs s\u00eb palodhur t\u00eb Englanders CR un\u00eb sot studioj <strong>Master Shkencor 'Planning and Development'<\/strong> n\u00eb Mbret\u00ebrin\u00eb e Bashkuar, konkretisht tek <strong>Queens University n\u00eb Belfast. <\/strong><\/p><p>Vler\u00ebsoj v\u00ebrtet pun\u00ebn dhe v\u00ebmendjen q\u00eb Englanders Cr i ka dh\u00ebn\u00eb jo vet\u00ebm rrug\u00ebtimit tim por jam e bindur te \u00e7do studenti q\u00eb ka ndjekur hapat e saj.<\/p><p>Jam shum\u00eb e lumtur dhe me fat q\u00eb kam bashkpunuar me ju dhe padyshim q\u00eb jeni rekomandimi i par\u00eb q\u00eb do jepja p\u00ebr student\u00ebt q\u00eb duan t\u00eb ndjekin studimet e tyre jasht\u00eb Shqip\u00ebris\u00eb. Mir\u00ebnjoh\u00ebse gjithmon\u00eb \ud83d\ude4f<\/p><\/p>\n\t\t\t\t<\/div>\n\t\t\t\n\t\t\t\n\t\t\t\t\t\t\t<div class=\"wpr-testimonial-date\">2023<\/div>\n\t\t\t\t\t\t<\/div>\n\t\t<\/div>\n\n\t    \n\t\t\t\t\t\t\t\n\t\t\t\t\t\t<\/div>\n\t\t\t\t\t\t\n\t\t\t\t\t\t\t\t\t<\/div>\n\n\t\t\t<div class=\"wpr-testimonial-controls\">\n\t\t\t\t<div class=\"wpr-testimonial-dots\"><\/div>\n\t\t\t<\/div>\n\n\t\t\t<div class=\"wpr-testimonial-arrow-container\">\n\t\t\t\t<div class=\"wpr-testimonial-prev-arrow wpr-testimonial-arrow\" id=\"wpr-testimonial-prev-e6e1c52\">\n\t\t\t\t\t<svg version=\"1.1\" xmlns=\"http:\/\/www.w3.org\/2000\/svg\" xmlns:xlink=\"http:\/\/www.w3.org\/1999\/xlink\" x=\"0px\" y=\"0px\" viewbox=\"0 0 259.6 512\" style=\"enable-background:new 0 0 259.6 512;\" xml:space=\"preserve\"><g><path class=\"st0\" d=\"M256.6,18.1L126.2,256.1l130.6,237.6c3.6,5.6,3.9,10.8,0.2,14.9c-0.2,0.2-0.2,0.3-0.3,0.3s-0.3,0.3-0.3,0.3c-3.9,3.9-10.3,3.6-14.2-0.3L2.9,263.6c-2-2.1-3.1-4.7-2.9-7.5c0-2.8,1-5.6,3.1-7.7L242,3.1c4.1-4.1,10.6-4.1,14.6,0l0,0C260.7,7.3,260.5,10.9,256.6,18.1z\"\/><\/g><\/svg>\t\t\t\t<\/div>\n\t\t\t\t<div class=\"wpr-testimonial-next-arrow wpr-testimonial-arrow\" id=\"wpr-testimonial-next-e6e1c52\">\n\t\t\t\t\t<svg version=\"1.1\" xmlns=\"http:\/\/www.w3.org\/2000\/svg\" xmlns:xlink=\"http:\/\/www.w3.org\/1999\/xlink\" x=\"0px\" y=\"0px\" viewbox=\"0 0 259.6 512\" style=\"enable-background:new 0 0 259.6 512;\" xml:space=\"preserve\"><g><path class=\"st0\" d=\"M256.6,18.1L126.2,256.1l130.6,237.6c3.6,5.6,3.9,10.8,0.2,14.9c-0.2,0.2-0.2,0.3-0.3,0.3s-0.3,0.3-0.3,0.3c-3.9,3.9-10.3,3.6-14.2-0.3L2.9,263.6c-2-2.1-3.1-4.7-2.9-7.5c0-2.8,1-5.6,3.1-7.7L242,3.1c4.1-4.1,10.6-4.1,14.6,0l0,0C260.7,7.3,260.5,10.9,256.6,18.1z\"\/><\/g><\/svg>\t\t\t\t<\/div>\n\t\t\t<\/div>\n\t\t<\/div>\n\n\t\t\t<\/div>\n\t\t\t\t<\/div>\n\t\t\t\t\t<\/div>\n\t\t<\/div>\n\t\t\t\t\t<\/div>\n\t\t<\/section>\n\t\t\t\t<\/div>","protected":false},"excerpt":{"rendered":"<p>Students in Britain Olgert Kukaj Master Accounting Finance BBP University London &#9733; &#9733; &#9733; &#9733; &#9733; Nese doni te studioni &hellip; <\/p>","protected":false},"author":1,"featured_media":0,"parent":0,"menu_order":0,"comment_status":"closed","ping_status":"closed","template":"","meta":{"footnotes":""},"class_list":["post-428","page","type-page","status-publish","hentry"],"yoast_head":"<!-- This site is optimized with the Yoast SEO plugin v24.0 - https:\/\/yoast.com\/wordpress\/plugins\/seo\/ -->\n<title>Testimonials - Englanderscr<\/title>\n<meta name=\"robots\" content=\"index, follow, max-snippet:-1, max-image-preview:large, max-video-preview:-1\" \/>\n<link rel=\"canonical\" href=\"https:\/\/englanderscr.al\/al\/testimonials\/\" \/>\n<meta property=\"og:locale\" content=\"sq_AL\" \/>\n<meta property=\"og:type\" content=\"article\" \/>\n<meta property=\"og:title\" content=\"Testimonials - Englanderscr\" \/>\n<meta property=\"og:description\" content=\"Students in Britain Olgert Kukaj Master Accounting Finance BBP University London &#9733; &#9733; &#9733; &#9733; &#9733; Nese doni te studioni &hellip;\" \/>\n<meta property=\"og:url\" content=\"https:\/\/englanderscr.al\/al\/testimonials\/\" \/>\n<meta property=\"og:site_name\" content=\"Englanderscr\" \/>\n<meta property=\"article:modified_time\" content=\"2023-04-20T09:48:30+00:00\" \/>\n<meta property=\"og:image\" content=\"https:\/\/englanderscr.al\/wp-content\/uploads\/2023\/01\/IMG-20191007-WA0011-225x300-1-e1680877827905.jpg\" \/>\n<meta name=\"twitter:card\" content=\"summary_large_image\" \/>\n<meta name=\"twitter:label1\" content=\"Est. reading time\" \/>\n\t<meta name=\"twitter:data1\" content=\"7 minuta\" \/>\n<script type=\"application\/ld+json\" class=\"yoast-schema-graph\">{\"@context\":\"https:\/\/schema.org\",\"@graph\":[{\"@type\":\"WebPage\",\"@id\":\"https:\/\/englanderscr.al\/testimonials\/\",\"url\":\"https:\/\/englanderscr.al\/testimonials\/\",\"name\":\"Testimonials - Englanderscr\",\"isPartOf\":{\"@id\":\"https:\/\/englanderscr.al\/#website\"},\"primaryImageOfPage\":{\"@id\":\"https:\/\/englanderscr.al\/testimonials\/#primaryimage\"},\"image\":{\"@id\":\"https:\/\/englanderscr.al\/testimonials\/#primaryimage\"},\"thumbnailUrl\":\"https:\/\/englanderscr.al\/wp-content\/uploads\/2023\/01\/IMG-20191007-WA0011-225x300-1-e1680877827905.jpg\",\"datePublished\":\"2023-01-25T10:34:28+00:00\",\"dateModified\":\"2023-04-20T09:48:30+00:00\",\"breadcrumb\":{\"@id\":\"https:\/\/englanderscr.al\/testimonials\/#breadcrumb\"},\"inLanguage\":\"sq\",\"potentialAction\":[{\"@type\":\"ReadAction\",\"target\":[\"https:\/\/englanderscr.al\/testimonials\/\"]}]},{\"@type\":\"ImageObject\",\"inLanguage\":\"sq\",\"@id\":\"https:\/\/englanderscr.al\/testimonials\/#primaryimage\",\"url\":\"https:\/\/englanderscr.al\/wp-content\/uploads\/2023\/01\/IMG-20191007-WA0011-225x300-1-e1680877827905.jpg\",\"contentUrl\":\"https:\/\/englanderscr.al\/wp-content\/uploads\/2023\/01\/IMG-20191007-WA0011-225x300-1-e1680877827905.jpg\"},{\"@type\":\"BreadcrumbList\",\"@id\":\"https:\/\/englanderscr.al\/testimonials\/#breadcrumb\",\"itemListElement\":[{\"@type\":\"ListItem\",\"position\":1,\"name\":\"Home\",\"item\":\"https:\/\/englanderscr.al\/\"},{\"@type\":\"ListItem\",\"position\":2,\"name\":\"Testimonials\"}]},{\"@type\":\"WebSite\",\"@id\":\"https:\/\/englanderscr.al\/#website\",\"url\":\"https:\/\/englanderscr.al\/\",\"name\":\"Englanderscr\",\"description\":\"EnglandersCR offer the best of the British and international experience for Albanian youth and professionals\",\"publisher\":{\"@id\":\"https:\/\/englanderscr.al\/#organization\"},\"potentialAction\":[{\"@type\":\"SearchAction\",\"target\":{\"@type\":\"EntryPoint\",\"urlTemplate\":\"https:\/\/englanderscr.al\/?s={search_term_string}\"},\"query-input\":{\"@type\":\"PropertyValueSpecification\",\"valueRequired\":true,\"valueName\":\"search_term_string\"}}],\"inLanguage\":\"sq\"},{\"@type\":\"Organization\",\"@id\":\"https:\/\/englanderscr.al\/#organization\",\"name\":\"Englanderscr\",\"url\":\"https:\/\/englanderscr.al\/\",\"logo\":{\"@type\":\"ImageObject\",\"inLanguage\":\"sq\",\"@id\":\"https:\/\/englanderscr.al\/#\/schema\/logo\/image\/\",\"url\":\"https:\/\/englanderscr.al\/wp-content\/uploads\/2023\/03\/cropped-New-Project-1-1.png\",\"contentUrl\":\"https:\/\/englanderscr.al\/wp-content\/uploads\/2023\/03\/cropped-New-Project-1-1.png\",\"width\":228,\"height\":150,\"caption\":\"Englanderscr\"},\"image\":{\"@id\":\"https:\/\/englanderscr.al\/#\/schema\/logo\/image\/\"}}]}<\/script>\n<!-- \/ Yoast SEO plugin. -->","yoast_head_json":{"title":"Testimonials - Englanderscr","robots":{"index":"index","follow":"follow","max-snippet":"max-snippet:-1","max-image-preview":"max-image-preview:large","max-video-preview":"max-video-preview:-1"},"canonical":"https:\/\/englanderscr.al\/al\/testimonials\/","og_locale":"sq_AL","og_type":"article","og_title":"Testimonials - Englanderscr","og_description":"Students in Britain Olgert Kukaj Master Accounting Finance BBP University London &#9733; &#9733; &#9733; &#9733; &#9733; Nese doni te studioni &hellip;","og_url":"https:\/\/englanderscr.al\/al\/testimonials\/","og_site_name":"Englanderscr","article_modified_time":"2023-04-20T09:48:30+00:00","og_image":[{"url":"https:\/\/englanderscr.al\/wp-content\/uploads\/2023\/01\/IMG-20191007-WA0011-225x300-1-e1680877827905.jpg","type":"","width":"","height":""}],"twitter_card":"summary_large_image","twitter_misc":{"Est. reading time":"7 minuta"},"schema":{"@context":"https:\/\/schema.org","@graph":[{"@type":"WebPage","@id":"https:\/\/englanderscr.al\/testimonials\/","url":"https:\/\/englanderscr.al\/testimonials\/","name":"Testimonials - Englanderscr","isPartOf":{"@id":"https:\/\/englanderscr.al\/#website"},"primaryImageOfPage":{"@id":"https:\/\/englanderscr.al\/testimonials\/#primaryimage"},"image":{"@id":"https:\/\/englanderscr.al\/testimonials\/#primaryimage"},"thumbnailUrl":"https:\/\/englanderscr.al\/wp-content\/uploads\/2023\/01\/IMG-20191007-WA0011-225x300-1-e1680877827905.jpg","datePublished":"2023-01-25T10:34:28+00:00","dateModified":"2023-04-20T09:48:30+00:00","breadcrumb":{"@id":"https:\/\/englanderscr.al\/testimonials\/#breadcrumb"},"inLanguage":"sq","potentialAction":[{"@type":"ReadAction","target":["https:\/\/englanderscr.al\/testimonials\/"]}]},{"@type":"ImageObject","inLanguage":"sq","@id":"https:\/\/englanderscr.al\/testimonials\/#primaryimage","url":"https:\/\/englanderscr.al\/wp-content\/uploads\/2023\/01\/IMG-20191007-WA0011-225x300-1-e1680877827905.jpg","contentUrl":"https:\/\/englanderscr.al\/wp-content\/uploads\/2023\/01\/IMG-20191007-WA0011-225x300-1-e1680877827905.jpg"},{"@type":"BreadcrumbList","@id":"https:\/\/englanderscr.al\/testimonials\/#breadcrumb","itemListElement":[{"@type":"ListItem","position":1,"name":"Home","item":"https:\/\/englanderscr.al\/"},{"@type":"ListItem","position":2,"name":"Testimonials"}]},{"@type":"WebSite","@id":"https:\/\/englanderscr.al\/#website","url":"https:\/\/englanderscr.al\/","name":"Englanderscr","description":"EnglandersCR offer the best of the British and international experience for Albanian youth and professionals","publisher":{"@id":"https:\/\/englanderscr.al\/#organization"},"potentialAction":[{"@type":"SearchAction","target":{"@type":"EntryPoint","urlTemplate":"https:\/\/englanderscr.al\/?s={search_term_string}"},"query-input":{"@type":"PropertyValueSpecification","valueRequired":true,"valueName":"search_term_string"}}],"inLanguage":"sq"},{"@type":"Organization","@id":"https:\/\/englanderscr.al\/#organization","name":"Englanderscr","url":"https:\/\/englanderscr.al\/","logo":{"@type":"ImageObject","inLanguage":"sq","@id":"https:\/\/englanderscr.al\/#\/schema\/logo\/image\/","url":"https:\/\/englanderscr.al\/wp-content\/uploads\/2023\/03\/cropped-New-Project-1-1.png","contentUrl":"https:\/\/englanderscr.al\/wp-content\/uploads\/2023\/03\/cropped-New-Project-1-1.png","width":228,"height":150,"caption":"Englanderscr"},"image":{"@id":"https:\/\/englanderscr.al\/#\/schema\/logo\/image\/"}}]}},"_links":{"self":[{"href":"https:\/\/englanderscr.al\/al\/wp-json\/wp\/v2\/pages\/428","targetHints":{"allow":["GET"]}}],"collection":[{"href":"https:\/\/englanderscr.al\/al\/wp-json\/wp\/v2\/pages"}],"about":[{"href":"https:\/\/englanderscr.al\/al\/wp-json\/wp\/v2\/types\/page"}],"author":[{"embeddable":true,"href":"https:\/\/englanderscr.al\/al\/wp-json\/wp\/v2\/users\/1"}],"replies":[{"embeddable":true,"href":"https:\/\/englanderscr.al\/al\/wp-json\/wp\/v2\/comments?post=428"}],"version-history":[{"count":81,"href":"https:\/\/englanderscr.al\/al\/wp-json\/wp\/v2\/pages\/428\/revisions"}],"predecessor-version":[{"id":3661,"href":"https:\/\/englanderscr.al\/al\/wp-json\/wp\/v2\/pages\/428\/revisions\/3661"}],"wp:attachment":[{"href":"https:\/\/englanderscr.al\/al\/wp-json\/wp\/v2\/media?parent=428"}],"curies":[{"name":"wp","href":"https:\/\/api.w.org\/{rel}","templated":true}]}}