{"id":2426,"date":"2023-04-13T11:59:59","date_gmt":"2023-04-13T11:59:59","guid":{"rendered":"https:\/\/englanderscr.al\/?page_id=2426"},"modified":"2023-04-25T08:38:54","modified_gmt":"2023-04-25T08:38:54","slug":"klasa-12-deri-ne-fund-te-shkolles-se-mesme","status":"publish","type":"page","link":"https:\/\/englanderscr.al\/al\/klasa-12-deri-ne-fund-te-shkolles-se-mesme\/","title":{"rendered":"Klasa 12\/deri n\u00eb fund t\u00eb shkoll\u00ebs s\u00eb mesme"},"content":{"rendered":"<div data-elementor-type=\"wp-page\" data-elementor-id=\"2426\" class=\"elementor elementor-2426\">\n\t\t\t\t\t\t<section class=\"elementor-section elementor-top-section elementor-element elementor-element-f305787 elementor-section-boxed elementor-section-height-default elementor-section-height-default wpr-particle-no wpr-jarallax-no wpr-parallax-no wpr-sticky-section-no\" data-id=\"f305787\" data-element_type=\"section\">\n\t\t\t\t\t\t<div class=\"elementor-container elementor-column-gap-default\">\n\t\t\t\t\t<div class=\"elementor-column elementor-col-100 elementor-top-column elementor-element elementor-element-e11b430\" data-id=\"e11b430\" data-element_type=\"column\">\n\t\t\t<div class=\"elementor-widget-wrap elementor-element-populated\">\n\t\t\t\t\t\t<div class=\"elementor-element elementor-element-6b63ba7 elementor-widget elementor-widget-image\" data-id=\"6b63ba7\" data-element_type=\"widget\" data-widget_type=\"image.default\">\n\t\t\t\t<div class=\"elementor-widget-container\">\n\t\t\t<style>\/*! elementor - v3.20.0 - 26-03-2024 *\/\n.elementor-widget-image{text-align:center}.elementor-widget-image a{display:inline-block}.elementor-widget-image a img[src$=\".svg\"]{width:48px}.elementor-widget-image img{vertical-align:middle;display:inline-block}<\/style>\t\t\t\t\t\t\t\t\t\t<img fetchpriority=\"high\" decoding=\"async\" width=\"750\" height=\"375\" src=\"https:\/\/englanderscr.al\/wp-content\/uploads\/2023\/03\/16.10.2020_Truly_Belong_Boarding_School-1024x512.jpg\" class=\"attachment-large size-large wp-image-1405\" alt=\"\" srcset=\"https:\/\/englanderscr.al\/wp-content\/uploads\/2023\/03\/16.10.2020_Truly_Belong_Boarding_School-1024x512.jpg 1024w, https:\/\/englanderscr.al\/wp-content\/uploads\/2023\/03\/16.10.2020_Truly_Belong_Boarding_School-600x300.jpg 600w, https:\/\/englanderscr.al\/wp-content\/uploads\/2023\/03\/16.10.2020_Truly_Belong_Boarding_School-300x150.jpg 300w, https:\/\/englanderscr.al\/wp-content\/uploads\/2023\/03\/16.10.2020_Truly_Belong_Boarding_School-768x384.jpg 768w, https:\/\/englanderscr.al\/wp-content\/uploads\/2023\/03\/16.10.2020_Truly_Belong_Boarding_School-18x9.jpg 18w, https:\/\/englanderscr.al\/wp-content\/uploads\/2023\/03\/16.10.2020_Truly_Belong_Boarding_School.jpg 1200w\" sizes=\"(max-width: 750px) 100vw, 750px\" \/>\t\t\t\t\t\t\t\t\t\t\t\t\t<\/div>\n\t\t\t\t<\/div>\n\t\t\t\t\t<\/div>\n\t\t<\/div>\n\t\t\t\t\t<\/div>\n\t\t<\/section>\n\t\t\t\t<section class=\"elementor-section elementor-top-section elementor-element elementor-element-1507b87d elementor-section-boxed elementor-section-height-default elementor-section-height-default wpr-particle-no wpr-jarallax-no wpr-parallax-no wpr-sticky-section-no\" data-id=\"1507b87d\" data-element_type=\"section\">\n\t\t\t\t\t\t<div class=\"elementor-container elementor-column-gap-default\">\n\t\t\t\t\t<div class=\"elementor-column elementor-col-100 elementor-top-column elementor-element elementor-element-2d37093\" data-id=\"2d37093\" data-element_type=\"column\">\n\t\t\t<div class=\"elementor-widget-wrap elementor-element-populated\">\n\t\t\t\t\t\t<div class=\"elementor-element elementor-element-6299fb1b elementor-widget elementor-widget-heading\" data-id=\"6299fb1b\" data-element_type=\"widget\" data-widget_type=\"heading.default\">\n\t\t\t\t<div class=\"elementor-widget-container\">\n\t\t\t<style>\/*! elementor - v3.20.0 - 26-03-2024 *\/\n.elementor-heading-title{padding:0;margin:0;line-height:1}.elementor-widget-heading .elementor-heading-title[class*=elementor-size-]>a{color:inherit;font-size:inherit;line-height:inherit}.elementor-widget-heading .elementor-heading-title.elementor-size-small{font-size:15px}.elementor-widget-heading .elementor-heading-title.elementor-size-medium{font-size:19px}.elementor-widget-heading .elementor-heading-title.elementor-size-large{font-size:29px}.elementor-widget-heading .elementor-heading-title.elementor-size-xl{font-size:39px}.elementor-widget-heading .elementor-heading-title.elementor-size-xxl{font-size:59px}<\/style><h2 class=\"elementor-heading-title elementor-size-default\"><h1 data-elementor-setting-key=\"title\" data-pen-placeholder=\"Type Here...\" style=\"font-size: 40px; color: rgb(206, 4, 4); font-weight: 300;\">K12\/deri n\u00eb fund t\u00eb shkoll\u00ebs s\u00eb mesme<\/h1><\/h2>\t\t<\/div>\n\t\t\t\t<\/div>\n\t\t\t\t\t<\/div>\n\t\t<\/div>\n\t\t\t\t\t<\/div>\n\t\t<\/section>\n\t\t\t\t<section class=\"elementor-section elementor-top-section elementor-element elementor-element-42a2aa6c elementor-section-boxed elementor-section-height-default elementor-section-height-default wpr-particle-no wpr-jarallax-no wpr-parallax-no wpr-sticky-section-no\" data-id=\"42a2aa6c\" data-element_type=\"section\">\n\t\t\t\t\t\t<div class=\"elementor-container elementor-column-gap-default\">\n\t\t\t\t\t<div class=\"elementor-column elementor-col-100 elementor-top-column elementor-element elementor-element-674e9046\" data-id=\"674e9046\" data-element_type=\"column\">\n\t\t\t<div class=\"elementor-widget-wrap elementor-element-populated\">\n\t\t\t\t\t\t<div class=\"elementor-element elementor-element-2208cddc elementor-widget elementor-widget-text-editor\" data-id=\"2208cddc\" data-element_type=\"widget\" data-widget_type=\"text-editor.default\">\n\t\t\t\t<div class=\"elementor-widget-container\">\n\t\t\t<style>\/*! elementor - v3.20.0 - 26-03-2024 *\/\n.elementor-widget-text-editor.elementor-drop-cap-view-stacked .elementor-drop-cap{background-color:#69727d;color:#fff}.elementor-widget-text-editor.elementor-drop-cap-view-framed .elementor-drop-cap{color:#69727d;border:3px solid;background-color:transparent}.elementor-widget-text-editor:not(.elementor-drop-cap-view-default) .elementor-drop-cap{margin-top:8px}.elementor-widget-text-editor:not(.elementor-drop-cap-view-default) .elementor-drop-cap-letter{width:1em;height:1em}.elementor-widget-text-editor .elementor-drop-cap{float:left;text-align:center;line-height:1;font-size:50px}.elementor-widget-text-editor .elementor-drop-cap-letter{display:inline-block}<\/style>\t\t\t\t<p><span style=\"font-weight: 400;\">Sistemi K12 \u00ebsht\u00eb nj\u00eb program q\u00eb mbulon nga kopshti (kindergarden) deri n\u00eb klas\u00ebn 12. <\/span><\/p><p><span style=\"font-weight: 400;\">Ai konsiston n\u00eb\u00a0 <\/span><\/p><ul><li><span style=\"font-weight: 400;\">6 vite Primary School, <\/span><\/li><li><span style=\"font-weight: 400;\">4 vite Junior high school dhe<\/span><\/li><li><span style=\"font-weight: 400;\"> 2 vite Senior High school. <\/span><\/li><\/ul><p><span style=\"font-weight: 400;\">P\u00ebrgjegj\u00ebsia e standardit edukativ q\u00ebndron gjer\u00ebsisht me shtetin federal. Testimet n\u00eb K12 kan\u00eb q\u00ebn\u00eb kontroversiale nd\u00ebr vite pasi vler\u00ebsohet q\u00eb student\u00ebt b\u00ebjn\u00eb m\u00eb shum\u00eb se 100 teste dhe Qeverite her\u00eb pas here, si ajo e Presidentit Obama, jan\u00eb p\u00ebrpjekur t\u2019i zvog\u00eblojn\u00eb ato duke ven\u00eb m\u00eb shum\u00eb synimin tek sasia, sesa cil\u00ebsia. <\/span><\/p><p><span style=\"font-weight: 400;\">Aq kurioz \u00ebsht\u00eb sistemi Amerikan i testimeve saq\u00eb ka raste q\u00eb dhe me mbarimin e klas\u00ebs s\u00eb 12, student\u00ebt t\u00eb pajisen me nota finale q\u00eb jan\u00eb ekzaminimet klasike A-Levels t\u00eb Britanis\u00eb ose IB globalisht. <\/span><\/p><blockquote><p style=\"padding-left: 40px;\"><strong>Filozofia edukative bazohet n\u00eb konstruktivitetin, kuriozitetin, reflektimin, bashk\u00ebpunimin dhe integrimin.\u00a0<\/strong><\/p><\/blockquote>\t\t\t\t\t\t<\/div>\n\t\t\t\t<\/div>\n\t\t\t\t\t<\/div>\n\t\t<\/div>\n\t\t\t\t\t<\/div>\n\t\t<\/section>\n\t\t\t\t<section class=\"elementor-section elementor-top-section elementor-element elementor-element-40da5fce elementor-section-boxed elementor-section-height-default elementor-section-height-default wpr-particle-no wpr-jarallax-no wpr-parallax-no wpr-sticky-section-no\" data-id=\"40da5fce\" data-element_type=\"section\">\n\t\t\t\t\t\t<div class=\"elementor-container elementor-column-gap-default\">\n\t\t\t\t\t<div class=\"elementor-column elementor-col-100 elementor-top-column elementor-element elementor-element-71a5877e\" data-id=\"71a5877e\" data-element_type=\"column\">\n\t\t\t<div class=\"elementor-widget-wrap elementor-element-populated\">\n\t\t\t\t\t\t<div class=\"elementor-element elementor-element-38e271ad elementor-align-justify elementor-widget__width-inherit elementor-widget elementor-widget-button\" data-id=\"38e271ad\" data-element_type=\"widget\" data-widget_type=\"button.default\">\n\t\t\t\t<div class=\"elementor-widget-container\">\n\t\t\t\t\t<div class=\"elementor-button-wrapper\">\n\t\t\t<a class=\"elementor-button elementor-button-link elementor-size-lg\" href=\"https:\/\/englanderscr.al\/al\/aplikim\/\">\n\t\t\t\t\t\t<span class=\"elementor-button-content-wrapper\">\n\t\t\t\t\t\t<span class=\"elementor-button-text\">Apliko tani<\/span>\n\t\t<\/span>\n\t\t\t\t\t<\/a>\n\t\t<\/div>\n\t\t\t\t<\/div>\n\t\t\t\t<\/div>\n\t\t\t\t\t<\/div>\n\t\t<\/div>\n\t\t\t\t\t<\/div>\n\t\t<\/section>\n\t\t\t\t<\/div>","protected":false},"excerpt":{"rendered":"<p>K12\/deri n\u00eb fund t\u00eb shkoll\u00ebs s\u00eb mesme Sistemi K12 \u00ebsht\u00eb nj\u00eb program q\u00eb mbulon nga kopshti (kindergarden) deri n\u00eb klas\u00ebn &hellip; <\/p>","protected":false},"author":1,"featured_media":0,"parent":0,"menu_order":0,"comment_status":"closed","ping_status":"closed","template":"","meta":{"footnotes":""},"class_list":["post-2426","page","type-page","status-publish","hentry"],"yoast_head":"<!-- This site is optimized with the Yoast SEO plugin v24.0 - https:\/\/yoast.com\/wordpress\/plugins\/seo\/ -->\n<title>Klasa 12\/deri n\u00eb fund t\u00eb shkoll\u00ebs s\u00eb mesme - Englanderscr<\/title>\n<meta name=\"robots\" content=\"index, follow, max-snippet:-1, max-image-preview:large, max-video-preview:-1\" \/>\n<link rel=\"canonical\" href=\"https:\/\/englanderscr.al\/al\/klasa-12-deri-ne-fund-te-shkolles-se-mesme\/\" \/>\n<meta property=\"og:locale\" content=\"sq_AL\" \/>\n<meta property=\"og:type\" content=\"article\" \/>\n<meta property=\"og:title\" content=\"Klasa 12\/deri n\u00eb fund t\u00eb shkoll\u00ebs s\u00eb mesme - Englanderscr\" \/>\n<meta property=\"og:description\" content=\"K12\/deri n\u00eb fund t\u00eb shkoll\u00ebs s\u00eb mesme Sistemi K12 \u00ebsht\u00eb nj\u00eb program q\u00eb mbulon nga kopshti (kindergarden) deri n\u00eb klas\u00ebn &hellip;\" \/>\n<meta property=\"og:url\" content=\"https:\/\/englanderscr.al\/al\/klasa-12-deri-ne-fund-te-shkolles-se-mesme\/\" \/>\n<meta property=\"og:site_name\" content=\"Englanderscr\" \/>\n<meta property=\"article:modified_time\" content=\"2023-04-25T08:38:54+00:00\" \/>\n<meta property=\"og:image\" content=\"https:\/\/englanderscr.al\/wp-content\/uploads\/2023\/03\/16.10.2020_Truly_Belong_Boarding_School-1024x512.jpg\" \/>\n<meta name=\"twitter:card\" content=\"summary_large_image\" \/>\n<meta name=\"twitter:label1\" content=\"Est. reading time\" \/>\n\t<meta name=\"twitter:data1\" content=\"1 minut\u00eb\" \/>\n<script type=\"application\/ld+json\" class=\"yoast-schema-graph\">{\"@context\":\"https:\/\/schema.org\",\"@graph\":[{\"@type\":\"WebPage\",\"@id\":\"https:\/\/englanderscr.al\/klasa-12-deri-ne-fund-te-shkolles-se-mesme\/\",\"url\":\"https:\/\/englanderscr.al\/klasa-12-deri-ne-fund-te-shkolles-se-mesme\/\",\"name\":\"Klasa 12\/deri n\u00eb fund t\u00eb shkoll\u00ebs s\u00eb mesme - Englanderscr\",\"isPartOf\":{\"@id\":\"https:\/\/englanderscr.al\/#website\"},\"primaryImageOfPage\":{\"@id\":\"https:\/\/englanderscr.al\/klasa-12-deri-ne-fund-te-shkolles-se-mesme\/#primaryimage\"},\"image\":{\"@id\":\"https:\/\/englanderscr.al\/klasa-12-deri-ne-fund-te-shkolles-se-mesme\/#primaryimage\"},\"thumbnailUrl\":\"https:\/\/englanderscr.al\/wp-content\/uploads\/2023\/03\/16.10.2020_Truly_Belong_Boarding_School-1024x512.jpg\",\"datePublished\":\"2023-04-13T11:59:59+00:00\",\"dateModified\":\"2023-04-25T08:38:54+00:00\",\"breadcrumb\":{\"@id\":\"https:\/\/englanderscr.al\/klasa-12-deri-ne-fund-te-shkolles-se-mesme\/#breadcrumb\"},\"inLanguage\":\"sq\",\"potentialAction\":[{\"@type\":\"ReadAction\",\"target\":[\"https:\/\/englanderscr.al\/klasa-12-deri-ne-fund-te-shkolles-se-mesme\/\"]}]},{\"@type\":\"ImageObject\",\"inLanguage\":\"sq\",\"@id\":\"https:\/\/englanderscr.al\/klasa-12-deri-ne-fund-te-shkolles-se-mesme\/#primaryimage\",\"url\":\"https:\/\/englanderscr.al\/wp-content\/uploads\/2023\/03\/16.10.2020_Truly_Belong_Boarding_School-1024x512.jpg\",\"contentUrl\":\"https:\/\/englanderscr.al\/wp-content\/uploads\/2023\/03\/16.10.2020_Truly_Belong_Boarding_School-1024x512.jpg\"},{\"@type\":\"BreadcrumbList\",\"@id\":\"https:\/\/englanderscr.al\/klasa-12-deri-ne-fund-te-shkolles-se-mesme\/#breadcrumb\",\"itemListElement\":[{\"@type\":\"ListItem\",\"position\":1,\"name\":\"Home\",\"item\":\"https:\/\/englanderscr.al\/\"},{\"@type\":\"ListItem\",\"position\":2,\"name\":\"Klasa 12\/deri n\u00eb fund t\u00eb shkoll\u00ebs s\u00eb mesme\"}]},{\"@type\":\"WebSite\",\"@id\":\"https:\/\/englanderscr.al\/#website\",\"url\":\"https:\/\/englanderscr.al\/\",\"name\":\"Englanderscr\",\"description\":\"EnglandersCR offer the best of the British and international experience for Albanian youth and professionals\",\"publisher\":{\"@id\":\"https:\/\/englanderscr.al\/#organization\"},\"potentialAction\":[{\"@type\":\"SearchAction\",\"target\":{\"@type\":\"EntryPoint\",\"urlTemplate\":\"https:\/\/englanderscr.al\/?s={search_term_string}\"},\"query-input\":{\"@type\":\"PropertyValueSpecification\",\"valueRequired\":true,\"valueName\":\"search_term_string\"}}],\"inLanguage\":\"sq\"},{\"@type\":\"Organization\",\"@id\":\"https:\/\/englanderscr.al\/#organization\",\"name\":\"Englanderscr\",\"url\":\"https:\/\/englanderscr.al\/\",\"logo\":{\"@type\":\"ImageObject\",\"inLanguage\":\"sq\",\"@id\":\"https:\/\/englanderscr.al\/#\/schema\/logo\/image\/\",\"url\":\"https:\/\/englanderscr.al\/wp-content\/uploads\/2023\/03\/cropped-New-Project-1-1.png\",\"contentUrl\":\"https:\/\/englanderscr.al\/wp-content\/uploads\/2023\/03\/cropped-New-Project-1-1.png\",\"width\":228,\"height\":150,\"caption\":\"Englanderscr\"},\"image\":{\"@id\":\"https:\/\/englanderscr.al\/#\/schema\/logo\/image\/\"}}]}<\/script>\n<!-- \/ Yoast SEO plugin. -->","yoast_head_json":{"title":"Klasa 12\/deri n\u00eb fund t\u00eb shkoll\u00ebs s\u00eb mesme - Englanderscr","robots":{"index":"index","follow":"follow","max-snippet":"max-snippet:-1","max-image-preview":"max-image-preview:large","max-video-preview":"max-video-preview:-1"},"canonical":"https:\/\/englanderscr.al\/al\/klasa-12-deri-ne-fund-te-shkolles-se-mesme\/","og_locale":"sq_AL","og_type":"article","og_title":"Klasa 12\/deri n\u00eb fund t\u00eb shkoll\u00ebs s\u00eb mesme - Englanderscr","og_description":"K12\/deri n\u00eb fund t\u00eb shkoll\u00ebs s\u00eb mesme Sistemi K12 \u00ebsht\u00eb nj\u00eb program q\u00eb mbulon nga kopshti (kindergarden) deri n\u00eb klas\u00ebn &hellip;","og_url":"https:\/\/englanderscr.al\/al\/klasa-12-deri-ne-fund-te-shkolles-se-mesme\/","og_site_name":"Englanderscr","article_modified_time":"2023-04-25T08:38:54+00:00","og_image":[{"url":"https:\/\/englanderscr.al\/wp-content\/uploads\/2023\/03\/16.10.2020_Truly_Belong_Boarding_School-1024x512.jpg","type":"","width":"","height":""}],"twitter_card":"summary_large_image","twitter_misc":{"Est. reading time":"1 minut\u00eb"},"schema":{"@context":"https:\/\/schema.org","@graph":[{"@type":"WebPage","@id":"https:\/\/englanderscr.al\/klasa-12-deri-ne-fund-te-shkolles-se-mesme\/","url":"https:\/\/englanderscr.al\/klasa-12-deri-ne-fund-te-shkolles-se-mesme\/","name":"Klasa 12\/deri n\u00eb fund t\u00eb shkoll\u00ebs s\u00eb mesme - Englanderscr","isPartOf":{"@id":"https:\/\/englanderscr.al\/#website"},"primaryImageOfPage":{"@id":"https:\/\/englanderscr.al\/klasa-12-deri-ne-fund-te-shkolles-se-mesme\/#primaryimage"},"image":{"@id":"https:\/\/englanderscr.al\/klasa-12-deri-ne-fund-te-shkolles-se-mesme\/#primaryimage"},"thumbnailUrl":"https:\/\/englanderscr.al\/wp-content\/uploads\/2023\/03\/16.10.2020_Truly_Belong_Boarding_School-1024x512.jpg","datePublished":"2023-04-13T11:59:59+00:00","dateModified":"2023-04-25T08:38:54+00:00","breadcrumb":{"@id":"https:\/\/englanderscr.al\/klasa-12-deri-ne-fund-te-shkolles-se-mesme\/#breadcrumb"},"inLanguage":"sq","potentialAction":[{"@type":"ReadAction","target":["https:\/\/englanderscr.al\/klasa-12-deri-ne-fund-te-shkolles-se-mesme\/"]}]},{"@type":"ImageObject","inLanguage":"sq","@id":"https:\/\/englanderscr.al\/klasa-12-deri-ne-fund-te-shkolles-se-mesme\/#primaryimage","url":"https:\/\/englanderscr.al\/wp-content\/uploads\/2023\/03\/16.10.2020_Truly_Belong_Boarding_School-1024x512.jpg","contentUrl":"https:\/\/englanderscr.al\/wp-content\/uploads\/2023\/03\/16.10.2020_Truly_Belong_Boarding_School-1024x512.jpg"},{"@type":"BreadcrumbList","@id":"https:\/\/englanderscr.al\/klasa-12-deri-ne-fund-te-shkolles-se-mesme\/#breadcrumb","itemListElement":[{"@type":"ListItem","position":1,"name":"Home","item":"https:\/\/englanderscr.al\/"},{"@type":"ListItem","position":2,"name":"Klasa 12\/deri n\u00eb fund t\u00eb shkoll\u00ebs s\u00eb mesme"}]},{"@type":"WebSite","@id":"https:\/\/englanderscr.al\/#website","url":"https:\/\/englanderscr.al\/","name":"Englanderscr","description":"EnglandersCR offer the best of the British and international experience for Albanian youth and professionals","publisher":{"@id":"https:\/\/englanderscr.al\/#organization"},"potentialAction":[{"@type":"SearchAction","target":{"@type":"EntryPoint","urlTemplate":"https:\/\/englanderscr.al\/?s={search_term_string}"},"query-input":{"@type":"PropertyValueSpecification","valueRequired":true,"valueName":"search_term_string"}}],"inLanguage":"sq"},{"@type":"Organization","@id":"https:\/\/englanderscr.al\/#organization","name":"Englanderscr","url":"https:\/\/englanderscr.al\/","logo":{"@type":"ImageObject","inLanguage":"sq","@id":"https:\/\/englanderscr.al\/#\/schema\/logo\/image\/","url":"https:\/\/englanderscr.al\/wp-content\/uploads\/2023\/03\/cropped-New-Project-1-1.png","contentUrl":"https:\/\/englanderscr.al\/wp-content\/uploads\/2023\/03\/cropped-New-Project-1-1.png","width":228,"height":150,"caption":"Englanderscr"},"image":{"@id":"https:\/\/englanderscr.al\/#\/schema\/logo\/image\/"}}]}},"_links":{"self":[{"href":"https:\/\/englanderscr.al\/al\/wp-json\/wp\/v2\/pages\/2426","targetHints":{"allow":["GET"]}}],"collection":[{"href":"https:\/\/englanderscr.al\/al\/wp-json\/wp\/v2\/pages"}],"about":[{"href":"https:\/\/englanderscr.al\/al\/wp-json\/wp\/v2\/types\/page"}],"author":[{"embeddable":true,"href":"https:\/\/englanderscr.al\/al\/wp-json\/wp\/v2\/users\/1"}],"replies":[{"embeddable":true,"href":"https:\/\/englanderscr.al\/al\/wp-json\/wp\/v2\/comments?post=2426"}],"version-history":[{"count":10,"href":"https:\/\/englanderscr.al\/al\/wp-json\/wp\/v2\/pages\/2426\/revisions"}],"predecessor-version":[{"id":2911,"href":"https:\/\/englanderscr.al\/al\/wp-json\/wp\/v2\/pages\/2426\/revisions\/2911"}],"wp:attachment":[{"href":"https:\/\/englanderscr.al\/al\/wp-json\/wp\/v2\/media?parent=2426"}],"curies":[{"name":"wp","href":"https:\/\/api.w.org\/{rel}","templated":true}]}}