{"id":1012,"date":"2023-03-09T15:02:55","date_gmt":"2023-03-09T15:02:55","guid":{"rendered":"https:\/\/englanderscr.al\/?page_id=1012"},"modified":"2023-04-13T08:20:24","modified_gmt":"2023-04-13T08:20:24","slug":"deri-ne-klase-11-uk","status":"publish","type":"page","link":"https:\/\/englanderscr.al\/al\/deri-ne-klase-11-uk\/","title":{"rendered":"Deri n\u00eb klas\u00eb t\u00eb 11"},"content":{"rendered":"<div data-elementor-type=\"wp-page\" data-elementor-id=\"1012\" class=\"elementor elementor-1012\">\n\t\t\t\t\t\t<section class=\"elementor-section elementor-top-section elementor-element elementor-element-f305787 elementor-section-boxed elementor-section-height-default elementor-section-height-default wpr-particle-no wpr-jarallax-no wpr-parallax-no wpr-sticky-section-no\" data-id=\"f305787\" data-element_type=\"section\">\n\t\t\t\t\t\t<div class=\"elementor-container elementor-column-gap-default\">\n\t\t\t\t\t<div class=\"elementor-column elementor-col-100 elementor-top-column elementor-element elementor-element-e11b430\" data-id=\"e11b430\" data-element_type=\"column\">\n\t\t\t<div class=\"elementor-widget-wrap elementor-element-populated\">\n\t\t\t\t\t\t<div class=\"elementor-element elementor-element-6b63ba7 elementor-widget elementor-widget-image\" data-id=\"6b63ba7\" data-element_type=\"widget\" data-widget_type=\"image.default\">\n\t\t\t\t<div class=\"elementor-widget-container\">\n\t\t\t<style>\/*! elementor - v3.20.0 - 26-03-2024 *\/\n.elementor-widget-image{text-align:center}.elementor-widget-image a{display:inline-block}.elementor-widget-image a img[src$=\".svg\"]{width:48px}.elementor-widget-image img{vertical-align:middle;display:inline-block}<\/style>\t\t\t\t\t\t\t\t\t\t<img fetchpriority=\"high\" decoding=\"async\" width=\"750\" height=\"375\" src=\"https:\/\/englanderscr.al\/wp-content\/uploads\/2023\/03\/16.10.2020_Truly_Belong_Boarding_School-1024x512.jpg\" class=\"attachment-large size-large wp-image-1405\" alt=\"\" srcset=\"https:\/\/englanderscr.al\/wp-content\/uploads\/2023\/03\/16.10.2020_Truly_Belong_Boarding_School-1024x512.jpg 1024w, https:\/\/englanderscr.al\/wp-content\/uploads\/2023\/03\/16.10.2020_Truly_Belong_Boarding_School-600x300.jpg 600w, https:\/\/englanderscr.al\/wp-content\/uploads\/2023\/03\/16.10.2020_Truly_Belong_Boarding_School-300x150.jpg 300w, https:\/\/englanderscr.al\/wp-content\/uploads\/2023\/03\/16.10.2020_Truly_Belong_Boarding_School-768x384.jpg 768w, https:\/\/englanderscr.al\/wp-content\/uploads\/2023\/03\/16.10.2020_Truly_Belong_Boarding_School-18x9.jpg 18w, https:\/\/englanderscr.al\/wp-content\/uploads\/2023\/03\/16.10.2020_Truly_Belong_Boarding_School.jpg 1200w\" sizes=\"(max-width: 750px) 100vw, 750px\" \/>\t\t\t\t\t\t\t\t\t\t\t\t\t<\/div>\n\t\t\t\t<\/div>\n\t\t\t\t\t<\/div>\n\t\t<\/div>\n\t\t\t\t\t<\/div>\n\t\t<\/section>\n\t\t\t\t<section class=\"elementor-section elementor-top-section elementor-element elementor-element-1507b87d elementor-section-boxed elementor-section-height-default elementor-section-height-default wpr-particle-no wpr-jarallax-no wpr-parallax-no wpr-sticky-section-no\" data-id=\"1507b87d\" data-element_type=\"section\">\n\t\t\t\t\t\t<div class=\"elementor-container elementor-column-gap-default\">\n\t\t\t\t\t<div class=\"elementor-column elementor-col-100 elementor-top-column elementor-element elementor-element-2d37093\" data-id=\"2d37093\" data-element_type=\"column\">\n\t\t\t<div class=\"elementor-widget-wrap elementor-element-populated\">\n\t\t\t\t\t\t<div class=\"elementor-element elementor-element-6299fb1b elementor-widget elementor-widget-heading\" data-id=\"6299fb1b\" data-element_type=\"widget\" data-widget_type=\"heading.default\">\n\t\t\t\t<div class=\"elementor-widget-container\">\n\t\t\t<style>\/*! elementor - v3.20.0 - 26-03-2024 *\/\n.elementor-heading-title{padding:0;margin:0;line-height:1}.elementor-widget-heading .elementor-heading-title[class*=elementor-size-]>a{color:inherit;font-size:inherit;line-height:inherit}.elementor-widget-heading .elementor-heading-title.elementor-size-small{font-size:15px}.elementor-widget-heading .elementor-heading-title.elementor-size-medium{font-size:19px}.elementor-widget-heading .elementor-heading-title.elementor-size-large{font-size:29px}.elementor-widget-heading .elementor-heading-title.elementor-size-xl{font-size:39px}.elementor-widget-heading .elementor-heading-title.elementor-size-xxl{font-size:59px}<\/style><h2 class=\"elementor-heading-title elementor-size-default\"><h1 data-elementor-setting-key=\"title\" data-pen-placeholder=\"Type Here...\" style=\"font-size: 42px; color: rgb(206, 4, 4); font-weight: 300;\">Deri n\u00eb klas\u00eb t\u00eb 11<\/h1><\/h2>\t\t<\/div>\n\t\t\t\t<\/div>\n\t\t\t\t\t<\/div>\n\t\t<\/div>\n\t\t\t\t\t<\/div>\n\t\t<\/section>\n\t\t\t\t<section class=\"elementor-section elementor-top-section elementor-element elementor-element-42a2aa6c elementor-section-boxed elementor-section-height-default elementor-section-height-default wpr-particle-no wpr-jarallax-no wpr-parallax-no wpr-sticky-section-no\" data-id=\"42a2aa6c\" data-element_type=\"section\">\n\t\t\t\t\t\t<div class=\"elementor-container elementor-column-gap-default\">\n\t\t\t\t\t<div class=\"elementor-column elementor-col-100 elementor-top-column elementor-element elementor-element-674e9046\" data-id=\"674e9046\" data-element_type=\"column\">\n\t\t\t<div class=\"elementor-widget-wrap elementor-element-populated\">\n\t\t\t\t\t\t<div class=\"elementor-element elementor-element-2208cddc elementor-widget elementor-widget-text-editor\" data-id=\"2208cddc\" data-element_type=\"widget\" data-widget_type=\"text-editor.default\">\n\t\t\t\t<div class=\"elementor-widget-container\">\n\t\t\t<style>\/*! elementor - v3.20.0 - 26-03-2024 *\/\n.elementor-widget-text-editor.elementor-drop-cap-view-stacked .elementor-drop-cap{background-color:#69727d;color:#fff}.elementor-widget-text-editor.elementor-drop-cap-view-framed .elementor-drop-cap{color:#69727d;border:3px solid;background-color:transparent}.elementor-widget-text-editor:not(.elementor-drop-cap-view-default) .elementor-drop-cap{margin-top:8px}.elementor-widget-text-editor:not(.elementor-drop-cap-view-default) .elementor-drop-cap-letter{width:1em;height:1em}.elementor-widget-text-editor .elementor-drop-cap{float:left;text-align:center;line-height:1;font-size:50px}.elementor-widget-text-editor .elementor-drop-cap-letter{display:inline-block}<\/style>\t\t\t\t<p><span style=\"font-weight: 400;\">Edukimi n\u00eb Britani nis n\u00eb mosh\u00ebn <strong>4 vje\u00e7are<\/strong> me vitin<strong> R<\/strong> ose Reception. Nd\u00ebrkoh\u00eb, klasa e par\u00eb nis nga mosha 5-6, dmth vitet shkollore p\u00ebrpara hyrjes n\u00eb Universitet jan\u00eb t\u00eb pakt\u00ebn 13 pra zyrtarisht nj\u00eb vit m\u00eb shum\u00eb sesa n\u00eb Shqip\u00ebri. <\/span><\/p><p><span style=\"font-weight: 400;\">Shkolla <em><strong>primare<\/strong><\/em> zgjat deri n\u00eb klas\u00ebn e 6, dhe klasa 7-8 konsiderohen shkoll\u00eb <strong><em>sekondare<\/em><\/strong> ku m\u00ebsohen 5 l\u00ebnde: Anglisht, Shkenca humane, Matematik\u00eb, 1 gjuhe moderne dhe shkenca. L\u00ebndet e tjera jan\u00eb me zgjedhje. <\/span><\/p><p><span style=\"font-weight: 400;\"><strong>Klasa e 9<\/strong> \u00ebsht\u00eb nj\u00eb klas\u00eb shum\u00eb e r\u00ebnd\u00ebsishme n\u00eb Britani pasi p\u00ebrfaqeson tranzicionin nga Junior n\u00eb Senior school. <\/span><\/p><p><span style=\"font-weight: 400;\"><strong>General Certificate of Secondary Education\/IGCSE<\/strong> \u00ebsht\u00eb cikli akademik q\u00eb p\u00ebrfaq\u00ebson klas\u00ebn 10 dhe 11. K\u00ebto 2 vite studentet m\u00ebsojn\u00eb 9 l\u00ebnd\u00eb dhe kjo p\u00ebrben baz\u00ebn q\u00eb do t\u2019i ndihmoj\u00eb ata t\u00eb p\u00ebrzgjedhin l\u00ebnd\u00ebt parauniversitare t\u00eb <strong>A-levels<\/strong> ose klasa e 12 dhe 13. <\/span><\/p><p><span style=\"font-weight: 400;\">Programe Alternative p\u00ebr student\u00ebt nd\u00ebrkombetar\u00eb jan\u00eb: <\/span><\/p><ul><li><span style=\"font-weight: 400;\"><strong>Intensive GCSE ose<\/strong><\/span><\/li><li><span style=\"font-weight: 400;\"><strong>International General Certificate of Secondary Education ose IGCSE<\/strong> ku studiohen p\u00ebrkatesisht maksimumi 6 dhe nga 5-7 l\u00ebnd\u00eb<\/span><span style=\"font-weight: 400;\">.\u00a0<\/span><\/li><\/ul>\t\t\t\t\t\t<\/div>\n\t\t\t\t<\/div>\n\t\t\t\t\t<\/div>\n\t\t<\/div>\n\t\t\t\t\t<\/div>\n\t\t<\/section>\n\t\t\t\t<section class=\"elementor-section elementor-top-section elementor-element elementor-element-40da5fce elementor-section-boxed elementor-section-height-default elementor-section-height-default wpr-particle-no wpr-jarallax-no wpr-parallax-no wpr-sticky-section-no\" data-id=\"40da5fce\" data-element_type=\"section\">\n\t\t\t\t\t\t<div class=\"elementor-container elementor-column-gap-default\">\n\t\t\t\t\t<div class=\"elementor-column elementor-col-100 elementor-top-column elementor-element elementor-element-71a5877e\" data-id=\"71a5877e\" data-element_type=\"column\">\n\t\t\t<div class=\"elementor-widget-wrap elementor-element-populated\">\n\t\t\t\t\t\t<div class=\"elementor-element elementor-element-38e271ad elementor-align-justify elementor-widget__width-inherit elementor-widget elementor-widget-button\" data-id=\"38e271ad\" data-element_type=\"widget\" data-widget_type=\"button.default\">\n\t\t\t\t<div class=\"elementor-widget-container\">\n\t\t\t\t\t<div class=\"elementor-button-wrapper\">\n\t\t\t<a class=\"elementor-button elementor-button-link elementor-size-lg\" href=\"https:\/\/englanderscr.al\/al\/aplikim\/\">\n\t\t\t\t\t\t<span class=\"elementor-button-content-wrapper\">\n\t\t\t\t\t\t<span class=\"elementor-button-text\">Apliko tani<\/span>\n\t\t<\/span>\n\t\t\t\t\t<\/a>\n\t\t<\/div>\n\t\t\t\t<\/div>\n\t\t\t\t<\/div>\n\t\t\t\t\t<\/div>\n\t\t<\/div>\n\t\t\t\t\t<\/div>\n\t\t<\/section>\n\t\t\t\t<\/div>","protected":false},"excerpt":{"rendered":"<p>Deri n\u00eb klas\u00eb t\u00eb 11 Edukimi n\u00eb Britani nis n\u00eb mosh\u00ebn 4 vje\u00e7are me vitin R ose Reception. Nd\u00ebrkoh\u00eb, klasa &hellip; <\/p>","protected":false},"author":1,"featured_media":0,"parent":0,"menu_order":0,"comment_status":"closed","ping_status":"closed","template":"","meta":{"footnotes":""},"class_list":["post-1012","page","type-page","status-publish","hentry"],"yoast_head":"<!-- This site is optimized with the Yoast SEO plugin v24.0 - https:\/\/yoast.com\/wordpress\/plugins\/seo\/ -->\n<title>Deri n\u00eb klas\u00eb t\u00eb 11 - Englanderscr<\/title>\n<meta name=\"robots\" content=\"index, follow, max-snippet:-1, max-image-preview:large, max-video-preview:-1\" \/>\n<link rel=\"canonical\" href=\"https:\/\/englanderscr.al\/al\/deri-ne-klase-11-uk\/\" \/>\n<meta property=\"og:locale\" content=\"sq_AL\" \/>\n<meta property=\"og:type\" content=\"article\" \/>\n<meta property=\"og:title\" content=\"Deri n\u00eb klas\u00eb t\u00eb 11 - Englanderscr\" \/>\n<meta property=\"og:description\" content=\"Deri n\u00eb klas\u00eb t\u00eb 11 Edukimi n\u00eb Britani nis n\u00eb mosh\u00ebn 4 vje\u00e7are me vitin R ose Reception. Nd\u00ebrkoh\u00eb, klasa &hellip;\" \/>\n<meta property=\"og:url\" content=\"https:\/\/englanderscr.al\/al\/deri-ne-klase-11-uk\/\" \/>\n<meta property=\"og:site_name\" content=\"Englanderscr\" \/>\n<meta property=\"article:modified_time\" content=\"2023-04-13T08:20:24+00:00\" \/>\n<meta property=\"og:image\" content=\"https:\/\/englanderscr.al\/wp-content\/uploads\/2023\/03\/16.10.2020_Truly_Belong_Boarding_School-1024x512.jpg\" \/>\n<meta name=\"twitter:card\" content=\"summary_large_image\" \/>\n<meta name=\"twitter:label1\" content=\"Est. reading time\" \/>\n\t<meta name=\"twitter:data1\" content=\"1 minut\u00eb\" \/>\n<script type=\"application\/ld+json\" class=\"yoast-schema-graph\">{\"@context\":\"https:\/\/schema.org\",\"@graph\":[{\"@type\":\"WebPage\",\"@id\":\"https:\/\/englanderscr.al\/deri-ne-klase-11-uk\/\",\"url\":\"https:\/\/englanderscr.al\/deri-ne-klase-11-uk\/\",\"name\":\"Deri n\u00eb klas\u00eb t\u00eb 11 - Englanderscr\",\"isPartOf\":{\"@id\":\"https:\/\/englanderscr.al\/#website\"},\"primaryImageOfPage\":{\"@id\":\"https:\/\/englanderscr.al\/deri-ne-klase-11-uk\/#primaryimage\"},\"image\":{\"@id\":\"https:\/\/englanderscr.al\/deri-ne-klase-11-uk\/#primaryimage\"},\"thumbnailUrl\":\"https:\/\/englanderscr.al\/wp-content\/uploads\/2023\/03\/16.10.2020_Truly_Belong_Boarding_School-1024x512.jpg\",\"datePublished\":\"2023-03-09T15:02:55+00:00\",\"dateModified\":\"2023-04-13T08:20:24+00:00\",\"breadcrumb\":{\"@id\":\"https:\/\/englanderscr.al\/deri-ne-klase-11-uk\/#breadcrumb\"},\"inLanguage\":\"sq\",\"potentialAction\":[{\"@type\":\"ReadAction\",\"target\":[\"https:\/\/englanderscr.al\/deri-ne-klase-11-uk\/\"]}]},{\"@type\":\"ImageObject\",\"inLanguage\":\"sq\",\"@id\":\"https:\/\/englanderscr.al\/deri-ne-klase-11-uk\/#primaryimage\",\"url\":\"https:\/\/englanderscr.al\/wp-content\/uploads\/2023\/03\/16.10.2020_Truly_Belong_Boarding_School-1024x512.jpg\",\"contentUrl\":\"https:\/\/englanderscr.al\/wp-content\/uploads\/2023\/03\/16.10.2020_Truly_Belong_Boarding_School-1024x512.jpg\"},{\"@type\":\"BreadcrumbList\",\"@id\":\"https:\/\/englanderscr.al\/deri-ne-klase-11-uk\/#breadcrumb\",\"itemListElement\":[{\"@type\":\"ListItem\",\"position\":1,\"name\":\"Home\",\"item\":\"https:\/\/englanderscr.al\/\"},{\"@type\":\"ListItem\",\"position\":2,\"name\":\"Deri n\u00eb klas\u00eb t\u00eb 11\"}]},{\"@type\":\"WebSite\",\"@id\":\"https:\/\/englanderscr.al\/#website\",\"url\":\"https:\/\/englanderscr.al\/\",\"name\":\"Englanderscr\",\"description\":\"EnglandersCR offer the best of the British and international experience for Albanian youth and professionals\",\"publisher\":{\"@id\":\"https:\/\/englanderscr.al\/#organization\"},\"potentialAction\":[{\"@type\":\"SearchAction\",\"target\":{\"@type\":\"EntryPoint\",\"urlTemplate\":\"https:\/\/englanderscr.al\/?s={search_term_string}\"},\"query-input\":{\"@type\":\"PropertyValueSpecification\",\"valueRequired\":true,\"valueName\":\"search_term_string\"}}],\"inLanguage\":\"sq\"},{\"@type\":\"Organization\",\"@id\":\"https:\/\/englanderscr.al\/#organization\",\"name\":\"Englanderscr\",\"url\":\"https:\/\/englanderscr.al\/\",\"logo\":{\"@type\":\"ImageObject\",\"inLanguage\":\"sq\",\"@id\":\"https:\/\/englanderscr.al\/#\/schema\/logo\/image\/\",\"url\":\"https:\/\/englanderscr.al\/wp-content\/uploads\/2023\/03\/cropped-New-Project-1-1.png\",\"contentUrl\":\"https:\/\/englanderscr.al\/wp-content\/uploads\/2023\/03\/cropped-New-Project-1-1.png\",\"width\":228,\"height\":150,\"caption\":\"Englanderscr\"},\"image\":{\"@id\":\"https:\/\/englanderscr.al\/#\/schema\/logo\/image\/\"}}]}<\/script>\n<!-- \/ Yoast SEO plugin. -->","yoast_head_json":{"title":"Deri n\u00eb klas\u00eb t\u00eb 11 - Englanderscr","robots":{"index":"index","follow":"follow","max-snippet":"max-snippet:-1","max-image-preview":"max-image-preview:large","max-video-preview":"max-video-preview:-1"},"canonical":"https:\/\/englanderscr.al\/al\/deri-ne-klase-11-uk\/","og_locale":"sq_AL","og_type":"article","og_title":"Deri n\u00eb klas\u00eb t\u00eb 11 - Englanderscr","og_description":"Deri n\u00eb klas\u00eb t\u00eb 11 Edukimi n\u00eb Britani nis n\u00eb mosh\u00ebn 4 vje\u00e7are me vitin R ose Reception. Nd\u00ebrkoh\u00eb, klasa &hellip;","og_url":"https:\/\/englanderscr.al\/al\/deri-ne-klase-11-uk\/","og_site_name":"Englanderscr","article_modified_time":"2023-04-13T08:20:24+00:00","og_image":[{"url":"https:\/\/englanderscr.al\/wp-content\/uploads\/2023\/03\/16.10.2020_Truly_Belong_Boarding_School-1024x512.jpg","type":"","width":"","height":""}],"twitter_card":"summary_large_image","twitter_misc":{"Est. reading time":"1 minut\u00eb"},"schema":{"@context":"https:\/\/schema.org","@graph":[{"@type":"WebPage","@id":"https:\/\/englanderscr.al\/deri-ne-klase-11-uk\/","url":"https:\/\/englanderscr.al\/deri-ne-klase-11-uk\/","name":"Deri n\u00eb klas\u00eb t\u00eb 11 - Englanderscr","isPartOf":{"@id":"https:\/\/englanderscr.al\/#website"},"primaryImageOfPage":{"@id":"https:\/\/englanderscr.al\/deri-ne-klase-11-uk\/#primaryimage"},"image":{"@id":"https:\/\/englanderscr.al\/deri-ne-klase-11-uk\/#primaryimage"},"thumbnailUrl":"https:\/\/englanderscr.al\/wp-content\/uploads\/2023\/03\/16.10.2020_Truly_Belong_Boarding_School-1024x512.jpg","datePublished":"2023-03-09T15:02:55+00:00","dateModified":"2023-04-13T08:20:24+00:00","breadcrumb":{"@id":"https:\/\/englanderscr.al\/deri-ne-klase-11-uk\/#breadcrumb"},"inLanguage":"sq","potentialAction":[{"@type":"ReadAction","target":["https:\/\/englanderscr.al\/deri-ne-klase-11-uk\/"]}]},{"@type":"ImageObject","inLanguage":"sq","@id":"https:\/\/englanderscr.al\/deri-ne-klase-11-uk\/#primaryimage","url":"https:\/\/englanderscr.al\/wp-content\/uploads\/2023\/03\/16.10.2020_Truly_Belong_Boarding_School-1024x512.jpg","contentUrl":"https:\/\/englanderscr.al\/wp-content\/uploads\/2023\/03\/16.10.2020_Truly_Belong_Boarding_School-1024x512.jpg"},{"@type":"BreadcrumbList","@id":"https:\/\/englanderscr.al\/deri-ne-klase-11-uk\/#breadcrumb","itemListElement":[{"@type":"ListItem","position":1,"name":"Home","item":"https:\/\/englanderscr.al\/"},{"@type":"ListItem","position":2,"name":"Deri n\u00eb klas\u00eb t\u00eb 11"}]},{"@type":"WebSite","@id":"https:\/\/englanderscr.al\/#website","url":"https:\/\/englanderscr.al\/","name":"Englanderscr","description":"EnglandersCR offer the best of the British and international experience for Albanian youth and professionals","publisher":{"@id":"https:\/\/englanderscr.al\/#organization"},"potentialAction":[{"@type":"SearchAction","target":{"@type":"EntryPoint","urlTemplate":"https:\/\/englanderscr.al\/?s={search_term_string}"},"query-input":{"@type":"PropertyValueSpecification","valueRequired":true,"valueName":"search_term_string"}}],"inLanguage":"sq"},{"@type":"Organization","@id":"https:\/\/englanderscr.al\/#organization","name":"Englanderscr","url":"https:\/\/englanderscr.al\/","logo":{"@type":"ImageObject","inLanguage":"sq","@id":"https:\/\/englanderscr.al\/#\/schema\/logo\/image\/","url":"https:\/\/englanderscr.al\/wp-content\/uploads\/2023\/03\/cropped-New-Project-1-1.png","contentUrl":"https:\/\/englanderscr.al\/wp-content\/uploads\/2023\/03\/cropped-New-Project-1-1.png","width":228,"height":150,"caption":"Englanderscr"},"image":{"@id":"https:\/\/englanderscr.al\/#\/schema\/logo\/image\/"}}]}},"_links":{"self":[{"href":"https:\/\/englanderscr.al\/al\/wp-json\/wp\/v2\/pages\/1012","targetHints":{"allow":["GET"]}}],"collection":[{"href":"https:\/\/englanderscr.al\/al\/wp-json\/wp\/v2\/pages"}],"about":[{"href":"https:\/\/englanderscr.al\/al\/wp-json\/wp\/v2\/types\/page"}],"author":[{"embeddable":true,"href":"https:\/\/englanderscr.al\/al\/wp-json\/wp\/v2\/users\/1"}],"replies":[{"embeddable":true,"href":"https:\/\/englanderscr.al\/al\/wp-json\/wp\/v2\/comments?post=1012"}],"version-history":[{"count":18,"href":"https:\/\/englanderscr.al\/al\/wp-json\/wp\/v2\/pages\/1012\/revisions"}],"predecessor-version":[{"id":2368,"href":"https:\/\/englanderscr.al\/al\/wp-json\/wp\/v2\/pages\/1012\/revisions\/2368"}],"wp:attachment":[{"href":"https:\/\/englanderscr.al\/al\/wp-json\/wp\/v2\/media?parent=1012"}],"curies":[{"name":"wp","href":"https:\/\/api.w.org\/{rel}","templated":true}]}}